{"id":14818,"date":"2020-01-28T16:02:17","date_gmt":"2020-01-28T21:02:17","guid":{"rendered":"https:\/\/cap.ca\/?page_id=14818"},"modified":"2020-02-17T00:55:30","modified_gmt":"2020-02-17T05:55:30","slug":"opportunites-de-commandites-kioskes-2020-3","status":"publish","type":"page","link":"https:\/\/cap.ca\/fr\/congres-de-lacp\/congres-anterieurs\/congres-2020-cancelled\/opportunites-de-commandites-kioskes-2020-3\/","title":{"rendered":"Opportunit\u00e9s de commandites \/ kioskes 2020"},"content":{"rendered":"<p>L\u2019Association canadienne des physiciens et physiciennes et l\u2019Universit\u00e9 McMaster vous invite \u00e0 \u00eatre un commanditaire de son congr\u00e8s annuel 2020 ou \u00e0 y \u00eatre un exposant. Les niveaux de commandite, les activit\u00e9s et les avantages sont indiqu\u00e9s ci-dessous. On peut trouver les renseignements concernant les exposants \u00e0 la derni\u00e8re page de ce document.<\/p>\n<p>Le Congr\u00e8s de l\u2019ACP attire de 500 \u00e0 800 physiciens, \u00e9tudiants et professeurs de physique de tout le Canada. Voil\u00e0 une excellente occasion de vous aboucher avec les leaders de la profession et de conna\u00eetre les nouveaut\u00e9s sur les plans de recherche et de pratiques.<\/p>\n<p>Tous les commanditaires et exposants seront reconnus sur le site Web du Congr\u00e8s de l\u2019ACP et par des affiches appropri\u00e9es au Congr\u00e8s. Les commanditaires seront aussi reconnus \u00e0 la conf\u00e9rence publique Herzberg du lundi soir et, pour ceux dont les cotisations seront re\u00e7ues au plus tard le 15 avril 2020, dans le programme imprim\u00e9 du Congr\u00e8s et la brochure des prix qui sera jointe \u00e0 la trousse d\u2019inscription. La liste de tous les commanditaires et exposants confirm\u00e9s avant le 15 mai 2020 sera inscrite sur le site web de l\u2019ACP.<\/p>\n<p><span style=\"font-size: 14pt;\"><a href=\"https:\/\/cap.ca\/wp-content\/uploads\/2020\/02\/2020-CAP-Congress-Sponsorship-Exhibit-Package-final-FRANCAIS.pdf\" target=\"_blank\" rel=\"noopener noreferrer\"><strong><em>Voyez les possibilit\u00e9s exaltantes de commandites et d\u2019exposition\u00a0et veuillez remplir le formulaire d\u2019inscription\u00a0ci-dessous.<\/em><\/strong><\/a><\/span><\/p>\n\n","protected":false},"excerpt":{"rendered":"<p>L\u2019Association canadienne des physiciens et physiciennes et l\u2019Universit\u00e9 McMaster vous invite \u00e0 \u00eatre un commanditaire de son congr\u00e8s annuel 2020 ou \u00e0 y \u00eatre un exposant. Les niveaux de commandite, les activit\u00e9s et les avantages sont indiqu\u00e9s ci-dessous. On peut trouver les renseignements concernant les exposants \u00e0 la derni\u00e8re page de ce document. Le Congr\u00e8s&#8230;  <a class=\"excerpt-read-more\" href=\"https:\/\/cap.ca\/fr\/congres-de-lacp\/congres-anterieurs\/congres-2020-cancelled\/opportunites-de-commandites-kioskes-2020-3\/\" title=\"LireOpportunit\u00e9s de commandites \/ kioskes 2020\">Lire la suite &raquo;<\/a><\/p>\n","protected":false},"author":12,"featured_media":0,"parent":13705,"menu_order":7,"comment_status":"closed","ping_status":"closed","template":"","meta":{"footnotes":""},"class_list":["post-14818","page","type-page","status-publish","hentry"],"_links":{"self":[{"href":"https:\/\/cap.ca\/fr\/wp-json\/wp\/v2\/pages\/14818","targetHints":{"allow":["GET"]}}],"collection":[{"href":"https:\/\/cap.ca\/fr\/wp-json\/wp\/v2\/pages"}],"about":[{"href":"https:\/\/cap.ca\/fr\/wp-json\/wp\/v2\/types\/page"}],"author":[{"embeddable":true,"href":"https:\/\/cap.ca\/fr\/wp-json\/wp\/v2\/users\/12"}],"replies":[{"embeddable":true,"href":"https:\/\/cap.ca\/fr\/wp-json\/wp\/v2\/comments?post=14818"}],"version-history":[{"count":6,"href":"https:\/\/cap.ca\/fr\/wp-json\/wp\/v2\/pages\/14818\/revisions"}],"predecessor-version":[{"id":14974,"href":"https:\/\/cap.ca\/fr\/wp-json\/wp\/v2\/pages\/14818\/revisions\/14974"}],"up":[{"embeddable":true,"href":"https:\/\/cap.ca\/fr\/wp-json\/wp\/v2\/pages\/13705"}],"wp:attachment":[{"href":"https:\/\/cap.ca\/fr\/wp-json\/wp\/v2\/media?parent=14818"}],"curies":[{"name":"wp","href":"https:\/\/api.w.org\/{rel}","templated":true}]}}