{"id":14777,"date":"2020-01-27T19:23:06","date_gmt":"2020-01-28T00:23:06","guid":{"rendered":"https:\/\/cap.ca\/?page_id=14777"},"modified":"2020-01-27T19:31:59","modified_gmt":"2020-01-28T00:31:59","slug":"competition-pour-la-meilleure-communication-etudiante-2020","status":"publish","type":"page","link":"https:\/\/cap.ca\/fr\/congres-de-lacp\/congres-anterieurs\/congres-2020-cancelled\/competition-pour-la-meilleure-communication-etudiante-2020\/","title":{"rendered":"Comp\u00e9tition pour la meilleure communication \u00e9tudiante 2020"},"content":{"rendered":"<p><strong>DATE D&#8217;\u00c9CH\u00c9ANCE POUR LA SOUMISSION DE R\u00c9SUM\u00c9S &#8211; 1 mars 2020, 11h59 HSP<\/strong><\/p>\n<p>Dans le cadre de son congr\u00e8s de 2020, l&#8217;ACP\u00a0organise les concours &#8216;<strong>Meilleure communication orale \u00e9tudiante au congr\u00e8s&#8217;\u00a0<\/strong>et &#8216;<strong>Meilleure affiche \u00e9tudiante au congr\u00e8s&#8217;<\/strong>. Elle d\u00e9cernera des prix en argent pour les trois meilleures communications orales et pour les trois meilleurs expos\u00e9s\u00a0d&#8217;affiche par un \u00e9tudiant. De plus, plusieurs\u00a0divisions de l&#8217;ACP et\u00a0 commanditaires organisent \u00e9galement des concours dans diverses cat\u00e9gories.<\/p>\n<p>Le but de ces concours est d&#8217;encourager les \u00e9tudiants dipl\u00f4m\u00e9s \u00e0 pr\u00e9senter leurs travaux de recherche \u00e0 la collectivit\u00e9 canadienne de la physique et \u00e0 interagir avec des chercheurs et des enseignants de partout au pays en d\u00e9but de carri\u00e8re. Les \u00e9tudiants doivent pr\u00e9senter leur communication et assumer la responsabilit\u00e9 premi\u00e8re de son contenu, du r\u00e9sum\u00e9 et, s&#8217;ils gagnent, du\u00a0<a href=\"https:\/\/cap.ca\/fr\/\">r\u00e9sum\u00e9 \u00e9tendu publi\u00e9 dans\u00a0<em>La Physique au Canada<\/em><\/a>. Les \u00e9tudiants du 1er cycle qui r\u00e9pondent \u00e0 ces crit\u00e8res sont admissibles \u00e0 la comp\u00e9tition.<\/p>\n<p><strong>Pour \u00eatre candidat \u00e0 ce concours, l&#8217;\u00e9tudiant(e) doit \u00eatre membre de l&#8217;ACP<\/strong>. L&#8217;adh\u00e9sion est gratuite pour les \u00e9tudiants de 1er cycle et durant une ann\u00e9e pour les \u00e9tudiants dipl\u00f4m\u00e9s. Les formulaires d&#8217;adh\u00e9sion et de renouvellement sont disponibles\u00a0<a href=\"https:\/\/cap.ca\/fr\/adhesion\/etudiant-diplome-membre\/\">en ligne\u00a0 ici<\/a>.\u00a0\u00a0<strong>Veuillez noter que le traitement des demandes d\u2019adh\u00e9sion peut prendre jusqu\u2019\u00e0 10 jours ouvrables. Donc, vous devriez soumettre votre demande d\u2019adh\u00e9sion au m\u00eame moment o\u00f9 vous soumettez votre r\u00e9sum\u00e9.<\/strong><\/p>\n<p><strong>Les \u00e9tudiants qui d\u00e9sirent participer \u00e0 l&#8217;un de ces concours doivent absolument s\u00e9lectionner l&#8217;option appropri\u00e9e pour la comp\u00e9tition orale ou d&#8217;affiche au\u00a0moment de la soumission du r\u00e9sum\u00e9 au Congr\u00e8s<\/strong>.\u00a0<strong>Veuillez noter que bien que les \u00e9tudiants puissent donner plus d&#8217;une pr\u00e9sentation (par ex. un oral et une affiche), ils ne peuvent s&#8217;inscrire qu&#8217;\u00e0 une seule comp\u00e9tition de l&#8217;ACP.\u00a0<\/strong><\/p>\n<p>Les liens dans le menu \u00e0 gauche procurent une description plus compl\u00e8te de chaque comp\u00e9tition.<\/p>\n<h3>Concours des divisions<\/h3>\n<p>Un(e) \u00e9tudiant(e) qui se pr\u00e9sente au concours de\u00a0l&#8217;ACP de la\u00a0meilleure communication ou de la meilleure affiche ou \u00e0 un concours commandit\u00e9 par un autre groupe sera automatiquement inscrit au concours de la division appropri\u00e9e, si celle-ci en a un et l&#8217;\u00e9tudiant(e) est membre de la division. Tout(e) \u00e9tudiant(e) qui ne veut pas n\u00e9cessairement \u00eatre en lice pour tous les prix auxquels il ou elle est admissible doit en faire part \u00e0 l&#8217;ACP par courriel \u00e0\u00a0<a href=\"mailto:programs@cap.ca\">programs@cap.ca<\/a>\u00a0. L&#8217;adh\u00e9sion aux divisions de l&#8217;ACP\u00a0est gratuite pour les \u00e9tudiants et peut \u00eatre activ\u00e9e lors de votre adh\u00e9sion ou renouvellement. Les membres en r\u00e8gle de\u00a0l&#8217;ACP\u00a0peuvent joindre une division particuli\u00e8re en faisant parvenir un courriel \u00e0 cet effet \u00e0\u00a0<a href=\"mailto:membership@cap.ca\">membership@cap.ca<\/a>.<\/p>\n<p>Les gagnants de concours oraux et d&#8217;affiches de divisions de\u00a0l&#8217;ACP ou de commanditaires externes seront affich\u00e9es\u00a0sur le site web de l&#8217;ACP et sur\u00a0le Babillard des Comp\u00e9titions \u00e9tudiantes pr\u00e8s du kiosque de l&#8217;ACP\u00a0au congr\u00e8s apr\u00e8s midi\u00a0du jeudi 11 juin.<\/p>\n<p>La liste des concours et des prix de divisions qui seront remis\u00a0au congr\u00e8s de 2020 de l&#8217;ACP se trouve\u00a0en\u00a0utilisant le lien\u00a0\u00e0 gauche.<\/p>\n","protected":false},"excerpt":{"rendered":"<p>DATE D&#8217;\u00c9CH\u00c9ANCE POUR LA SOUMISSION DE R\u00c9SUM\u00c9S &#8211; 1 mars 2020, 11h59 HSP Dans le cadre de son congr\u00e8s de 2020, l&#8217;ACP\u00a0organise les concours &#8216;Meilleure communication orale \u00e9tudiante au congr\u00e8s&#8217;\u00a0et &#8216;Meilleure affiche \u00e9tudiante au congr\u00e8s&#8217;. Elle d\u00e9cernera des prix en argent pour les trois meilleures communications orales et pour les trois meilleurs expos\u00e9s\u00a0d&#8217;affiche par un&#8230;  <a class=\"excerpt-read-more\" href=\"https:\/\/cap.ca\/fr\/congres-de-lacp\/congres-anterieurs\/congres-2020-cancelled\/competition-pour-la-meilleure-communication-etudiante-2020\/\" title=\"LireComp\u00e9tition pour la meilleure communication \u00e9tudiante 2020\">Lire la suite &raquo;<\/a><\/p>\n","protected":false},"author":7,"featured_media":0,"parent":13705,"menu_order":7,"comment_status":"closed","ping_status":"closed","template":"","meta":{"footnotes":""},"class_list":["post-14777","page","type-page","status-publish","hentry"],"_links":{"self":[{"href":"https:\/\/cap.ca\/fr\/wp-json\/wp\/v2\/pages\/14777","targetHints":{"allow":["GET"]}}],"collection":[{"href":"https:\/\/cap.ca\/fr\/wp-json\/wp\/v2\/pages"}],"about":[{"href":"https:\/\/cap.ca\/fr\/wp-json\/wp\/v2\/types\/page"}],"author":[{"embeddable":true,"href":"https:\/\/cap.ca\/fr\/wp-json\/wp\/v2\/users\/7"}],"replies":[{"embeddable":true,"href":"https:\/\/cap.ca\/fr\/wp-json\/wp\/v2\/comments?post=14777"}],"version-history":[{"count":1,"href":"https:\/\/cap.ca\/fr\/wp-json\/wp\/v2\/pages\/14777\/revisions"}],"predecessor-version":[{"id":14778,"href":"https:\/\/cap.ca\/fr\/wp-json\/wp\/v2\/pages\/14777\/revisions\/14778"}],"up":[{"embeddable":true,"href":"https:\/\/cap.ca\/fr\/wp-json\/wp\/v2\/pages\/13705"}],"wp:attachment":[{"href":"https:\/\/cap.ca\/fr\/wp-json\/wp\/v2\/media?parent=14777"}],"curies":[{"name":"wp","href":"https:\/\/api.w.org\/{rel}","templated":true}]}}