{"id":14764,"date":"2020-01-27T14:13:49","date_gmt":"2020-01-27T19:13:49","guid":{"rendered":"https:\/\/cap.ca\/?page_id=14764"},"modified":"2020-01-27T14:14:27","modified_gmt":"2020-01-27T19:14:27","slug":"soumission-de-resumes","status":"publish","type":"page","link":"https:\/\/cap.ca\/fr\/congres-de-lacp\/congres-anterieurs\/2020-congress\/soumission-de-resumes\/","title":{"rendered":"Soumission de r\u00e9sum\u00e9s"},"content":{"rendered":"<blockquote><p>L&#8217;ACP\u00a0utilise le site Indico\u00a0<a href=\"http:\/\/indico.cern.ch\/e\/CAP2020\" target=\"_blank\" rel=\"noopener noreferrer\">http:\/\/indico.cern.ch\/e\/CAP2020<\/a>\u00a0(chez CERN) pour la soumission de r\u00e9sum\u00e9s pour le congr\u00e8s de l&#8217;ACP 2020 et, plus tard, pour la pr\u00e9paration de l&#8217;horaire. \u00a0L&#8217;inscription au congr\u00e8s sera trait\u00e9e par le bureau de l&#8217;ACP.\u00a0 L&#8217;inscription sera ouvert le semaine du 6 au 10 avril\u00a0.<\/p>\n<h3><strong>Le syst\u00e8me de soumission de r\u00e9sum\u00e9s sera ouvert de 20h00 HSE le 27 janvier \u00e0 23h59 HSP le 1 mars, inclusivement.<\/strong><\/h3>\n<\/blockquote>\n<p>Important \u00e0 noter avant de soumettre un r\u00e9sum\u00e9<\/p>\n<ul class=\"content-list\">\n<li>Nous utilisons \u00e0 nouveau le syst\u00e8me de soumissions de r\u00e9sum\u00e9s Indico chez CERN qui n&#8217;est pas pas reli\u00e9 \u00e0 celui de l\u2019adh\u00e9sion et du renouvellement \u00e0 l\u2019ACP. Si vous n&#8217;avez pas d\u00e9j\u00e0 un compte Indico chez CERN, vous devez en cr\u00e9er un avant de pouvoir d\u00e9poser votre r\u00e9sum\u00e9.<\/li>\n<li>Pour cr\u00e9er un nouveau compte, compl\u00e9tez le formulaire sur cette page :\u00a0<strong><a href=\"https:\/\/account.cern.ch\/account\/Externals\/RegisterAccount.aspx\" target=\"_blank\" rel=\"noopener noreferrer\">https:\/\/account.cern.ch\/account\/Externals\/RegisterAccount.aspx<\/a><\/strong>\u00a0.<\/li>\n<\/ul>\n<p class=\"rteindent1\">Vous recevrez un courriel de v\u00e9rification. Cliquez sur le lien dans le courriel pour compl\u00e9ter le processus.<\/p>\n<ul class=\"content-list\">\n<li>Allez au site\u00a0<strong><a href=\"http:\/\/indico.cern.ch\/e\/CAP2020\" target=\"_blank\" rel=\"noopener noreferrer\">http:\/\/indico.cern.ch\/e\/CAP2020<\/a><\/strong>\u00a0et cliquez sur &#8220;S&#8217;identifier&#8221; dans le coin sup\u00e9rieur droit pour acc\u00e9der \u00e0 la page &#8220;CERN Single Sign-on&#8221;.<\/li>\n<\/ul>\n<p class=\"rteindent1\">Note: Sur la page &#8220;CERN Single Sign-on&#8221;, vous pouvez aussi choisir &#8220;Sign in with a public service account&#8221; afin de vous connecter via votre compte facebook, Google, Live etc. Toutefois, ceci ne saisit que votre adresse courriel. Il vous faudra saisir manuellement vos donn\u00e9es personnelles dans &#8220;Mon profil&#8221; apr\u00e8s la connexion.<\/p>\n<ul class=\"content-list\">\n<li>Avant de soumettre un r\u00e9sum\u00e9, consultez les instructions au lien &#8220;Call for Abstracts&#8221;, et v\u00e9rifiez les sujets pour\u00a0les r\u00e9sum\u00e9s sur la page &#8220;Scientific Programme&#8221;.<\/li>\n<li>Afin d\u2019\u00e9viter les d\u00e9lais dans le traitement de votre soumission, vous DEVEZ choisir un \u00ab presentation type \u00bb (directement sous la bo\u00eete \u00ab abstract content \u00bb) ainsi qu\u2019un \u00ab track classification \u00bb.<\/li>\n<\/ul>\n<p><strong>\u00c0 Noter:\u00a0\u00a0<\/strong>Un r\u00e9sum\u00e9 ne peut pas exc\u00e9der\u00a02400 caract\u00e8res incluant les espaces (~300 mots).\u00a0\u00a0Les pr\u00e9sentations orales contribu\u00e9es durent 15 minutes (12 + 3Q-A); les pr\u00e9sentations orales invit\u00e9es durent 30 minutes (25 + 5Q-A).<\/p>\n","protected":false},"excerpt":{"rendered":"<p>L&#8217;ACP\u00a0utilise le site Indico\u00a0http:\/\/indico.cern.ch\/e\/CAP2020\u00a0(chez CERN) pour la soumission de r\u00e9sum\u00e9s pour le congr\u00e8s de l&#8217;ACP 2020 et, plus tard, pour la pr\u00e9paration de l&#8217;horaire. \u00a0L&#8217;inscription au congr\u00e8s sera trait\u00e9e par le bureau de l&#8217;ACP.\u00a0 L&#8217;inscription sera ouvert le semaine du 6 au 10 avril\u00a0. Le syst\u00e8me de soumission de r\u00e9sum\u00e9s sera ouvert de 20h00 HSE&#8230;  <a class=\"excerpt-read-more\" href=\"https:\/\/cap.ca\/fr\/congres-de-lacp\/congres-anterieurs\/2020-congress\/soumission-de-resumes\/\" title=\"LireSoumission de r\u00e9sum\u00e9s\">Lire la suite &raquo;<\/a><\/p>\n","protected":false},"author":7,"featured_media":0,"parent":15386,"menu_order":7,"comment_status":"closed","ping_status":"closed","template":"","meta":{"footnotes":""},"class_list":["post-14764","page","type-page","status-publish","hentry"],"_links":{"self":[{"href":"https:\/\/cap.ca\/fr\/wp-json\/wp\/v2\/pages\/14764","targetHints":{"allow":["GET"]}}],"collection":[{"href":"https:\/\/cap.ca\/fr\/wp-json\/wp\/v2\/pages"}],"about":[{"href":"https:\/\/cap.ca\/fr\/wp-json\/wp\/v2\/types\/page"}],"author":[{"embeddable":true,"href":"https:\/\/cap.ca\/fr\/wp-json\/wp\/v2\/users\/7"}],"replies":[{"embeddable":true,"href":"https:\/\/cap.ca\/fr\/wp-json\/wp\/v2\/comments?post=14764"}],"version-history":[{"count":3,"href":"https:\/\/cap.ca\/fr\/wp-json\/wp\/v2\/pages\/14764\/revisions"}],"predecessor-version":[{"id":14769,"href":"https:\/\/cap.ca\/fr\/wp-json\/wp\/v2\/pages\/14764\/revisions\/14769"}],"up":[{"embeddable":true,"href":"https:\/\/cap.ca\/fr\/wp-json\/wp\/v2\/pages\/15386"}],"wp:attachment":[{"href":"https:\/\/cap.ca\/fr\/wp-json\/wp\/v2\/media?parent=14764"}],"curies":[{"name":"wp","href":"https:\/\/api.w.org\/{rel}","templated":true}]}}