{"id":14409,"date":"2019-11-21T10:01:52","date_gmt":"2019-11-21T15:01:52","guid":{"rendered":"https:\/\/cap.ca\/?page_id=14409"},"modified":"2025-07-29T12:38:44","modified_gmt":"2025-07-29T16:38:44","slug":"2020-tarifs-des-abonnements-informations","status":"publish","type":"page","link":"https:\/\/cap.ca\/fr\/publications\/physique-au-canada\/2020-tarifs-des-abonnements-informations\/","title":{"rendered":"Tarifs des abonnements \/ Informations"},"content":{"rendered":"<p><span style=\"font-weight: 400;\">Notre politique d&#8217;acc\u00e8s aux abonnements pour les non-membres est en cours de mise \u00e0 jour. Veuillez contacter picpac@cap.ca si vous \u00eates int\u00e9ress\u00e9 par un abonnement.<\/span><\/p>\n<p><span style=\"font-weight: 400;\">Les articles publi\u00e9s dans Physics in Canada sont accessibles aux non-membres environ six mois apr\u00e8s leur publication officielle sur <\/span><a href=\"https:\/\/pic-pac.cap.ca\/?lang=fr-ca\"><span style=\"font-weight: 400;\">le site web de PicPac<\/span><\/a><span style=\"font-weight: 400;\">.<\/span><\/p>\n<p>&nbsp;<\/p>\n","protected":false},"excerpt":{"rendered":"<p>Notre politique d&#8217;acc\u00e8s aux abonnements pour les non-membres est en cours de mise \u00e0 jour. Veuillez contacter picpac@cap.ca si vous \u00eates int\u00e9ress\u00e9 par un abonnement. Les articles publi\u00e9s dans Physics in Canada sont accessibles aux non-membres environ six mois apr\u00e8s leur publication officielle sur le site web de PicPac. &nbsp;<\/p>\n","protected":false},"author":5,"featured_media":0,"parent":3367,"menu_order":168,"comment_status":"closed","ping_status":"closed","template":"","meta":{"footnotes":""},"class_list":["post-14409","page","type-page","status-publish","hentry"],"_links":{"self":[{"href":"https:\/\/cap.ca\/fr\/wp-json\/wp\/v2\/pages\/14409","targetHints":{"allow":["GET"]}}],"collection":[{"href":"https:\/\/cap.ca\/fr\/wp-json\/wp\/v2\/pages"}],"about":[{"href":"https:\/\/cap.ca\/fr\/wp-json\/wp\/v2\/types\/page"}],"author":[{"embeddable":true,"href":"https:\/\/cap.ca\/fr\/wp-json\/wp\/v2\/users\/5"}],"replies":[{"embeddable":true,"href":"https:\/\/cap.ca\/fr\/wp-json\/wp\/v2\/comments?post=14409"}],"version-history":[{"count":4,"href":"https:\/\/cap.ca\/fr\/wp-json\/wp\/v2\/pages\/14409\/revisions"}],"predecessor-version":[{"id":27489,"href":"https:\/\/cap.ca\/fr\/wp-json\/wp\/v2\/pages\/14409\/revisions\/27489"}],"up":[{"embeddable":true,"href":"https:\/\/cap.ca\/fr\/wp-json\/wp\/v2\/pages\/3367"}],"wp:attachment":[{"href":"https:\/\/cap.ca\/fr\/wp-json\/wp\/v2\/media?parent=14409"}],"curies":[{"name":"wp","href":"https:\/\/api.w.org\/{rel}","templated":true}]}}