{"id":14353,"date":"2019-11-01T16:51:47","date_gmt":"2019-11-01T20:51:47","guid":{"rendered":"https:\/\/cap.ca\/?page_id=14353"},"modified":"2019-12-02T13:07:10","modified_gmt":"2019-12-02T18:07:10","slug":"tournee-de-conferenciers-2020-coordonnateurs","status":"publish","type":"page","link":"https:\/\/cap.ca\/fr\/tournee-de-conferenciers-2020\/tournee-de-conferenciers-2020-coordonnateurs\/","title":{"rendered":"Tourn\u00e9e de conf\u00e9renciers 2020 \u2013 Coordonnateurs R\u00e9gionaux"},"content":{"rendered":"<p>La Tourn\u00e9e de conf\u00e9renciers 2020 sera organis\u00e9e par r\u00e9gion. Les regions, coordonnateurs et les universit\u00e9s, membres de l\u2019ACP qui participent sont indiqu\u00e9s ci-dessous.<\/p>\n<div class=\"table-container\">\n<table width=\"669\">\n<tbody>\n<tr>\n<td width=\"317\">Coordonnateurs<\/td>\n<td width=\"352\">Universit\u00e9s<\/td>\n<\/tr>\n<tr>\n<td width=\"317\">Coordonnateurs National<br \/>\nRobert I. Thomson, University of Calgary<br \/>\nTel:\u00a0403-220-5407<br \/>\nCourriel: rthompso@ucalgary.ca<\/td>\n<td width=\"352\">Tout les d\u00e9partements membres de l\u2019ACP. (Les d\u00e9partements qui voudraient participer dans la tourn\u00e9e qui ne sont pas membres de l\u2019ACP devraient communiquer avec le bureau de l\u2019ACP pour faire adh\u00e9sion.)<\/td>\n<\/tr>\n<tr>\n<td width=\"317\">C. B. &amp; les Prairies de l\u2019ouest<br \/>\nSaurya Das, University of Lethbridge<br \/>\nTel: 403-329-2689<br \/>\nCourriel: saurya.das@uleth.ca<\/td>\n<td width=\"352\">U. Victoria, UBC, SFU, UNBC, U. Fraser Valley, Okanagan College, Trinity Western U., U. Alberta, U. Calgary,\u00a0U. Lethbridge, Thompson Rivers U., UBC Okanagan Campus, Kwantlen Polytechnic U.<\/td>\n<\/tr>\n<tr>\n<td width=\"317\">Prairies de l\u2019est &amp; Lakehead<br \/>\nGwen Grinyer, University of\u00a0Regina<br \/>\nTel: 306-337-2990<br \/>\nCourriel: gwen.grinyer@uregina.ca<\/td>\n<td width=\"352\">U. Saskatchewan, U. Regina, Brandon U.,<br \/>\nU. Winnipeg, U. Manitoba, Lakehead U.<\/td>\n<\/tr>\n<tr>\n<td width=\"317\">Sud Ouest de l\u2019Ontario<br \/>\nDan Xiao, University of Windsor<br \/>\nTel: 519-253-3000, ext. 2653<br \/>\nCourriel:\u00a0dan.xiao@uwindsor.ca<\/td>\n<td width=\"352\">U. Windsor, U. Western Ont., U. Waterloo, Wilfrid Laurier U., U. Guelph, McMaster U., Brock U.,<br \/>\nU. Toronto, Ryerson U., York U., U. Ont. Inst. Tech.,<br \/>\nU. Toronto Mississauga<\/td>\n<\/tr>\n<tr>\n<td width=\"317\">Est de Ontario\u00a0 \/ Qu\u00e9bec (anglais)<br \/>\nKevin Graham, Carleton University<br \/>\nTel: 613-520-2600, ext. 4373<br \/>\nCourriel: kevin_graham@carleton.ca<\/td>\n<td width=\"352\">Trent U., Queen\u2019s U., Royal Military College,<br \/>\nUniv. Ottawa, Carleton U., Univ. McGill, Univ. Concordia., Bishop\u2019s U. Laurentian U.<\/td>\n<\/tr>\n<tr>\n<td width=\"317\">Qu\u00e9bec (fran\u00e7ais)<br \/>\nNicolas Doiron-Leyraud, Univ. de Sherbrooke<br \/>\nTel: 819-821-8000, ext. 66485<br \/>\nCourriel: nicolas.doiron-leyraud@usherbrooke.ca<\/td>\n<td width=\"352\">Coll. Montmorency, C\u00e9gep Edouard-Montpetit, Univ. de Montr\u00e9al, Univ. de Sherbrooke, Univ. Qu\u00e9bec \u00e0 Trois-Rivi\u00e8res, Univ. Laval, C\u00e9gep Garneau, Coll. Ahuntsic, \u00c9cole Polytechnique Montr\u00e9al, Centre matap\u00e9dien d\u2019\u00e9tudes coll\u00e9giales<\/td>\n<\/tr>\n<tr>\n<td width=\"317\">Atlantic<br \/>\nTed Monchesky, \u00a0Dalhousie University<br \/>\nTel: 902-494-3582<br \/>\nCourriel: tmonches@dal.ca<\/td>\n<td width=\"352\">U. Moncton, UNB Fredericton, U. PEI, Mt. Allison U., Acadia U., Dalhousie U., St. Mary\u2019s U., St. Francis Xavier U., Memorial U.<\/td>\n<\/tr>\n<\/tbody>\n<\/table>\n<\/div>\n<div class=\"swp_social_panel swp_horizontal_panel swp_flat_fresh swp_default_full_color swp_individual_full_color swp_other_full_color scale-100 scale-\" data-min-width=\"992\" data-float-color=\"#ffffff\" data-float=\"left\" data-float-mobile=\"none\" data-transition=\"slide\"><\/div>\n","protected":false},"excerpt":{"rendered":"<p>La Tourn\u00e9e de conf\u00e9renciers 2020 sera organis\u00e9e par r\u00e9gion. Les regions, coordonnateurs et les universit\u00e9s, membres de l\u2019ACP qui participent sont indiqu\u00e9s ci-dessous. Coordonnateurs Universit\u00e9s Coordonnateurs National Robert I. Thomson, University of Calgary Tel:\u00a0403-220-5407 Courriel: rthompso@ucalgary.ca Tout les d\u00e9partements membres de l\u2019ACP. (Les d\u00e9partements qui voudraient participer dans la tourn\u00e9e qui ne sont pas membres&#8230;  <a class=\"excerpt-read-more\" href=\"https:\/\/cap.ca\/fr\/tournee-de-conferenciers-2020\/tournee-de-conferenciers-2020-coordonnateurs\/\" title=\"LireTourn\u00e9e de conf\u00e9renciers 2020 \u2013 Coordonnateurs R\u00e9gionaux\">Lire la suite &raquo;<\/a><\/p>\n","protected":false},"author":6,"featured_media":0,"parent":14344,"menu_order":7,"comment_status":"closed","ping_status":"closed","template":"","meta":{"footnotes":""},"class_list":["post-14353","page","type-page","status-publish","hentry"],"_links":{"self":[{"href":"https:\/\/cap.ca\/fr\/wp-json\/wp\/v2\/pages\/14353","targetHints":{"allow":["GET"]}}],"collection":[{"href":"https:\/\/cap.ca\/fr\/wp-json\/wp\/v2\/pages"}],"about":[{"href":"https:\/\/cap.ca\/fr\/wp-json\/wp\/v2\/types\/page"}],"author":[{"embeddable":true,"href":"https:\/\/cap.ca\/fr\/wp-json\/wp\/v2\/users\/6"}],"replies":[{"embeddable":true,"href":"https:\/\/cap.ca\/fr\/wp-json\/wp\/v2\/comments?post=14353"}],"version-history":[{"count":4,"href":"https:\/\/cap.ca\/fr\/wp-json\/wp\/v2\/pages\/14353\/revisions"}],"predecessor-version":[{"id":14448,"href":"https:\/\/cap.ca\/fr\/wp-json\/wp\/v2\/pages\/14353\/revisions\/14448"}],"up":[{"embeddable":true,"href":"https:\/\/cap.ca\/fr\/wp-json\/wp\/v2\/pages\/14344"}],"wp:attachment":[{"href":"https:\/\/cap.ca\/fr\/wp-json\/wp\/v2\/media?parent=14353"}],"curies":[{"name":"wp","href":"https:\/\/api.w.org\/{rel}","templated":true}]}}