{"id":14344,"date":"2019-11-01T16:41:25","date_gmt":"2019-11-01T20:41:25","guid":{"rendered":"https:\/\/cap.ca\/?page_id=14344"},"modified":"2020-11-19T10:32:44","modified_gmt":"2020-11-19T15:32:44","slug":"tournee-de-conferenciers-2020","status":"publish","type":"page","link":"https:\/\/cap.ca\/fr\/tournee-de-conferenciers-2020\/","title":{"rendered":"Tourn\u00e9e de conf\u00e9renciers 2020"},"content":{"rendered":"<p><span style=\"color: #ff0000;\"><strong><span style=\"font-size: 10pt;\">SUSPENSION DU TOURN\u00c9E DU CONF\u00c9RENCIERS DE L&#8217;ACP 2020 EN VIGUEUR SAMEDI 2020 14 MARS<\/span><\/strong><\/span><\/p>\n<p><span style=\"color: #ff0000;\"><strong> (voir mise \u00e0 jour <span style=\"text-decoration: underline;\"><a href=\"https:\/\/cap.ca\/fr\/activites\/tournee-de-lacp\/tournee-de-conferenciers-2020\/cedule-2020\/\" target=\"_blank\" rel=\"noopener noreferrer\">ici<\/a><\/span>)<\/strong><\/span><\/p>\n<blockquote><p>En suivant les conseils des autorit\u00e9s sanitaires nationales et r\u00e9gionales, en respectant la priorit\u00e9 \u00e9tablie par de nombreuses organisations ouvertes au public et en tenant compte de la sant\u00e9 et de la s\u00e9curit\u00e9 des \u00e9tudiants, du personnel, des professeurs et de nos conf\u00e9renciers, le conseil d&#8217;administration de l&#8217;ACP a d\u00e9cid\u00e9 de suspendre officiellement la balance du tourn\u00e9e de\u00a0conf\u00e9renciers pour l&#8217;ann\u00e9e universitaire en cours, effective apr\u00e8s toutes les conf\u00e9rences pr\u00e9vues pour vendredi, 13 mars.<\/p>\n<p>Cette mesure est prise en r\u00e9ponse directe aux incertitudes actuelles li\u00e9es au COVID-19 et \u00e0 la fermeture, hier, de l&#8217;Universit\u00e9 Laurentienne en r\u00e9ponse \u00e0 un cas confirm\u00e9 au sein de leur communaut\u00e9 et \u00e0 l&#8217;anticipation que cette mesure pourrait \u00e9ventuellement \u00eatre prise par d&#8217;autres universit\u00e9s \u00e0 travers le Canada dans les prochaines\u00a0journ\u00e9es. Encore une fois, la sant\u00e9 et la s\u00e9curit\u00e9 de nos conf\u00e9renciers et des \u00e9tudiants et professeurs qui assisteraient \u00e0 la conf\u00e9rence sont d&#8217;une importance capitale pour nous.<\/p>\n<p>Selon la fa\u00e7on dont la pand\u00e9mie se d\u00e9roulera, nous envisagerons d&#8217;organiser les conf\u00e9rences annul\u00e9es \u00e0 l&#8217;automne 2020.<\/p>\n<p>&nbsp;<\/p><\/blockquote>\n<p>La Tourn\u00e9e des conf\u00e9renciers 2020 de l\u2019ACP mettra en vedette d\u2019excellentes pr\u00e9sentations couvrant plusieurs champs de la physique contemporaine. Les conf\u00e9rences se tiendront du mois de janvier au mois d\u2019avril 2018 dans les d\u00e9partements de physique participants du Canada.<\/p>\n<article id=\"post-8458\" class=\"cf post-8458 page type-page status-publish hentry\">\n<section class=\"entry-content cf\">\n<h3>Organisation<\/h3>\n<p>En septembre, les d\u00e9partements de physique sont invit\u00e9s \u00e0 fournir le nom de conf\u00e9renciers au bureau de l\u2019ACP pour le d\u00e9but du mois d\u2019octobre. Puis, une liste de conf\u00e9renciers potentiels est dress\u00e9e. Une fois les conf\u00e9renciers choisis, l\u2019horaire est \u00e9tabli et affich\u00e9 sur le site web. Pour am\u00e9liorer la visibilit\u00e9 de l\u2019Association et inciter les \u00e9tudiantes et \u00e9tudiants \u00e0 y adh\u00e9rer, il est essentiel que tous les conf\u00e9renciers acceptent d\u2019\u00eatre les ambassadeurs de l\u2019Association. De plus, l\u2019ACP leur fournit une br\u00e8ve pr\u00e9sentation PowerPoint sur l\u2019Association et les commanditaires de la tourn\u00e9e qu\u2019ils devront montrer avant leur conf\u00e9rence. Les universit\u00e9s h\u00f4tes, qui doivent \u00eatres des d\u00e9partements membres de l\u00b4ACP pour participer \u00e0 la tourn\u00e9e, sont pri\u00e9es d\u2019annoncer les conf\u00e9rences comme une activit\u00e9 sp\u00e9ciale, financ\u00e9e conjointement par l\u2019Association canadienne des physiciens et physiciennes et par elles.<\/p>\n<p>Les plans et budgets de la tourn\u00e9e sont \u00e9tablis et g\u00e9r\u00e9s par <a href=\"https:\/\/cap.ca\/fr\/activites\/tournee-de-lacp\/tournee-de-conferenciers-2020\/tournee-de-conferenciers-2020-coordonnateurs\/\">les\u00a0coordonnateurs r\u00e9gionaux<\/a>. Les d\u00e9partements membres de l\u2019ACP qui souhaitent accueillir une conf\u00e9rence de l\u00b4ACP en 2019 sont donc pri\u00e9s de communiquer avec eux pour prendre les dispositions n\u00e9cessaires. Pour que les frais restent raisonnables, les conf\u00e9renciers visiteront id\u00e9alement deux ou trois \u00e9tablissements au cours d\u00b4un m\u00eame voyage. Par ailleurs, pour assurer la participation d\u00b4une gamme de sp\u00e9cialistes, l\u00b4ACP financera au maximum cinq conf\u00e9rences par conf\u00e9rencier.<\/p>\n<p>Les \u00e9ch\u00e9ances de la planification de la tourn\u00e9e de conf\u00e9rences 2020 sont les suivantes :<\/p>\n<h2>2019<\/h2>\n<ul class=\"content-list\">\n<li><strong>5 octobre<\/strong> :\u00a0Appel de candidatures pour les conf\u00e9renciers (veuillez fournir pr\u00e9nom, nom, affiliation, courriel, courte bio, titre et r\u00e9sum\u00e9 de la pr\u00e9sentation).<\/li>\n<li><strong>30 octobre<\/strong>\u00a0: \u00c9ch\u00e9ance des mises en candidature.<\/li>\n<li><strong>26 novembre\u00a0<\/strong>: La liste des conf\u00e9renciers et les r\u00e9sum\u00e9s sont disponibles sur le web. Invitation aux d\u00e9partements membres de l\u2019ACP \u00e0 consulter la liste et soumettre les pr\u00e9f\u00e9rences des \u00e9tudiants aux coordonnateurs r\u00e9gionaux.<\/li>\n<li><strong>6 d\u00e9cembre\u00a0<\/strong>: \u00c9ch\u00e9ance pour les d\u00e9partements membres pour soumettre aux\u00a0<a href=\"https:\/\/cap.ca\/fr\/activites\/tournee-de-lacp\/tournee-de-conferenciers-2020\/tournee-de-conferenciers-2020-coordonnateurs\/\" target=\"_blank\" rel=\"noopener noreferrer\">coordonnateurs r\u00e9gionaux<\/a>\u00a0leurs choix de conf\u00e9renciers ainsi que les dates et heures sugg\u00e9r\u00e9es.<\/li>\n<li><strong>12 d\u00e9cembre<\/strong>\u00a0: Les coordonnateurs r\u00e9gionaux soumettent les choix de conf\u00e9renciers et budgets pr\u00e9liminaires au bureau de l&#8217;ACP.<\/li>\n<li><strong>13 d\u00e9cembre<\/strong> : r\u00e9union des coordonnateurs r\u00e9gionaux, le coordonateur national, et le bureau de l&#8217;ACP\u00a0 pour finaliser la s\u00e9l\u00e9ction des conf\u00e9renciers pour chaque r\u00e9gion.<\/li>\n<li><strong>17 d\u00e9cembre\u00a0<\/strong>: Les coordonnateurs r\u00e9gionaux envoient une invitation \u00e0 chaque conf\u00e9rencier.<\/li>\n<\/ul>\n<h2>2020<\/h2>\n<ul class=\"content-list\">\n<li><strong>8 janvier\u00a0<\/strong>: \u00c9ch\u00e9ance pour les conf\u00e9renciers pour confirmer leur participation \u00e0 la Tourn\u00e9e.<\/li>\n<li><strong>22 janvier\u00a0<\/strong>:\u00a0\u00c9ch\u00e9ance pour les conf\u00e9renciers pour finaliser leurs horaires et les soumettre aux coodonateurs r\u00e9gionaux et au bureau de l&#8217;ACP.<\/li>\n<li><strong>03 f\u00e9vrier<\/strong>\u00a0: L\u2019horaire de la Tourn\u00e9e est affich\u00e9 sur le site web \u00e0 mesure qu\u2019il est finalis\u00e9.<\/li>\n<li><strong>03 f\u00e9vrier \u2013 mai 1\u00a0<\/strong>: La Tourn\u00e9e prend place dans les d\u00e9partements participants.<\/li>\n<li><strong>31 mai<\/strong>\u00a0: Date limite de pr\u00e9sentation des<a href=\"https:\/\/cap.ca\/wp-content\/uploads\/2017\/10\/INSTRUCTION-FOR-THE-CAP-LECTURE-TOUR-EXPENSE-CLAIMANTS.pdf\" target=\"_blank\" rel=\"noopener noreferrer\">\u00a0demandes de remboursement des d\u00e9penses\u00a0aupr\u00e8s du bureau de l\u00b4ACP<\/a>.<\/li>\n<\/ul>\n<\/section>\n<\/article>\n","protected":false},"excerpt":{"rendered":"<p>SUSPENSION DU TOURN\u00c9E DU CONF\u00c9RENCIERS DE L&#8217;ACP 2020 EN VIGUEUR SAMEDI 2020 14 MARS (voir mise \u00e0 jour ici) En suivant les conseils des autorit\u00e9s sanitaires nationales et r\u00e9gionales, en respectant la priorit\u00e9 \u00e9tablie par de nombreuses organisations ouvertes au public et en tenant compte de la sant\u00e9 et de la s\u00e9curit\u00e9 des \u00e9tudiants, du&#8230;  <a class=\"excerpt-read-more\" href=\"https:\/\/cap.ca\/fr\/tournee-de-conferenciers-2020\/\" title=\"LireTourn\u00e9e de conf\u00e9renciers 2020\">Lire la suite &raquo;<\/a><\/p>\n","protected":false},"author":6,"featured_media":0,"parent":0,"menu_order":97,"comment_status":"closed","ping_status":"closed","template":"","meta":{"footnotes":""},"class_list":["post-14344","page","type-page","status-publish","hentry"],"_links":{"self":[{"href":"https:\/\/cap.ca\/fr\/wp-json\/wp\/v2\/pages\/14344","targetHints":{"allow":["GET"]}}],"collection":[{"href":"https:\/\/cap.ca\/fr\/wp-json\/wp\/v2\/pages"}],"about":[{"href":"https:\/\/cap.ca\/fr\/wp-json\/wp\/v2\/types\/page"}],"author":[{"embeddable":true,"href":"https:\/\/cap.ca\/fr\/wp-json\/wp\/v2\/users\/6"}],"replies":[{"embeddable":true,"href":"https:\/\/cap.ca\/fr\/wp-json\/wp\/v2\/comments?post=14344"}],"version-history":[{"count":17,"href":"https:\/\/cap.ca\/fr\/wp-json\/wp\/v2\/pages\/14344\/revisions"}],"predecessor-version":[{"id":16153,"href":"https:\/\/cap.ca\/fr\/wp-json\/wp\/v2\/pages\/14344\/revisions\/16153"}],"wp:attachment":[{"href":"https:\/\/cap.ca\/fr\/wp-json\/wp\/v2\/media?parent=14344"}],"curies":[{"name":"wp","href":"https:\/\/api.w.org\/{rel}","templated":true}]}}