{"id":14311,"date":"2019-10-24T16:02:52","date_gmt":"2019-10-24T20:02:52","guid":{"rendered":"https:\/\/cap.ca\/?page_id=14311"},"modified":"2019-10-24T16:03:20","modified_gmt":"2019-10-24T20:03:20","slug":"resources-addressing-equity-diversity-inclusion","status":"publish","type":"page","link":"https:\/\/cap.ca\/fr\/propos-lacp\/comites\/comite-de-liaison-acp-crsng\/resources-addressing-equity-diversity-inclusion\/","title":{"rendered":"Ressources pour l&#8217;\u00e9quit\u00e9, la diversit\u00e9 et l&#8217;inclusion"},"content":{"rendered":"<p>Le comit\u00e9 de liaison CAP-CRSNG aimerait attirer votre attention sur certaines ressources disponsibles\u00a0\u00e0 titre d&#8217;orientation sur la question de l&#8217;\u00e9quit\u00e9, de la diversit\u00e9 et de l&#8217;inclusion dans votre programme de recgercge, vos pratiques et vos propositions de subvention.<\/p>\n<p>Guide du candidat pour le CRSNG:\u00a0<a href=\"http:\/\/www.nserc-crsng.gc.ca\/_doc\/EDI\/Guide_for_Applicants_FR.pdf\">http:\/\/www.nserccrsng.gc.ca\/_doc\/EDI\/Guide_for_Applicants_FR.pdf<\/a><\/p>\n<p>Manuel d&#8217;examen par les pairs du concours de subventions \u00e0 la d\u00e9couverte du CRSNG et grille d&#8217;indicateurs du m\u00e9rite\u00a0:\u00a0<a href=\"https:\/\/crm.cap.ca\/sites\/all\/modules\/civicrm\/extern\/url.php?u=368&amp;qid=61727\">PRM<\/a>,\u00a0<a href=\"https:\/\/crm.cap.ca\/sites\/all\/modules\/civicrm\/extern\/url.php?u=369&amp;qid=61727\">grid<\/a><\/p>\n<p>Guide FNFR:\u00a0<a href=\"http:\/\/www.sshrc-crsh.gc.ca\/funding-financement\/nfrf-fnfr\/edi-fra.aspx\">http:\/\/www.sshrc-crsh.gc.ca\/funding-financement\/nfrf-fnfr\/edi-fra.aspx<\/a><\/p>\n<p>Page Web et guide EDI des chaires de recherche du Canada:\u00a0<a href=\"http:\/\/www.chairs-chaires.gc.ca\/program-programme\/equity-equite\/best_practices-pratiques_examplaires-fra.aspx\">http:\/\/www.chairs-chaires.gc.ca\/program-programme\/equity-equite\/best_practices-pratiques_examplaires-fra.aspx<\/a><\/p>\n<p style=\"margin: 0cm; margin-bottom: .0001pt;\">\n","protected":false},"excerpt":{"rendered":"<p>Le comit\u00e9 de liaison CAP-CRSNG aimerait attirer votre attention sur certaines ressources disponsibles\u00a0\u00e0 titre d&#8217;orientation sur la question de l&#8217;\u00e9quit\u00e9, de la diversit\u00e9 et de l&#8217;inclusion dans votre programme de recgercge, vos pratiques et vos propositions de subvention. Guide du candidat pour le CRSNG:\u00a0http:\/\/www.nserccrsng.gc.ca\/_doc\/EDI\/Guide_for_Applicants_FR.pdf Manuel d&#8217;examen par les pairs du concours de subventions \u00e0 la&#8230;  <a class=\"excerpt-read-more\" href=\"https:\/\/cap.ca\/fr\/propos-lacp\/comites\/comite-de-liaison-acp-crsng\/resources-addressing-equity-diversity-inclusion\/\" title=\"LireRessources pour l&#8217;\u00e9quit\u00e9, la diversit\u00e9 et l&#8217;inclusion\">Lire la suite &raquo;<\/a><\/p>\n","protected":false},"author":12,"featured_media":0,"parent":3160,"menu_order":7,"comment_status":"closed","ping_status":"closed","template":"","meta":{"footnotes":""},"class_list":["post-14311","page","type-page","status-publish","hentry"],"_links":{"self":[{"href":"https:\/\/cap.ca\/fr\/wp-json\/wp\/v2\/pages\/14311","targetHints":{"allow":["GET"]}}],"collection":[{"href":"https:\/\/cap.ca\/fr\/wp-json\/wp\/v2\/pages"}],"about":[{"href":"https:\/\/cap.ca\/fr\/wp-json\/wp\/v2\/types\/page"}],"author":[{"embeddable":true,"href":"https:\/\/cap.ca\/fr\/wp-json\/wp\/v2\/users\/12"}],"replies":[{"embeddable":true,"href":"https:\/\/cap.ca\/fr\/wp-json\/wp\/v2\/comments?post=14311"}],"version-history":[{"count":4,"href":"https:\/\/cap.ca\/fr\/wp-json\/wp\/v2\/pages\/14311\/revisions"}],"predecessor-version":[{"id":14315,"href":"https:\/\/cap.ca\/fr\/wp-json\/wp\/v2\/pages\/14311\/revisions\/14315"}],"up":[{"embeddable":true,"href":"https:\/\/cap.ca\/fr\/wp-json\/wp\/v2\/pages\/3160"}],"wp:attachment":[{"href":"https:\/\/cap.ca\/fr\/wp-json\/wp\/v2\/media?parent=14311"}],"curies":[{"name":"wp","href":"https:\/\/api.w.org\/{rel}","templated":true}]}}