{"id":14073,"date":"2019-09-12T18:35:28","date_gmt":"2019-09-12T22:35:28","guid":{"rendered":"https:\/\/cap.ca\/?page_id=14073"},"modified":"2020-07-23T11:29:25","modified_gmt":"2020-07-23T15:29:25","slug":"don","status":"publish","type":"page","link":"https:\/\/cap.ca\/fr\/facp\/don\/","title":{"rendered":"Don \u00e0 la Fondation de l\u2019ACP &#8211; Allumer la flamme"},"content":{"rendered":"<p>Voulez-vous soutenir les efforts de la Fondation de l&#8217;ACP? Cliquez ici pour faire un\u00a0<strong><a href=\"#don\">DON MAINTENANT<\/a>.<\/strong><\/p>\n<blockquote><p>Un dipl\u00f4me en physique m\u00e8ne \u00e0 de nombreuses carri\u00e8res. Rencontrez des &#8220;physiciens cach\u00e9s&#8221;. Cliquez sur la photo pour regarder l&#8217;interview vid\u00e9o.<\/p>\n<a href=\"https:\/\/www.youtube.com\/watch?v=mBXIR56I504&amp;feature=youtu.be\" target=\"_blank\" rel=\"noopener noreferrer\"><img loading=\"lazy\" decoding=\"async\" class=\"alignleft wp-image-8699\" src=\"https:\/\/cap.ca\/wp-content\/uploads\/2017\/03\/hqdefault.jpg\" alt=\"\" width=\"191\" height=\"107\" \/><\/a>\n<a href=\"https:\/\/www.youtube.com\/watch?v=lWnfJ_RZKPY\" target=\"_blank\" rel=\"noopener noreferrer\"><img loading=\"lazy\" decoding=\"async\" class=\"alignleft wp-image-7607\" src=\"https:\/\/cap.ca\/wp-content\/uploads\/2017\/06\/1-Physics-video-thumbnail-for-web-150x114.jpg\" alt=\"\" width=\"150\" height=\"90\" \/><\/a>\n<a href=\"https:\/\/www.youtube.com\/watch?v=KXQL5D9KRcc&amp;t=4s\" target=\"_blank\" rel=\"noopener noreferrer\"><img loading=\"lazy\" decoding=\"async\" class=\"alignleft wp-image-8495\" src=\"https:\/\/cap.ca\/wp-content\/uploads\/2017\/06\/Picture2-300x213.png\" alt=\"\" width=\"150\" height=\"107\" srcset=\"https:\/\/cap.ca\/wp-content\/uploads\/2017\/06\/Picture2-300x213.png 300w, https:\/\/cap.ca\/wp-content\/uploads\/2017\/06\/Picture2-768x546.png 768w, https:\/\/cap.ca\/wp-content\/uploads\/2017\/06\/Picture2-1024x727.png 1024w, https:\/\/cap.ca\/wp-content\/uploads\/2017\/06\/Picture2.png 1340w\" sizes=\"auto, (max-width: 150px) 100vw, 150px\" \/><\/a>\n<a href=\"https:\/\/youtu.be\/P--rGVOglWU\" target=\"_blank\" rel=\"noopener noreferrer\"><img loading=\"lazy\" decoding=\"async\" class=\"alignnone wp-image-8649\" src=\"https:\/\/cap.ca\/wp-content\/uploads\/2017\/06\/Imagen1-300x191.png\" alt=\"\" width=\"168\" height=\"107\" srcset=\"https:\/\/cap.ca\/wp-content\/uploads\/2017\/06\/Imagen1-300x191.png 300w, https:\/\/cap.ca\/wp-content\/uploads\/2017\/06\/Imagen1-768x488.png 768w, https:\/\/cap.ca\/wp-content\/uploads\/2017\/06\/Imagen1.png 869w\" sizes=\"auto, (max-width: 168px) 100vw, 168px\" \/><\/a><\/blockquote>\n<p>&nbsp;<\/p>\n<p>La Fondation de l\u2019ACP (FACP) \u2013 anciennement le Fonds d\u2019\u00e9ducation en fid\u00e9icommis de l\u2019ACP (FEF) \u2013 administre un fonds qui soutient les nombreuses activit\u00e9s de l\u2019Association pour appuyer l\u2019enseignement de la physique et les initiatives des \u00e9tudiants de physique.<\/p>\n<p>Voulez-vous soutenir ces efforts? Cliquez ici pour faire un <a href=\"#don\"><strong>DON MAINTENANT<\/strong><\/a>.<\/p>\n<p><strong><img loading=\"lazy\" decoding=\"async\" class=\"alignleft wp-image-7610\" src=\"https:\/\/cap.ca\/wp-content\/uploads\/2017\/06\/2017CAP_Poster_Fr-203x300.jpg\" alt=\"\" width=\"160\" height=\"237\" \/><img loading=\"lazy\" decoding=\"async\" class=\"wp-image-14074 alignright\" src=\"https:\/\/cap.ca\/wp-content\/uploads\/2019\/09\/2017CAP_Poster-2_Fr-204x300.jpg\" alt=\"\" width=\"160\" height=\"235\" srcset=\"https:\/\/cap.ca\/wp-content\/uploads\/2019\/09\/2017CAP_Poster-2_Fr-204x300.jpg 204w, https:\/\/cap.ca\/wp-content\/uploads\/2019\/09\/2017CAP_Poster-2_Fr-768x1129.jpg 768w, https:\/\/cap.ca\/wp-content\/uploads\/2019\/09\/2017CAP_Poster-2_Fr-697x1024.jpg 697w\" sizes=\"auto, (max-width: 160px) 100vw, 160px\" \/>La Fondation soutient un large \u00e9ventail d\u2019activit\u00e9s pour encourager d\u2019excellents jeunes \u00e9tudiants de physique partout au pays, en particulier:<\/strong><\/p>\n<ul class=\"content-list\">\n<li><a href=\"https:\/\/cap.ca\/fr\/activites\/tournee-de-lacp\"><span style=\"color: red;\"><b>\u2022<\/b><\/span>\u00a0 la tourn\u00e9e des conf\u00e9renciers annuelle<\/a>, o\u00f9 des membres de l\u2019ACP conjointement appuy\u00e9s par l\u2019Association et le d\u00e9partement de l\u2019universit\u00e9 h\u00f4te prononcent des conf\u00e9rences sp\u00e9cialement d\u00e9di\u00e9es aux \u00e9tudiants de premier cycle des universit\u00e9s canadiennes, entre janvier et avril de chaque ann\u00e9e;<\/li>\n<\/ul>\n<p>&nbsp;<\/p>\n<ul class=\"content-list\">\n<li><a href=\"https:\/\/cap.ca\/fr\/activites\/medailles-bourses\/medailles-enseignement\/hscta-f\/\">Prix d\u00e9cern\u00e9s aux meilleurs professeurs de physique au secondaire dans cinq r\u00e9gions du pays<\/a>, y compris une opportunit\u00e9 d&#8217;exp\u00e9rience de recherche pour ces enseignants par le biais de partenariats avec des membres institutionnels de l\u2019ACP (CLS, SNOLAB, PI, et TRIUMF) et des commanditaires (APEGBC, IPP, PI, et TRIUMF);<\/li>\n<li><a href=\"https:\/\/cap.ca\/fr\/activites\/medailles-bourses\/prix-etudiants\/prix-secondaire-du-collrgial\/\">l\u2019examen de physique du secondaire ou coll\u00e9gial<\/a>, dans lequel environ 700 \u00e9l\u00e8ves de partout au Canada concourent chaque ann\u00e9e aux niveaux r\u00e9gional et pancanadien pour l\u2019obtention de prix en argent et de certificats;<\/li>\n<li><a href=\"https:\/\/cap.ca\/fr\/activites\/medailles-bourses\/prix-etudiants\/prix-lloyd-g-elliott-examen-universitaire\">l\u2019examen universitaire Lloyd G. Elliott<\/a>, dans lequel environ 100 \u00e9tudiants de partout au Canada concourent pour l\u2019obtention de prix en argent et de certificats;<\/li>\n<li><a href=\"https:\/\/cap.ca\/fr\/activites\/medailles-bourses\/prix-etudiants\/stoicheff-f\">la bourse comm\u00e9morative Boris P. Stoicheff<\/a>, une bourse conjointe FACP\/OSAF, d\u2019une valeur de 3000 $, sera d\u00e9cern\u00e9e \u00e0 un \u00e9tudiant de cycles sup\u00e9rieurs qui s\u2019est distingu\u00e9 \u00e0 la fois par sa recherche et par les services rendus \u00e0 la collectivit\u00e9 d\u2019optique\u00a0(par OSAF, les ann\u00e9es impaires) et de physique (par l&#8217;ACP, les ann\u00e9es paires).<\/li>\n<li><a href=\"https:\/\/cap.ca\/fr\/congres-de-lacp\/ccep\">la conf\u00e9rence canadienne des \u00e9tudiants de premier cycle en physique<\/a>, qui a lieu chaque automne dans une universit\u00e9 canadienne; la Fondation contribue aux d\u00e9penses des \u00e9tudiants qui participent \u00e0 la conf\u00e9rence;<\/li>\n<li><a href=\"https:\/\/cap.ca\/fr\/congres-de-lacp\/camf\">la conf\u00e9rence d\u2019\u00e9tudiants dipl\u00f4m\u00e9s de physique Canada-\u00c9tats-Unis-Mexique (CAM)<\/a>, \u00e0 tous les deux ans, alternativement au Mexique, aux &amp;\/eacute;tats-Unis et au Canada, de sorte que le Canada l\u2019accueille \u00e0 tous les six ans;<\/li>\n<li><a href=\"https:\/\/cap.ca\/fr\/facp\/expo-sciences-pancanadienne\/\" target=\"_blank\" rel=\"noopener noreferrer\">l\u2019expo-sciences pancanadienne<\/a>, auxquelles la Fondation donne des prix en argent et des certificats.<\/li>\n<\/ul>\n<p><span id=\"don\"><br \/>\n<script id=\"ch_cdn_embed\" type=\"text\/javascript\" data-page-id=\"40864\" data-cfasync=\"false\" data-formtype=\"0\" src=\"https:\/\/www.canadahelps.org\/services\/wa\/js\/apps\/donatenow\/embed.min.js\" data-language=\"fr\"><\/script><\/span><\/p>\n<p>&nbsp;<\/p>\n","protected":false},"excerpt":{"rendered":"<p>Voulez-vous soutenir les efforts de la Fondation de l&#8217;ACP? Cliquez ici pour faire un\u00a0DON MAINTENANT. Un dipl\u00f4me en physique m\u00e8ne \u00e0 de nombreuses carri\u00e8res. Rencontrez des &#8220;physiciens cach\u00e9s&#8221;. Cliquez sur la photo pour regarder l&#8217;interview vid\u00e9o. &nbsp; La Fondation de l\u2019ACP (FACP) \u2013 anciennement le Fonds d\u2019\u00e9ducation en fid\u00e9icommis de l\u2019ACP (FEF) \u2013 administre un&#8230;  <a class=\"excerpt-read-more\" href=\"https:\/\/cap.ca\/fr\/facp\/don\/\" title=\"LireDon \u00e0 la Fondation de l\u2019ACP &#8211; Allumer la flamme\">Lire la suite &raquo;<\/a><\/p>\n","protected":false},"author":8,"featured_media":0,"parent":3382,"menu_order":7,"comment_status":"closed","ping_status":"closed","template":"","meta":{"footnotes":""},"class_list":["post-14073","page","type-page","status-publish","hentry"],"_links":{"self":[{"href":"https:\/\/cap.ca\/fr\/wp-json\/wp\/v2\/pages\/14073","targetHints":{"allow":["GET"]}}],"collection":[{"href":"https:\/\/cap.ca\/fr\/wp-json\/wp\/v2\/pages"}],"about":[{"href":"https:\/\/cap.ca\/fr\/wp-json\/wp\/v2\/types\/page"}],"author":[{"embeddable":true,"href":"https:\/\/cap.ca\/fr\/wp-json\/wp\/v2\/users\/8"}],"replies":[{"embeddable":true,"href":"https:\/\/cap.ca\/fr\/wp-json\/wp\/v2\/comments?post=14073"}],"version-history":[{"count":12,"href":"https:\/\/cap.ca\/fr\/wp-json\/wp\/v2\/pages\/14073\/revisions"}],"predecessor-version":[{"id":15822,"href":"https:\/\/cap.ca\/fr\/wp-json\/wp\/v2\/pages\/14073\/revisions\/15822"}],"up":[{"embeddable":true,"href":"https:\/\/cap.ca\/fr\/wp-json\/wp\/v2\/pages\/3382"}],"wp:attachment":[{"href":"https:\/\/cap.ca\/fr\/wp-json\/wp\/v2\/media?parent=14073"}],"curies":[{"name":"wp","href":"https:\/\/api.w.org\/{rel}","templated":true}]}}