{"id":13986,"date":"2020-11-19T10:19:21","date_gmt":"2020-11-19T15:19:21","guid":{"rendered":"https:\/\/cap.ca\/?page_id=13986"},"modified":"2021-02-04T11:26:05","modified_gmt":"2021-02-04T16:26:05","slug":"tournee-de-conferenciers-2021","status":"publish","type":"page","link":"https:\/\/cap.ca\/fr\/tournee-de-conferenciers-2021\/","title":{"rendered":"Tourn\u00e9e virtuelle de conf\u00e9renciers 2021"},"content":{"rendered":"<header>\n<blockquote><p><a href=\"https:\/\/cap.ca\/fr\/activites\/tournee-de-lacp\/tournee-de-conferenciers-2021\/cedule-des-conferenciers-2021\/\"><strong>Cliquez ici pour consulter le c\u00e9dule des conf\u00e9rences et les liens vers les d\u00e9tails complets de chaque conf\u00e9rencier.<\/strong><\/a><\/p><\/blockquote>\n<p class=\"page-title\"><a href=\"https:\/\/cap.ca\/wp-content\/uploads\/2021\/02\/Summary-Poster-FRE-CAP2021-Lecture-Series.jpg\" target=\"_blank\" rel=\"https:\/\/cap.ca\/wp-content\/uploads\/2021\/02\/Summary-Poster-FRE-CAP2021-Lecture-Series.pdf noopener noreferrer\"><img loading=\"lazy\" decoding=\"async\" class=\"alignleft wp-image-17259 size-medium\" src=\"https:\/\/cap.ca\/wp-content\/uploads\/2021\/02\/Summary-Poster-FRE-CAP2021-Lecture-Series-232x300.jpg\" alt=\"\" width=\"232\" height=\"300\" srcset=\"https:\/\/cap.ca\/wp-content\/uploads\/2021\/02\/Summary-Poster-FRE-CAP2021-Lecture-Series-232x300.jpg 232w, https:\/\/cap.ca\/wp-content\/uploads\/2021\/02\/Summary-Poster-FRE-CAP2021-Lecture-Series-791x1024.jpg 791w, https:\/\/cap.ca\/wp-content\/uploads\/2021\/02\/Summary-Poster-FRE-CAP2021-Lecture-Series-768x994.jpg 768w, https:\/\/cap.ca\/wp-content\/uploads\/2021\/02\/Summary-Poster-FRE-CAP2021-Lecture-Series-1187x1536.jpg 1187w, https:\/\/cap.ca\/wp-content\/uploads\/2021\/02\/Summary-Poster-FRE-CAP2021-Lecture-Series-1583x2048.jpg 1583w, https:\/\/cap.ca\/wp-content\/uploads\/2021\/02\/Summary-Poster-FRE-CAP2021-Lecture-Series.jpg 1700w\" sizes=\"auto, (max-width: 232px) 100vw, 232px\" \/><\/a>La tourn\u00e9e des conf\u00e9renciers 2021 de l\u2019ACP est un \u00e9v\u00e9nement stimulant et prestigieux aupr\u00e8s des \u00e9tudiants de premier cycle des d\u00e9partements de physique partout au Canada.\u00a0 La tourn\u00e9e met en vedette\u00a0 d\u2019excellentes pr\u00e9sentations couvrant plusieurs champs de la physique contemporaine.<\/p>\n<header>Cette ann\u00e9e, les conf\u00e9rences de l&#8217;Association canadienne des physiciens et physiciennes (ACP) pour les \u00e9tudiants de premier cycle seront propos\u00e9es dans un format virtuel du 8 f\u00e9vrier au 20 mars (une conf\u00e9rence par semaine). Six physiciens de tout le pays ont \u00e9t\u00e9 choisis pour pr\u00e9senter leur conf\u00e9rence, suite \u00e0 un processus de s\u00e9lection bas\u00e9 sur les contributions des \u00e9tudiants de premier cycle des d\u00e9partements membres de l&#8217;ACP.<\/header>\n<header><\/header>\n<header>Les conf\u00e9rences seront diffus\u00e9es en direct sur la cha\u00eene YouTube de l&#8217;ACP (CAPhys) afin de garantir un acc\u00e8s facile \u00e0 tous. Elles seront pr\u00e9sent\u00e9es en anglais ou en fran\u00e7ais, avec des sous-titres dans l&#8217;autre langue.<\/p>\n<\/header>\n<header>Bien que les conf\u00e9rences soient destin\u00e9es aux \u00e9tudiants de premier cycle, les sessions sont ouvertes \u00e0 tous ceux qui souhaitent y assister. Les participants auront la possibilit\u00e9 de soumettre des questions, avant et pendant chaque expos\u00e9.<\/p>\n<p><span style=\"color: #be3a34; font-family: 'Open Sans', Georgia, Cambria, 'Times New Roman', Times, serif; font-size: 22px; font-weight: 600;\">Organisation<\/span><\/p>\n<\/header>\n<\/header>\n<section class=\"entry-content cf\">Chaque conf\u00e9rencier pr\u00e9sentera une fois aux \u00e9tudiants de premier cycle \u00e0 travers le pays dans un format virtuel. Le 18 novembre, 2020, les d\u00e9partements de physique ont \u00e9t\u00e9 inviter \u00e0 fournir le nom de conf\u00e9renciers au bureau de l\u2019ACP par le vendredi 11 d\u00e9cembre. Puis, une liste de conf\u00e9renciers potentiels est dress\u00e9e avec la contribution des \u00e9tudiants de premier cycle de tout le pays. Une fois les conf\u00e9renciers choisis, l\u2019horaire est \u00e9tabli et affich\u00e9 sur le site web.<\/p>\n<p>Pour am\u00e9liorer la visibilit\u00e9 de l\u2019Association et inciter les \u00e9tudiantes et \u00e9tudiants \u00e0 y adh\u00e9rer, il est essentiel que tous les conf\u00e9renciers acceptent d\u2019\u00eatre les ambassadeurs de l\u2019Association. De plus, l\u2019ACP leur fournit une br\u00e8ve pr\u00e9sentation PowerPoint sur l\u2019Association et les commanditaires de la tourn\u00e9e qu\u2019ils devront montrer avant leur conf\u00e9rence. Les membres d\u00e9partementaux et les institutions sont pri\u00e9s de promouvoir le cours aupr\u00e8s de leurs \u00e9tudiants.<\/p>\n<p>Les \u00e9ch\u00e9ances de la planification de la tourn\u00e9e de conf\u00e9rences 2021 sont les suivantes :<\/p>\n<h2>2020<\/h2>\n<ul class=\"content-list\">\n<li><strong>18 novembre :<\/strong> Appel de candidatures pour les conf\u00e9renciers (veuillez fournir pr\u00e9nom, nom, affiliation, courriel, courte bio, titre et r\u00e9sum\u00e9 de la pr\u00e9sentation sur la feuille Excel)<\/li>\n<li><strong>11 d\u00e9cembre<\/strong>\u00a0: \u00c9ch\u00e9ance des mises en candidature<\/li>\n<li><strong>18 d\u00e9cembre<\/strong>: La liste des conf\u00e9renciers et les r\u00e9sum\u00e9s sont disponibles sur le web. Invitation aux d\u00e9partements membres de l\u2019ACP \u00e0 consulter la liste et soumettre les 3 premiers choix des \u00e9tudiants \u00e0 la coordinatrice nationale.<\/li>\n<\/ul>\n<h2>2021<\/h2>\n<ul class=\"content-list\">\n<li><strong>21 janvier <\/strong>: \u00c9ch\u00e9ance pour les d\u00e9partements membres de soumettre les 3 premiers choix des \u00e9tudiants \u00e0 la coordinatrice nationale.<\/li>\n<li><strong>25 janvier <\/strong>: La coordonatrice nationale confirme les horaires des conf\u00e9renciers<\/li>\n<li><strong>29 janvier<\/strong>: \u00c9ch\u00e9ance pour les conf\u00e9renciers pour confirmer leur participation \u00e0 la Tourn\u00e9e<\/li>\n<li><strong>05 f\u00e9vrier <\/strong>: L\u2019horaire de la Tourn\u00e9e est affich\u00e9 sur le site web \u00e0 mesure qu\u2019il est finalis\u00e9.<\/li>\n<li><strong>f\u00e9vrier \u2013 avril<\/strong> : La Tourn\u00e9e prend place dans les d\u00e9partements participants<\/li>\n<\/ul>\n<p>&nbsp;<\/p>\n<\/section>\n","protected":false},"excerpt":{"rendered":"<p>Cliquez ici pour consulter le c\u00e9dule des conf\u00e9rences et les liens vers les d\u00e9tails complets de chaque conf\u00e9rencier. La tourn\u00e9e des conf\u00e9renciers 2021 de l\u2019ACP est un \u00e9v\u00e9nement stimulant et prestigieux aupr\u00e8s des \u00e9tudiants de premier cycle des d\u00e9partements de physique partout au Canada.\u00a0 La tourn\u00e9e met en vedette\u00a0 d\u2019excellentes pr\u00e9sentations couvrant plusieurs champs de&#8230;  <a class=\"excerpt-read-more\" href=\"https:\/\/cap.ca\/fr\/tournee-de-conferenciers-2021\/\" title=\"LireTourn\u00e9e virtuelle de conf\u00e9renciers 2021\">Lire la suite &raquo;<\/a><\/p>\n","protected":false},"author":12,"featured_media":0,"parent":0,"menu_order":71,"comment_status":"closed","ping_status":"closed","template":"","meta":{"footnotes":""},"class_list":["post-13986","page","type-page","status-publish","hentry"],"_links":{"self":[{"href":"https:\/\/cap.ca\/fr\/wp-json\/wp\/v2\/pages\/13986","targetHints":{"allow":["GET"]}}],"collection":[{"href":"https:\/\/cap.ca\/fr\/wp-json\/wp\/v2\/pages"}],"about":[{"href":"https:\/\/cap.ca\/fr\/wp-json\/wp\/v2\/types\/page"}],"author":[{"embeddable":true,"href":"https:\/\/cap.ca\/fr\/wp-json\/wp\/v2\/users\/12"}],"replies":[{"embeddable":true,"href":"https:\/\/cap.ca\/fr\/wp-json\/wp\/v2\/comments?post=13986"}],"version-history":[{"count":17,"href":"https:\/\/cap.ca\/fr\/wp-json\/wp\/v2\/pages\/13986\/revisions"}],"predecessor-version":[{"id":17192,"href":"https:\/\/cap.ca\/fr\/wp-json\/wp\/v2\/pages\/13986\/revisions\/17192"}],"wp:attachment":[{"href":"https:\/\/cap.ca\/fr\/wp-json\/wp\/v2\/media?parent=13986"}],"curies":[{"name":"wp","href":"https:\/\/api.w.org\/{rel}","templated":true}]}}