{"id":13976,"date":"2019-08-09T17:36:58","date_gmt":"2019-08-09T21:36:58","guid":{"rendered":"https:\/\/cap.ca\/facp\/donateurs\/donate\/"},"modified":"2021-10-20T15:14:27","modified_gmt":"2021-10-20T19:14:27","slug":"donate","status":"publish","type":"page","link":"https:\/\/cap.ca\/fr\/facp\/donateurs\/donate\/","title":{"rendered":"Don \u00e0 la Fondation de l\u2019ACP \u2013 Allumer la flamme"},"content":{"rendered":"<p><span style=\"font-size: 10pt;\"><strong>Merci de votre soutien !\u00a0 \u00a0Veuillez noter que les dons de la Fondation de l&#8217;ACP sont trait\u00e9s par le biais de notre compte avec CanaDon.\u00a0 Les re\u00e7us d&#8217;imp\u00f4t seront \u00e9mis directement par CanaDon.\u00a0\u00a0<\/strong><\/span><\/p>\n<p><script id=\"ch_cdn_embed\" type=\"text\/javascript\" data-page-id=\"40864\" data-cfasync=\"false\" data-formtype=\"0\" src=\"https:\/\/www.canadahelps.org\/services\/wa\/js\/apps\/donatenow\/embed.min.js\" data-language=\"fr\"><\/script><\/p>\n","protected":false},"excerpt":{"rendered":"<p>Merci de votre soutien !\u00a0 \u00a0Veuillez noter que les dons de la Fondation de l&#8217;ACP sont trait\u00e9s par le biais de notre compte avec CanaDon.\u00a0 Les re\u00e7us d&#8217;imp\u00f4t seront \u00e9mis directement par CanaDon.\u00a0\u00a0<\/p>\n","protected":false},"author":7,"featured_media":0,"parent":13964,"menu_order":7,"comment_status":"closed","ping_status":"closed","template":"","meta":{"footnotes":""},"class_list":["post-13976","page","type-page","status-publish","hentry"],"_links":{"self":[{"href":"https:\/\/cap.ca\/fr\/wp-json\/wp\/v2\/pages\/13976","targetHints":{"allow":["GET"]}}],"collection":[{"href":"https:\/\/cap.ca\/fr\/wp-json\/wp\/v2\/pages"}],"about":[{"href":"https:\/\/cap.ca\/fr\/wp-json\/wp\/v2\/types\/page"}],"author":[{"embeddable":true,"href":"https:\/\/cap.ca\/fr\/wp-json\/wp\/v2\/users\/7"}],"replies":[{"embeddable":true,"href":"https:\/\/cap.ca\/fr\/wp-json\/wp\/v2\/comments?post=13976"}],"version-history":[{"count":3,"href":"https:\/\/cap.ca\/fr\/wp-json\/wp\/v2\/pages\/13976\/revisions"}],"predecessor-version":[{"id":18902,"href":"https:\/\/cap.ca\/fr\/wp-json\/wp\/v2\/pages\/13976\/revisions\/18902"}],"up":[{"embeddable":true,"href":"https:\/\/cap.ca\/fr\/wp-json\/wp\/v2\/pages\/13964"}],"wp:attachment":[{"href":"https:\/\/cap.ca\/fr\/wp-json\/wp\/v2\/media?parent=13976"}],"curies":[{"name":"wp","href":"https:\/\/api.w.org\/{rel}","templated":true}]}}