{"id":13831,"date":"2019-07-09T10:50:32","date_gmt":"2019-07-09T14:50:32","guid":{"rendered":"https:\/\/cap.ca\/?page_id=13831\/"},"modified":"2019-07-09T10:52:55","modified_gmt":"2019-07-09T14:52:55","slug":"gagnants-du-prix-du-congres","status":"publish","type":"page","link":"https:\/\/cap.ca\/fr\/congres-de-lacp\/congres-anterieurs\/congres-lacp-2019\/gagnants-du-prix-du-congres\/","title":{"rendered":"Gagnants du prix du congr\u00e8s"},"content":{"rendered":"<div class=\"wpb-content-wrapper\"><p>[vc_row][vc_column][vc_empty_space][\/vc_column][\/vc_row][vc_row][vc_column][vc_column_text]<\/p>\n<h1><span style=\"font-size: 18pt;\"><strong><span style=\"color: #000080;\">Prix national pour \u00e9tudiants de premier cycle<\/span><\/strong><\/span><\/h1>\n<p>[\/vc_column_text][vc_column_text]<\/p>\n<h3><span style=\"font-size: 14pt; color: #000000;\"><strong>Concours universitaire Lloyd G. Elliott<\/strong><\/span><\/h3>\n<p><span style=\"font-size: 14pt;\"><span style=\"color: #993300;\"><strong>1er:<\/strong><\/span>\u00a0<span style=\"color: #000000;\">Jonathan Zhang, UBC<\/span><\/span><\/p>\n<p><span style=\"color: #993300; font-size: 14pt;\"><strong>2e:\u00a0<\/strong><span style=\"color: #000000;\">Matthew Gerry, UoT<\/span><\/span><\/p>\n<p><span style=\"color: #993300; font-size: 14pt;\"><strong>3e:\u00a0<\/strong><span style=\"color: #993300;\"><span style=\"color: #000000;\">J<\/span><\/span><span style=\"color: #993300;\"><span style=\"color: #000000;\">onathan Corbett, Queen&#8217;s<\/span><\/span><\/span>[\/vc_column_text][vc_column_text]<\/p>\n<h1><span style=\"font-size: 18pt;\"><strong><span style=\"color: #000080;\">Prix national pour \u00e9tudiants de\u00a0cycles sup\u00e9rieurs<\/span><\/strong><\/span><\/h1>\n<p>[\/vc_column_text][vc_column_text]<\/p>\n<h3><span style=\"font-size: 14pt; color: #000000;\"><strong>Prix de th\u00e8se doctorale division de la physique des particules<\/strong><\/span><\/h3>\n<p><span style=\"font-size: 14pt; color: #000000;\">Elder Pinzon Guerra, York University<\/span><\/p>\n<p>[\/vc_column_text][vc_column_text]<\/p>\n<h3><span style=\"font-size: 14pt; color: #000000;\"><strong>Prix de th\u00e8se P R Wallace<\/strong><\/span><\/h3>\n<p><span style=\"font-size: 14pt; color: #000000;\">Robie Hennigar, University of Waterloo<\/span><\/p>\n<p><span style=\"color: #000000; font-size: 14pt;\">Evan McDonough, McGill University<\/span><\/p>\n<p>[\/vc_column_text][vc_column_text]<\/p>\n<h1><span style=\"font-size: 18pt;\"><strong><span style=\"color: #000080;\">Prix national pour \u00e9tudiants de premier cycle<\/span><\/strong><\/span><\/h1>\n<p>[\/vc_column_text][vc_column_text]<\/p>\n<h3><span style=\"font-size: 14pt;\"><span style=\"color: #000000;\"><span style=\"font-size: 14pt; color: #000000;\">Physique appliqu\u00e9e et de l&#8217;instrumentation, <\/span><span style=\"color: #000000;\"><span style=\"font-size: 18.6667px;\">l\u2019enseignement<\/span><\/span><span style=\"font-size: 14pt; color: #000000;\">\u00a0de la physique, physique des plasmas, et physique th\u00e9orique<\/span><\/span><\/span><\/h3>\n<p><span style=\"color: #993300; font-size: 14pt;\"><strong>1er:\u00a0<\/strong><span style=\"color: #000000;\">Wrick Disgupta, TRIUMF<\/span><\/span><\/p>\n<p><span style=\"color: #993300; font-size: 14pt;\"><strong>2e:\u00a0<\/strong><span style=\"color: #000000;\">Oliver Shelbaya &amp; Spencer Kiy, TRIUMF<\/span><\/span>[\/vc_column_text][vc_column_text]<\/p>\n<h3><span style=\"font-size: 14pt;\"><strong><span style=\"color: #000000;\">Physique atomique, mol\u00e9culaire et photonique, Canada<\/span><\/strong><\/span><\/h3>\n<p><span style=\"color: #993300; font-size: 14pt;\"><strong>1er:\u00a0<\/strong><span style=\"color: #000000;\">Denis Uhland, UBC<\/span><\/span><\/p>\n<p><span style=\"color: #993300; font-size: 14pt;\"><strong>2e:\u00a0<\/strong><span style=\"color: #000000;\">Jordan Fordyce, UBC<\/span><\/span><\/p>\n<p><span style=\"font-size: 14pt;\"><strong><span style=\"color: #993300;\">3e:<\/span>\u00a0<\/strong><span style=\"color: #000000;\">Logan Cooke, University of Alberta<\/span><\/span>[\/vc_column_text][vc_column_text]<\/p>\n<h3><span style=\"font-size: 14pt;\"><strong><span style=\"color: #000000;\">Physique de la mati\u00e8re condens\u00e9e et mat\u00e9riaux<\/span><\/strong><\/span><\/h3>\n<p><span style=\"color: #993300; font-size: 14pt;\"><strong>1er:\u00a0<\/strong><span style=\"color: #000000;\">Avinash Kumar, Simon Fraser University<\/span><\/span>[\/vc_column_text][vc_column_text]<\/p>\n<h3><span style=\"font-size: 14pt;\"><strong><span style=\"color: #000000;\">Physique en m\u00e9decine et biologie<\/span><\/strong><\/span><\/h3>\n<p><span style=\"color: #993300; font-size: 14pt;\"><strong>1er:\u00a0<\/strong><span style=\"color: #000000;\">Jeremy Marvin, University of Windsor<\/span><\/span>[\/vc_column_text][vc_column_text]<\/p>\n<h3><span style=\"font-size: 14pt;\"><strong><span style=\"color: #000000;\">BSC\u00a0pour affiches \u00e9tudiantes<\/span><\/strong><\/span><\/h3>\n<p><span style=\"color: #993300; font-size: 14pt;\"><span style=\"color: #000000;\">Jeremy Marvin, University of Windsor<\/span><\/span><\/p>\n<p><span style=\"color: #993300; font-size: 14pt;\"><span style=\"color: #000000;\">Esther Lin, University of British Columbia<\/span><\/span>[\/vc_column_text][vc_column_text]<\/p>\n<h3><span style=\"font-size: 14pt;\"><strong><span style=\"color: #000000;\">Physique des particules<\/span><\/strong><\/span><\/h3>\n<p><span style=\"color: #993300; font-size: 14pt;\"><strong>1er:\u00a0<\/strong><span style=\"color: #000000;\">Sourav Sarkar, University of Alberta<\/span><\/span><\/p>\n<p><span style=\"color: #993300; font-size: 14pt;\"><strong>2e:\u00a0<\/strong><span style=\"color: #000000;\">Benjamin Jaeger, Simon Fraser University<\/span><\/span><\/p>\n<p><span style=\"font-size: 14pt;\"><strong><span style=\"color: #993300;\">3e:<\/span>\u00a0<\/strong><span style=\"color: #000000;\">Jonathan Corbett, Queen&#8217;s University<\/span><\/span>[\/vc_column_text][vc_column_text]<\/p>\n<h3><span style=\"font-size: 14pt;\"><strong><span style=\"color: #000000;\">Les femmes en physique<\/span><\/strong><\/span><\/h3>\n<p><span style=\"color: #993300; font-size: 14pt;\"><span style=\"color: #000000;\">Jordan Fordyce, UBC<\/span><\/span>[\/vc_column_text][vc_column_text]<\/p>\n<h1><span style=\"font-size: 18pt;\"><strong><span style=\"color: #000080;\">Prix\u00a0de l&#8217;ACP pour affiches \u00e9tudiantes<\/span><\/strong><\/span><\/h1>\n<p>[\/vc_column_text][vc_column_text]<span style=\"font-size: 14pt;\"><strong><span style=\"color: #993300;\">1er:<\/span>\u00a0<\/strong><span style=\"color: #000000;\">Sourav Sarkar, University of Alberta<\/span><\/span><\/p>\n<p><span style=\"color: #993300; font-size: 14pt;\"><strong>2e:\u00a0<\/strong><span style=\"color: #000000;\">Avinash Kumar, Simon Fraser University<\/span><\/span><\/p>\n<p><span style=\"font-size: 14pt;\"><strong><span style=\"color: #993300;\">3e:\u00a0<\/span><\/strong><span style=\"color: #993300;\"><span style=\"color: #000000;\">Jeremy Marvin, University of Windsor<\/span><\/span><\/span><\/p>\n<p><span style=\"font-size: 14pt;\"><strong><span style=\"color: #993300;\">Mention honorable:\u00a0<\/span><\/strong><span style=\"color: #993300;\"><span style=\"color: #000000;\">Wrick Dasgupta, TRIUMF\u00a0<\/span><\/span><\/span><\/p>\n<p><span style=\"font-size: 14pt; color: #993300;\"><strong>Mention honorable:\u00a0<\/strong><span style=\"color: #000000;\">Denis Uhland, University of B.C<\/span><\/span>[\/vc_column_text][vc_column_text]<\/p>\n<h1><span style=\"font-size: 18pt;\"><strong><span style=\"color: #000080;\">Prix national pour \u00e9tudiants de premier cycle<\/span><\/strong><\/span><\/h1>\n<p>[\/vc_column_text][vc_column_text]<\/p>\n<h3><span style=\"font-size: 14pt;\"><strong><span style=\"color: #000000;\">Physique appliqu\u00e9e et de l&#8217;instrumentation, physique des plasmas<\/span><\/strong><\/span><\/h3>\n<p><span style=\"color: #993300; font-size: 14pt;\"><strong>1er:\u00a0<\/strong><span style=\"color: #000000;\">Marie Vidal, Queen&#8217;s<\/span><\/span><\/p>\n<p><span style=\"color: #993300; font-size: 14pt;\"><strong>2e:\u00a0<\/strong><span style=\"color: #000000;\">Austin de St. Croix, TRIUMF &amp; UBC<\/span><\/span>[\/vc_column_text][vc_column_text]<\/p>\n<h3><span style=\"font-size: 14pt;\"><strong><span style=\"color: #000000;\">Physique atomique, mol\u00e9culaire et photonique, Canada<\/span><\/strong><\/span><\/h3>\n<p><span style=\"color: #993300; font-size: 14pt;\"><strong>1er:\u00a0<\/strong><span style=\"color: #000000;\">Alicia Sit, University of Ottawa<\/span><\/span><\/p>\n<p><span style=\"color: #993300; font-size: 14pt;\"><strong>2e:\u00a0<\/strong><span style=\"color: #000000;\">Erik Frieling, University of BC<\/span><\/span><\/p>\n<p><span style=\"font-size: 14pt;\"><strong><span style=\"color: #993300;\">3e:\u00a0<\/span><\/strong><span style=\"color: #993300;\"><span style=\"color: #000000;\">Sean Graham, Simon Fraser University<\/span><\/span><\/span>[\/vc_column_text][vc_column_text]<\/p>\n<h3><span style=\"font-size: 14pt;\"><strong><span style=\"color: #000000;\">Physique de la mati\u00e8re condens\u00e9e et mat\u00e9riaux<\/span><\/strong><\/span><\/h3>\n<p><span style=\"color: #993300; font-size: 14pt;\"><strong><span style=\"color: #993300;\">1er:\u00a0<\/span><\/strong><span style=\"color: #000000;\">Daniel Korchinski, University of BC<\/span><\/span><\/p>\n<p><span style=\"color: #993300; font-size: 14pt;\"><strong>2e:\u00a0<\/strong><span style=\"color: #000000;\">Adam DeAbreu, Simon Fraser University<\/span><\/span><\/p>\n<p><span style=\"font-size: 14pt;\"><strong><span style=\"color: #993300;\">3e:\u00a0<\/span><\/strong><span style=\"color: #993300;\"><span style=\"color: #000000;\">Cristina Cordoba, Simon Fraser University<\/span><\/span><\/span><\/p>\n<p><span style=\"color: #993300; font-size: 14pt;\"><strong>3e:\u00a0<\/strong><span style=\"color: #000000;\">Camille Chartrand, Simon Fraser University<\/span><\/span>[\/vc_column_text][vc_column_text]<\/p>\n<h3><span style=\"font-size: 14pt;\"><strong><span style=\"color: #000000;\">Physique en m\u00e9decine et biologie<\/span><\/strong><\/span><\/h3>\n<p><span style=\"color: #993300; font-size: 14pt;\"><strong><span style=\"color: #993300;\">1er:\u00a0<\/span><\/strong><span style=\"color: #000000;\">Alaa Al-Shaer, Simon Fraser University<\/span><\/span><\/p>\n<p><span style=\"color: #993300; font-size: 14pt;\"><strong>2e:\u00a0<\/strong><span style=\"color: #000000;\">Kyle Bromma, University of Victoria<\/span><\/span>[\/vc_column_text][vc_column_text]<\/p>\n<h3><span style=\"font-size: 14pt;\"><strong><span style=\"color: #000000;\">Physique nucl\u00e9aire<\/span><\/strong><\/span><\/h3>\n<p><span style=\"color: #993300; font-size: 14pt;\"><strong>1er:\u00a0<\/strong><span style=\"color: #000000;\">Andrew MacLean, University of Guelph<\/span><\/span><\/p>\n<p><span style=\"color: #993300; font-size: 14pt;\"><strong><span style=\"color: #993300;\">2e:\u00a0<\/span><\/strong><span style=\"color: #000000;\">Fatima Garcia, Simon Fraser University<\/span><\/span><\/p>\n<p><span style=\"font-size: 14pt;\"><strong><span style=\"color: #993300;\">3e:\u00a0<\/span><\/strong><span style=\"color: #993300;\"><span style=\"color: #000000;\">Melanie Gascoine, Simon Fraser University<\/span><\/span><\/span><\/p>\n<p><span style=\"font-size: 14pt;\"><span style=\"color: #993300;\"><strong>Mention honorable:\u00a0<\/strong><\/span><span style=\"color: #000000;\">Carlotta Porzio, TRIUMF &amp; Universit\u00e0 degli Studi di Milano<\/span><\/span><\/p>\n<p><span style=\"font-size: 14pt;\"><span style=\"color: #993300;\"><strong>Mention honorable:\u00a0<\/strong><\/span><span style=\"color: #000000;\">Michael Gennari, TRIUMF<\/span><\/span>[\/vc_column_text][vc_column_text]<\/p>\n<h3><span style=\"font-size: 14pt;\"><strong><span style=\"color: #000000;\">Physique des particules<\/span><\/strong><\/span><\/h3>\n<p><span style=\"color: #993300; font-size: 14pt;\"><strong>1er:\u00a0<\/strong><span style=\"color: #000000;\">Etienne Dreyer, Simon Fraser University<\/span><\/span><\/p>\n<p><span style=\"color: #993300; font-size: 14pt;\"><strong>2e:\u00a0<\/strong><span style=\"color: #000000;\">Daniel Durnford, University of Alberta<\/span><\/span><\/p>\n<p><span style=\"font-size: 14pt;\"><strong><span style=\"color: #993300;\">3e:\u00a0<\/span><\/strong><span style=\"color: #993300;\"><span style=\"color: #000000;\">Clarke Hardy, Queen&#8217;s University<\/span><\/span><\/span>[\/vc_column_text][vc_column_text]<\/p>\n<h3><span style=\"font-size: 14pt;\"><strong><span style=\"color: #000000;\">Physique th\u00e9orique<\/span><\/strong><\/span><\/h3>\n<p><span style=\"color: #993300; font-size: 14pt;\"><strong>1er:\u00a0<\/strong><span style=\"color: #000000;\">Lindsay Forestell, University of BC<\/span><\/span><\/p>\n<p><span style=\"color: #993300; font-size: 14pt;\"><strong>2e:\u00a0<\/strong><span style=\"color: #000000;\">Jack Davis, University of Waterloo<\/span><\/span>[\/vc_column_text][vc_column_text]<\/p>\n<h1><span style=\"font-size: 18pt;\"><strong><span style=\"color: #000080;\">Prix national pour \u00e9tudiants de premier cycle<\/span><\/strong><\/span><\/h1>\n<p>[\/vc_column_text][vc_column_text]<span style=\"font-size: 14pt;\"><strong><span style=\"color: #993300;\">1er:<\/span>\u00a0<\/strong><span style=\"color: #000000;\">Daniel Korchinski, University of BC<\/span><\/span><\/p>\n<p><span style=\"color: #993300; font-size: 14pt;\"><strong>2e:\u00a0<\/strong><span style=\"color: #000000;\">Lindsay Forestell, University of BC<\/span><\/span><\/p>\n<p><span style=\"font-size: 14pt;\"><strong><span style=\"color: #993300;\">3e:\u00a0<\/span><\/strong><span style=\"color: #993300;\"><span style=\"color: #000000;\">Alaa Al-Shaer, Simon Fraser University<\/span><\/span><\/span><\/p>\n<p><span style=\"font-size: 14pt;\"><strong><span style=\"color: #993300;\">Mention honorable: <\/span><\/strong><span style=\"color: #993300;\"><span style=\"color: #000000;\">Etienne Dreyer, Simon Fraser University<\/span><\/span><\/span><\/p>\n<p><span style=\"font-size: 14pt; color: #993300;\"><strong>Mention honorable:\u00a0<\/strong><span style=\"color: #000000;\">Marie Vidal, Queen&#8217;s University<\/span><\/span><\/p>\n<p><span style=\"font-size: 14pt; color: #993300;\"><strong>Mention honorable: <\/strong><span style=\"color: #000000;\">Alicia Sit, University of Ottawa<\/span><\/span><\/p>\n<p><span style=\"font-size: 14pt; color: #993300;\"><strong>Mention honorable:\u00a0<\/strong><\/span><span style=\"font-size: 14pt; color: #000000;\">Andrew MacLean, University of Guelph<\/span>[\/vc_column_text][\/vc_column][\/vc_row]<\/p>\n<\/div>","protected":false},"excerpt":{"rendered":"<p>[vc_row][vc_column][vc_empty_space][\/vc_column][\/vc_row][vc_row][vc_column][vc_column_text] Prix national pour \u00e9tudiants de premier cycle [\/vc_column_text][vc_column_text] Concours universitaire Lloyd G. Elliott 1er:\u00a0Jonathan Zhang, UBC 2e:\u00a0Matthew Gerry, UoT 3e:\u00a0Jonathan Corbett, Queen&#8217;s[\/vc_column_text][vc_column_text] Prix national pour \u00e9tudiants de\u00a0cycles sup\u00e9rieurs [\/vc_column_text][vc_column_text] Prix de th\u00e8se doctorale division de la physique des particules Elder Pinzon Guerra, York University [\/vc_column_text][vc_column_text] Prix de th\u00e8se P R Wallace Robie Hennigar, University&#8230;  <a class=\"excerpt-read-more\" href=\"https:\/\/cap.ca\/fr\/congres-de-lacp\/congres-anterieurs\/congres-lacp-2019\/gagnants-du-prix-du-congres\/\" title=\"LireGagnants du prix du congr\u00e8s\">Lire la suite &raquo;<\/a><\/p>\n","protected":false},"author":12,"featured_media":0,"parent":8943,"menu_order":7,"comment_status":"closed","ping_status":"closed","template":"","meta":{"footnotes":""},"class_list":["post-13831","page","type-page","status-publish","hentry"],"_links":{"self":[{"href":"https:\/\/cap.ca\/fr\/wp-json\/wp\/v2\/pages\/13831","targetHints":{"allow":["GET"]}}],"collection":[{"href":"https:\/\/cap.ca\/fr\/wp-json\/wp\/v2\/pages"}],"about":[{"href":"https:\/\/cap.ca\/fr\/wp-json\/wp\/v2\/types\/page"}],"author":[{"embeddable":true,"href":"https:\/\/cap.ca\/fr\/wp-json\/wp\/v2\/users\/12"}],"replies":[{"embeddable":true,"href":"https:\/\/cap.ca\/fr\/wp-json\/wp\/v2\/comments?post=13831"}],"version-history":[{"count":3,"href":"https:\/\/cap.ca\/fr\/wp-json\/wp\/v2\/pages\/13831\/revisions"}],"predecessor-version":[{"id":13833,"href":"https:\/\/cap.ca\/fr\/wp-json\/wp\/v2\/pages\/13831\/revisions\/13833"}],"up":[{"embeddable":true,"href":"https:\/\/cap.ca\/fr\/wp-json\/wp\/v2\/pages\/8943"}],"wp:attachment":[{"href":"https:\/\/cap.ca\/fr\/wp-json\/wp\/v2\/media?parent=13831"}],"curies":[{"name":"wp","href":"https:\/\/api.w.org\/{rel}","templated":true}]}}