{"id":13653,"date":"2019-06-21T13:12:05","date_gmt":"2019-06-21T17:12:05","guid":{"rendered":"https:\/\/cap.ca\/?page_id=13653\/"},"modified":"2025-05-08T21:52:05","modified_gmt":"2025-05-09T01:52:05","slug":"resultats-du-concours-universitaire-2019","status":"publish","type":"page","link":"https:\/\/cap.ca\/fr\/activites\/programme-de-distinctions\/university-physics-students\/prix-lloyd-g-elliott-examen-universitaire\/anciens-examens\/resultats-du-concours-universitaire-2019\/","title":{"rendered":"R\u00e9sultats du concours universitaire 2019"},"content":{"rendered":"<p>Le concours universitaire 2019 de l\u2019ACP a eu lieu le 5\u00a0f\u00e9vrier 2019.\u00a0 L\u2019examen a \u00e9t\u00e9 compl\u00e9t\u00e9 par 66 \u00e9tudiant(eique)s provenant de 15 universit\u00e9s et coll\u00e8ges.<\/p>\n<p><strong>Les 10 meilleurs r\u00e9sulats<\/strong><\/p>\n<p>Rang &#8211; Nom, Universit\u00e9<\/p>\n<p><strong>1re &#8211; Jonathan Zhang, University of British Columbia<\/strong><\/p>\n<p><strong>2e &#8211; Matthew Gerry, University of Toronto<\/strong><\/p>\n<p><strong>3e &#8211; Jonathan Corbett, Queen&#8217;s University<\/strong><\/p>\n<p>4e &#8211; Pedram Amani, University of British Columbia<\/p>\n<p>5e &#8211; Pierre-Antoine Bernard, Universit\u00e9 de Montr\u00e9al<\/p>\n<p>6e &#8211; Emilie Hertig, University of British Columbia<\/p>\n<p>7e &#8211; Jonathan Boretsky, McGill University<\/p>\n<p>7e &#8211; Twesh Upadhyaya, University of Toronto<\/p>\n<p>9e &#8211; Mathew Schneider, Simon Fraser University<\/p>\n<p>10e &#8211; Benjamin Lamoureux, University of Alberta<\/p>\n<p><strong>L\u2019\u00e9tudiant ayant obtenu la meilleure note par universit\u00e9<\/strong><\/p>\n<p>Universit\u00e9, Nom<\/p>\n<p>Dalhousie University, Jeremy Peters<\/p>\n<p>Laurentian University, Darrell Gow<\/p>\n<p>McGill University, Jonathan Boretsky<\/p>\n<p>Queen&#8217;s University, Jonathan Corbett<\/p>\n<p>Simon Fraser University, Mathew Schneider<\/p>\n<p>Thompson Rivers University, Jonathan Gilchist<\/p>\n<p>Universit\u00e9 de Montr\u00e9al, Pierre-Antoine Bernard<\/p>\n<p>University of Alberta, Benjamin Lamoureux<\/p>\n<p>University of British Columbia, Jonathan Zhang<\/p>\n<p>University of British Columbia Okanagan, Sean Colford<\/p>\n<p>University of Calgary, Paul Heringer<\/p>\n<p>University of Ontario Institute of Technology, Omar Nusrat<\/p>\n<p>University of Saskatchewan, Ren Yi<\/p>\n<p>Universit\u00e9 de Toronto, Matthew Gerry<\/p>\n<p>University of Waterloo, Cheng Zhu<\/p>\n","protected":false},"excerpt":{"rendered":"<p>Le concours universitaire 2019 de l\u2019ACP a eu lieu le 5\u00a0f\u00e9vrier 2019.\u00a0 L\u2019examen a \u00e9t\u00e9 compl\u00e9t\u00e9 par 66 \u00e9tudiant(eique)s provenant de 15 universit\u00e9s et coll\u00e8ges. Les 10 meilleurs r\u00e9sulats Rang &#8211; Nom, Universit\u00e9 1re &#8211; Jonathan Zhang, University of British Columbia 2e &#8211; Matthew Gerry, University of Toronto 3e &#8211; Jonathan Corbett, Queen&#8217;s University 4e&#8230;  <a class=\"excerpt-read-more\" href=\"https:\/\/cap.ca\/fr\/activites\/programme-de-distinctions\/university-physics-students\/prix-lloyd-g-elliott-examen-universitaire\/anciens-examens\/resultats-du-concours-universitaire-2019\/\" title=\"LireR\u00e9sultats du concours universitaire 2019\">Lire la suite &raquo;<\/a><\/p>\n","protected":false},"author":8,"featured_media":0,"parent":3345,"menu_order":92,"comment_status":"closed","ping_status":"closed","template":"","meta":{"footnotes":""},"class_list":["post-13653","page","type-page","status-publish","hentry"],"_links":{"self":[{"href":"https:\/\/cap.ca\/fr\/wp-json\/wp\/v2\/pages\/13653","targetHints":{"allow":["GET"]}}],"collection":[{"href":"https:\/\/cap.ca\/fr\/wp-json\/wp\/v2\/pages"}],"about":[{"href":"https:\/\/cap.ca\/fr\/wp-json\/wp\/v2\/types\/page"}],"author":[{"embeddable":true,"href":"https:\/\/cap.ca\/fr\/wp-json\/wp\/v2\/users\/8"}],"replies":[{"embeddable":true,"href":"https:\/\/cap.ca\/fr\/wp-json\/wp\/v2\/comments?post=13653"}],"version-history":[{"count":2,"href":"https:\/\/cap.ca\/fr\/wp-json\/wp\/v2\/pages\/13653\/revisions"}],"predecessor-version":[{"id":26941,"href":"https:\/\/cap.ca\/fr\/wp-json\/wp\/v2\/pages\/13653\/revisions\/26941"}],"up":[{"embeddable":true,"href":"https:\/\/cap.ca\/fr\/wp-json\/wp\/v2\/pages\/3345"}],"wp:attachment":[{"href":"https:\/\/cap.ca\/fr\/wp-json\/wp\/v2\/media?parent=13653"}],"curies":[{"name":"wp","href":"https:\/\/api.w.org\/{rel}","templated":true}]}}