{"id":13401,"date":"2019-05-31T15:05:25","date_gmt":"2019-05-31T19:05:25","guid":{"rendered":"https:\/\/cap.ca\/?page_id=13401\/"},"modified":"2019-06-05T11:54:08","modified_gmt":"2019-06-05T15:54:08","slug":"liste-de-nominations-2019-20","status":"publish","type":"page","link":"https:\/\/cap.ca\/fr\/congres-de-lacp\/congres-anterieurs\/congres-lacp-2019\/materiaux-pour-lassemblee-generale-annuelle-2019\/liste-de-nominations-2019-20\/","title":{"rendered":"\u00c9lection du 5 juin : conseil d\u2019administration de l\u2019ACP 2019-2020"},"content":{"rendered":"<p>&nbsp;<\/p>\n<p>Vous trouverez ci-apr\u00e8s la liste des candidatures re\u00e7ues au 15 mai 2019 pour le conseil d\u2019administration de l\u2019ACP 2019-2020, et l\u2019on y trouve des liens aux notices biographiques de chacun des candidats. Aucune autre candidature n\u2019a \u00e9t\u00e9 re\u00e7ue.<\/p>\n<h3><strong>Quand voter<\/strong><\/h3>\n<ul class=\"content-list\">\n<li>Les membres auront la chance\u00a0<strong>d\u2019inscrire leur vote<\/strong>\u00a0pour les membres du conseil \u00e0 l\u2019assembl\u00e9e g\u00e9n\u00e9rale annuelle (AGA) 2019 \u00e0 l\u2019Universit\u00e9 Simon-Fraser (US-F).<\/li>\n<li>L\u2019AGA se tiendra \u00e0 l\u2019auditorium Diamond Family, le mercredi 5 juin,\u00a0de 16 h 30 \u00e0 17 h 45 HAP.<\/li>\n<li><span style=\"color: #ff0000;\"><strong>Le syst\u00e8me de vote sera ouvert de 16 h 35 \u00e0 17 h 15\u00a0(heure de la Colombie-Britannique)<\/strong>.<\/span><\/li>\n<\/ul>\n<h3><strong>Comment voter<\/strong><\/h3>\n<ul class=\"content-list\">\n<li>Vous pourrez\u00a0<strong>acc\u00e9der au syst\u00e8me de vote<\/strong>en vous connectant \u00e0 Services aux membres et en cliquant sur le bouton \u00ab se connecter \u00bb au haut de cette page Web, puis en choisissant \u00ab\u00a0menu du syst\u00e8me de vote\u00a0\u00bb.<\/li>\n<\/ul>\n<h3><strong>Quorum n\u00e9cessaire \u00e0 l\u2019US-F<\/strong><\/h3>\n<ul class=\"content-list\">\n<li><strong>On invite tous les membres pr\u00e9sents au Congr\u00e8s 2019 \u00e0 assister \u00e0 l\u2019AGA\u00a0<\/strong>qui se tiendra \u00e0 l\u2019auditorium Diamond Family de 16 h 30 \u00e0 17 h 45 HAP.<\/li>\n<li><strong>Le quorum des membres pr\u00e9sents sera de 50 membres <\/strong>\u00e0 l\u2019assembl\u00e9e g\u00e9n\u00e9rale annuelle pour que l\u2019\u00e9lection puisse se tenir.<\/li>\n<\/ul>\n<h1>Conseil d&#8217;administration\u00a0(pour \u00e9lection \u00e0 l&#8217;assembl\u00e9e g\u00e9n\u00e9rale annuelle du 5 juin) &#8211; Cliquez sur leurs noms pour voir leur bio:<\/h1>\n<p><strong>Bruce Gaulin<\/strong>\u00a0passera de pr\u00e9sident \u00e0 pr\u00e9sident sortant.<\/p>\n<table style=\"height: 435px;\" width=\"809\">\n<tbody>\n<tr>\n<td style=\"width: 269px;\"><span style=\"text-decoration: underline;\"><strong>Position<\/strong><\/span><\/td>\n<td style=\"width: 291px;\"><span style=\"text-decoration: underline;\"><strong>Mandat<\/strong><\/span><\/td>\n<td style=\"width: 170px;\"><span style=\"text-decoration: underline;\"><strong>Nominee(s)<\/strong><\/span><\/td>\n<\/tr>\n<tr>\n<td style=\"width: 269px;\"><strong>President \/ pr\u00e9sident<\/strong><br \/>\nNominee was Vice-President in 2018-19<\/td>\n<td style=\"width: 291px;\">Progression de 4 ans \u00e0 travers la ligne pr\u00e9sidentielle<\/td>\n<td style=\"width: 170px;\"><strong><a href=\"https:\/\/cap.ca\/wp-content\/uploads\/2019\/05\/Bio_Shohini_Ghose_2019.pdf\">Shohini Ghose<\/a><\/strong><\/p>\n<p>Wilfrid Laurier University<\/td>\n<\/tr>\n<tr>\n<td style=\"width: 269px;\"><strong>Vice-President \/ vice-pr\u00e9sident<\/strong><br \/>\nNominee was Vice-President Elect in 2018-19<\/td>\n<td style=\"width: 291px;\">Progression de 4 ans \u00e0 travers la ligne pr\u00e9sidentielle<\/td>\n<td style=\"width: 170px;\"><strong><a href=\"https:\/\/cap.ca\/wp-content\/uploads\/2019\/05\/Bio_Robert_Thompson_2019-1.pdf\">Robert Thompson<\/a><\/strong><\/p>\n<p>University of Calgary<\/td>\n<\/tr>\n<tr>\n<td style=\"width: 269px;\"><strong>Vice-President Elect \/\u00a0vice-pr\u00e9sident \u00e9lu<\/strong><\/td>\n<td style=\"width: 291px;\">Progression de 4 ans \u00e0 travers la ligne pr\u00e9sidentielle<\/td>\n<td style=\"width: 170px;\"><strong><a href=\"https:\/\/cap.ca\/wp-content\/uploads\/2019\/05\/Bio-Manu-Paranjape-2019-Final.pdf\">Manu Paranjape<\/a><\/strong><\/p>\n<p>Universit\u00e9 de Montr\u00e9al<\/td>\n<\/tr>\n<tr>\n<td style=\"width: 269px;\"><strong>Secretary-Treasurer \/ secr\u00e9taire-tr\u00e9sorier<\/strong><\/td>\n<td style=\"width: 291px;\">Mandat de 2 ans<\/td>\n<td style=\"width: 170px;\"><strong><a href=\"https:\/\/cap.ca\/wp-content\/uploads\/2019\/05\/Bio-Christine-Kraus-2019-Final.pdf\">Christine Kraus<\/a><\/strong><\/p>\n<p>Laurentian University<\/td>\n<\/tr>\n<tr>\n<td style=\"width: 269px;\"><strong>Director, Communications<\/strong><\/td>\n<td style=\"width: 291px;\">Mandat de 3 ans<\/td>\n<td style=\"width: 170px;\"><strong><a href=\"https:\/\/cap.ca\/wp-content\/uploads\/2019\/05\/Bio-Samantha-Kuula-2019-Final.pdf\">Samantha Kuula<\/a><\/strong><\/p>\n<p>SNOLAB<\/td>\n<\/tr>\n<tr>\n<td style=\"width: 269px;\"><strong>Director, Student Affairs \/ affaires \u00e9tudiantes<\/strong><\/td>\n<td style=\"width: 291px;\">Mandat de 3 ans<\/td>\n<td style=\"width: 170px;\"><strong><a href=\"https:\/\/cap.ca\/wp-content\/uploads\/2019\/05\/Bio_Ben-Newling_2019.pdf\">Ben Newling<\/a><\/strong><\/p>\n<p>University of New Brunswick<\/td>\n<\/tr>\n<tr>\n<td style=\"width: 269px;\"><strong>Director, Member &amp; Affiliate Services \/ services aux membres<\/strong><\/td>\n<td style=\"width: 291px;\">Mandat de 3 ans<\/td>\n<td style=\"width: 170px;\"><strong><a href=\"https:\/\/cap.ca\/wp-content\/uploads\/2019\/05\/Bio-Laura-Dion-Bertrand-2019-Final.pdf\">Laura Isabelle Dion-Bertrand<\/a><\/strong><\/p>\n<p>Photons Inc.<\/td>\n<\/tr>\n<\/tbody>\n<\/table>\n","protected":false},"excerpt":{"rendered":"<p>&nbsp; Vous trouverez ci-apr\u00e8s la liste des candidatures re\u00e7ues au 15 mai 2019 pour le conseil d\u2019administration de l\u2019ACP 2019-2020, et l\u2019on y trouve des liens aux notices biographiques de chacun des candidats. Aucune autre candidature n\u2019a \u00e9t\u00e9 re\u00e7ue. Quand voter Les membres auront la chance\u00a0d\u2019inscrire leur vote\u00a0pour les membres du conseil \u00e0 l\u2019assembl\u00e9e g\u00e9n\u00e9rale&#8230;  <a class=\"excerpt-read-more\" href=\"https:\/\/cap.ca\/fr\/congres-de-lacp\/congres-anterieurs\/congres-lacp-2019\/materiaux-pour-lassemblee-generale-annuelle-2019\/liste-de-nominations-2019-20\/\" title=\"Lire\u00c9lection du 5 juin : conseil d\u2019administration de l\u2019ACP 2019-2020\">Lire la suite &raquo;<\/a><\/p>\n","protected":false},"author":8,"featured_media":0,"parent":13296,"menu_order":197,"comment_status":"closed","ping_status":"closed","template":"","meta":{"footnotes":""},"class_list":["post-13401","page","type-page","status-publish","hentry"],"_links":{"self":[{"href":"https:\/\/cap.ca\/fr\/wp-json\/wp\/v2\/pages\/13401","targetHints":{"allow":["GET"]}}],"collection":[{"href":"https:\/\/cap.ca\/fr\/wp-json\/wp\/v2\/pages"}],"about":[{"href":"https:\/\/cap.ca\/fr\/wp-json\/wp\/v2\/types\/page"}],"author":[{"embeddable":true,"href":"https:\/\/cap.ca\/fr\/wp-json\/wp\/v2\/users\/8"}],"replies":[{"embeddable":true,"href":"https:\/\/cap.ca\/fr\/wp-json\/wp\/v2\/comments?post=13401"}],"version-history":[{"count":6,"href":"https:\/\/cap.ca\/fr\/wp-json\/wp\/v2\/pages\/13401\/revisions"}],"predecessor-version":[{"id":13501,"href":"https:\/\/cap.ca\/fr\/wp-json\/wp\/v2\/pages\/13401\/revisions\/13501"}],"up":[{"embeddable":true,"href":"https:\/\/cap.ca\/fr\/wp-json\/wp\/v2\/pages\/13296"}],"wp:attachment":[{"href":"https:\/\/cap.ca\/fr\/wp-json\/wp\/v2\/media?parent=13401"}],"curies":[{"name":"wp","href":"https:\/\/api.w.org\/{rel}","templated":true}]}}