{"id":13296,"date":"2019-05-28T16:43:43","date_gmt":"2019-05-28T20:43:43","guid":{"rendered":"https:\/\/cap.ca\/?page_id=13296\/"},"modified":"2019-06-02T03:49:57","modified_gmt":"2019-06-02T07:49:57","slug":"materiaux-pour-lassemblee-generale-annuelle-2019","status":"publish","type":"page","link":"https:\/\/cap.ca\/fr\/congres-de-lacp\/congres-anterieurs\/congres-lacp-2019\/materiaux-pour-lassemblee-generale-annuelle-2019\/","title":{"rendered":"Mat\u00e9riaux pour l&#8217;assembl\u00e9e g\u00e9n\u00e9rale annuelle 2019"},"content":{"rendered":"<p><strong>CANADIAN ASSOCIATION OF PHYSICISTS<\/strong><\/p>\n<p><strong>ASSOCIATION CANADIENNE DES PHYSICIENS ET PHYSICIENNES<\/strong><\/p>\n<p><strong>\u00a0<\/strong><\/p>\n<p><strong>ANNUAL GENERAL MEETING<\/strong><\/p>\n<p><strong>ASSEMBL\u00c9E G\u00c9N\u00c9RALE ANNUELLE<\/strong><\/p>\n<p>DATE\u00a0:\u00a0\u00a0\u00a0\u00a0\u00a0\u00a0\u00a0\u00a0\u00a0\u00a0\u00a0\u00a0\u00a0\u00a0\u00a0\u00a0\u00a0\u00a0\u00a0\u00a0\u00a0\u00a0 Wednesday, June 5, 2019\u00a0 \/\u00a0 Le mercredi, 5 juin, 2019<br \/>\nTIME \/ HEURE\u00a0:\u00a0\u00a0\u00a0\u00a0\u00a0\u00a0\u00a0 16h30 \u2013 17h45<br \/>\nPLACE\u00a0:\u00a0\u00a0\u00a0\u00a0\u00a0\u00a0\u00a0\u00a0\u00a0\u00a0\u00a0\u00a0\u00a0\u00a0\u00a0\u00a0\u00a0\u00a0\u00a0\u00a0 Diamond Family Auditorium | Auditorium de la famille Diamond (Simon Fraser University)<\/p>\n<p><strong>DRAFT AGENDA \/ ORDRE DU JOUR PROVISOIRE<\/strong><\/p>\n<ol class=\"content-list\">\n<li>Call to Order, Establishment of Quorum, and Approval of the Agenda<\/li>\n<li><a href=\"https:\/\/cap.ca\/fr\/congres-de-lacp\/congres-lacp-2019\/materiaux-pour-lassemblee-generale-annuelle-2019\/liste-de-nominations-2019-20\/\" target=\"_blank\" rel=\"noopener noreferrer\">Report of the Nominating Committee<\/a> and brief explanation of Timing and Procedure for Election of Board of Directors<br \/>\n\u2013 16h35-17h15 voting window, accessed via member services login.<\/li>\n<li>Approval of\u00a0<a href=\"https:\/\/cap.ca\/wp-content\/uploads\/2019\/05\/CAP-Minutes-AGM-June-2018-for-approval.pdf\">Minutes of the June 13, 2018 Annual General Meeting<\/a><\/li>\n<li>Annual Report<br \/>\n.1\u00a0\u00a0\u00a0<a href=\"https:\/\/cap.ca\/wp-content\/uploads\/2019\/05\/CAP-2014-2018-Membership-Report.pdf\">Membership Report<\/a><br \/>\n.2\u00a0\u00a0\u00a0Reviewed Financial Statements to December 31, 2018<br \/>\n&#8211;\u00a0<a href=\"https:\/\/cap.ca\/wp-content\/uploads\/2019\/05\/2019-Ann-rpt-treasurer-re-2018-finances-FR-MH-FF.pdf\">Treasurers Report<\/a><br \/>\n&#8211;\u00a0<a href=\"https:\/\/cap.ca\/wp-content\/uploads\/2019\/06\/Canadian-Association-of-Physicists-2018-Financial-Statement.pdf\">Reviewed Financial statements<\/a><\/li>\n<li>Appointment of Auditors for audit of 2019 finances<\/li>\n<li>Report by the Co-Chairs of the 2019 Local Organizing Committee (B. Frisken)<\/li>\n<li>Host Universities \u2013 Future Congresses<br \/>\n.1 2020 Congress at McMaster University (M. Rheinstadter)<\/li>\n<li>New Business<br \/>\n.1\u00a0\u00a0 2020 Membership Fees\u00a0 (G. Drake)<br \/>\n.2\u00a0\u00a0\u00a0<a href=\"https:\/\/cap.ca\/wp-content\/uploads\/2019\/05\/8-2-CAP-2019-2024-STRATEGIC-PLAN-Draft-V11.pdf\">CAP 2019-2023 Strategic Plan<\/a>\u00a0(B. Gaulin)<br \/>\n.3\u00a0\u00a0\u00a0<a href=\"https:\/\/cap.ca\/wp-content\/uploads\/2019\/05\/8-3-FCAP-Nomination-Criteria-and-Process-draft-v6-May2019.pdf\">Proposal for Establishment of CAP Fellows Program<\/a>\u00a0(B. Gaulin)<br \/>\n.4\u00a0\u00a0 Report from the CAPF Board of Directors (M. Roney)<br \/>\n.5\u00a0\u00a0 CAM2019 at Laurentian U.\/SNOLAB\u00a0 (M. Lapointe or M. Steffler)<br \/>\n.6\u00a0\u00a0 CUPC 2019 at McGill University (T. Condon or B. Newling)<br \/>\n.7\u00a0\u00a0 Report by the Editor of\u00a0<em>Physics in Canada<\/em>\u00a0(B. Jo\u00f3s)<br \/>\n.8\u00a0\u00a0 Report of the Canadian National IUPAP Liaison Cttee (R. Kanungo)<br \/>\n.9\u00a0\u00a0 Other Matters<\/li>\n<li>Results of Board Election, Vote of Thanks and Change of Chair<\/li>\n<li>\u00a0Date and Place of Next Meeting<\/li>\n<li>\u00a0Adjournment<\/li>\n<\/ol>\n","protected":false},"excerpt":{"rendered":"<p>CANADIAN ASSOCIATION OF PHYSICISTS ASSOCIATION CANADIENNE DES PHYSICIENS ET PHYSICIENNES \u00a0 ANNUAL GENERAL MEETING ASSEMBL\u00c9E G\u00c9N\u00c9RALE ANNUELLE DATE\u00a0:\u00a0\u00a0\u00a0\u00a0\u00a0\u00a0\u00a0\u00a0\u00a0\u00a0\u00a0\u00a0\u00a0\u00a0\u00a0\u00a0\u00a0\u00a0\u00a0\u00a0\u00a0\u00a0 Wednesday, June 5, 2019\u00a0 \/\u00a0 Le mercredi, 5 juin, 2019 TIME \/ HEURE\u00a0:\u00a0\u00a0\u00a0\u00a0\u00a0\u00a0\u00a0 16h30 \u2013 17h45 PLACE\u00a0:\u00a0\u00a0\u00a0\u00a0\u00a0\u00a0\u00a0\u00a0\u00a0\u00a0\u00a0\u00a0\u00a0\u00a0\u00a0\u00a0\u00a0\u00a0\u00a0\u00a0 Diamond Family Auditorium | Auditorium de la famille Diamond (Simon Fraser University) DRAFT AGENDA \/ ORDRE DU JOUR PROVISOIRE Call&#8230;  <a class=\"excerpt-read-more\" href=\"https:\/\/cap.ca\/fr\/congres-de-lacp\/congres-anterieurs\/congres-lacp-2019\/materiaux-pour-lassemblee-generale-annuelle-2019\/\" title=\"LireMat\u00e9riaux pour l&#8217;assembl\u00e9e g\u00e9n\u00e9rale annuelle 2019\">Lire la suite &raquo;<\/a><\/p>\n","protected":false},"author":8,"featured_media":0,"parent":8943,"menu_order":231,"comment_status":"closed","ping_status":"closed","template":"","meta":{"footnotes":""},"class_list":["post-13296","page","type-page","status-publish","hentry"],"_links":{"self":[{"href":"https:\/\/cap.ca\/fr\/wp-json\/wp\/v2\/pages\/13296","targetHints":{"allow":["GET"]}}],"collection":[{"href":"https:\/\/cap.ca\/fr\/wp-json\/wp\/v2\/pages"}],"about":[{"href":"https:\/\/cap.ca\/fr\/wp-json\/wp\/v2\/types\/page"}],"author":[{"embeddable":true,"href":"https:\/\/cap.ca\/fr\/wp-json\/wp\/v2\/users\/8"}],"replies":[{"embeddable":true,"href":"https:\/\/cap.ca\/fr\/wp-json\/wp\/v2\/comments?post=13296"}],"version-history":[{"count":12,"href":"https:\/\/cap.ca\/fr\/wp-json\/wp\/v2\/pages\/13296\/revisions"}],"predecessor-version":[{"id":13425,"href":"https:\/\/cap.ca\/fr\/wp-json\/wp\/v2\/pages\/13296\/revisions\/13425"}],"up":[{"embeddable":true,"href":"https:\/\/cap.ca\/fr\/wp-json\/wp\/v2\/pages\/8943"}],"wp:attachment":[{"href":"https:\/\/cap.ca\/fr\/wp-json\/wp\/v2\/media?parent=13296"}],"curies":[{"name":"wp","href":"https:\/\/api.w.org\/{rel}","templated":true}]}}