{"id":13246,"date":"2019-05-24T18:56:02","date_gmt":"2019-05-24T22:56:02","guid":{"rendered":"https:\/\/cap.ca\/?page_id=13246\/"},"modified":"2019-05-24T22:15:51","modified_gmt":"2019-05-25T02:15:51","slug":"sinscrire-maintenant","status":"publish","type":"page","link":"https:\/\/cap.ca\/fr\/congres-de-lacp\/congres-anterieurs\/congres-lacp-2019\/sinscrire-maintenant\/","title":{"rendered":"S&#8217;inscrire maintenant &#8211; les frais augmentent le 28 mai"},"content":{"rendered":"<h3>B\u00c9N\u00c9FICIER DES TAUX R\u00c9DUITS R\u00c9SERV\u00c9S AUX MEMBRES<\/h3>\n<p><strong>Cliquez ici pour voir les <a href=\"https:\/\/cap.ca\/fr\/congres-de-lacp\/congres-lacp-2019\/inscrire\/frais-dinscription-2019\/\" target=\"_blank\" rel=\"noopener noreferrer\">Frais d\u2019inscription 2019<\/a><\/strong>.<br \/>\n<strong>Cliquez ici pour voir les <a href=\"https:\/\/cap.ca\/fr\/adhesion\/formulaires-en-ligne\/\" target=\"_blank\" rel=\"noopener noreferrer\">Cotisations et formulaires en ligne<\/a><\/strong>.<\/p>\n<ul class=\"content-list\">\n<li><span style=\"font-size: 12pt;\"><span style=\"text-decoration: underline;\">Votre adh\u00e9sion \u00e0 l\u2019ACP doit \u00eatre valide <\/span> au moment de vous inscrire au Congr\u00e8s pour <strong>b\u00e9n\u00e9ficier des taux r\u00e9duits r\u00e9serv\u00e9s aux membres\/affili\u00e9s de l\u2019ACP <\/strong> et pour participer dans la Comp\u00e9tition pour la meilleure communication \u00e9tudiante.<\/span><\/li>\n<\/ul>\n<div class=\"table-container\">\n<table class=\"aligncenter\" style=\"width: 606.883px;\" border=\"4\" cellspacing=\"1\" cellpadding=\"1\" align=\"center\">\n<tbody>\n<tr>\n<td style=\"width: 605.883px;\">\n<p class=\"rtecenter\">On continuera d\u2019accepter les r\u00e9sum\u00e9s d\u2019affiches soumis apr\u00e8s la date limite. Cliquer <span style=\"text-decoration: underline; font-size: 14pt;\"><strong><a href=\"https:\/\/cap.ca\/fr\/congres-de-lacp\/congres-lacp-2019\/soumission-de-resumes\/\" target=\"_blank\" rel=\"noopener noreferrer\">ici<\/a><\/strong><\/span> pour soumettre.<\/p>\n<\/td>\n<\/tr>\n<\/tbody>\n<\/table>\n<\/div>\n<hr \/>\n<p>&nbsp;<\/p>\n<h3>COMMENT S&#8217;INSCRIRE<\/h3>\n<p><span style=\"font-size: 14pt;\">Apr\u00e8s avoir pris connaissance de <span style=\"text-decoration: underline;\"><strong><a href=\"https:\/\/cap.ca\/fr\/congres-de-lacp\/congres-lacp-2019\/inscrire\/conseils-2019\/\" target=\"_blank\" rel=\"noopener noreferrer\">nos conseils pour vous incrire au Congr\u00e8s,<\/a><\/strong><\/span> choisissez le lien applicable en lisant attentivement les descriptions dans le tableau ci-dessous.<\/span><\/p>\n<table style=\"width: 730px;\" border=\"4\" cellspacing=\"10\" cellpadding=\"10\" align=\"center\">\n<tbody>\n<tr>\n<td style=\"width: 235.861px;\"><span style=\"font-size: 14pt;\"><strong>Membres de l&#8217;ACP<\/strong><\/span><\/td>\n<td style=\"width: 247.139px;\"><span style=\"font-size: 14pt;\"><strong>Non-membre d\u00e9j\u00e0 dans notre syst\u00e8me<\/strong><\/span><\/td>\n<td style=\"width: 243px;\"><span style=\"font-size: 14pt;\"><strong>Nouveau d\u00e9l\u00e9gu\u00e9, non-membre<br \/>\net exposants<br \/>\n<\/strong><\/span><\/td>\n<\/tr>\n<tr>\n<td style=\"width: 235.861px;\" valign=\"top\">Acc\u00e8der le syst\u00e8me en se connectant \u00e0 <span style=\"text-decoration: underline;\"><strong><a href=\"https:\/\/crm.cap.ca\/\">https:\/\/crm.cap.ca\/<\/a><\/strong><\/span>. Le lien d&#8217;inscription se trouve sous l&#8217;onglet<b class=\"b5\"> <\/b>&#8220;<strong><span style=\"color: #3366ff;\">Vos \u00e9v\u00e9nements<\/span><\/strong>&#8220;<\/td>\n<td style=\"width: 247.139px;\" valign=\"top\">Si vous avez d\u00e9j\u00e0 eu des interactions avec l&#8217;ACP (par exemple, inscrit \u00e0 un congr\u00e8s de l&#8217;ACP, pay\u00e9 une facture pour des services de l&#8217;ACP, etc.), votre profil existe encore dans notre syst\u00e8me. Afin d&#8217;eviter <b class=\"b3\">des<\/b><b class=\"b4\"> doubles profils,<\/b> on vous demande de vous connecter \u00e0 l&#8217;adresse <span style=\"text-decoration: underline;\"><strong><a href=\"https:\/\/crm.cap.ca\" target=\"_blank\" rel=\"noopener noreferrer\">https:\/\/crm.cap.ca<\/a><\/strong><\/span> . Cliquer le lien &#8220;<em>Mot de passe oubli\u00e9<\/em>&#8220;, si c&#8217;est necessaire. Pour assistance envoyer un courriel \u00e0 <strong><a href=\"mailto:membership@cap.ca\">membership@cap.ca<\/a><\/strong><\/td>\n<td style=\"width: 243px;\" valign=\"top\">Si vous n&#8217;avez jamais eu, ou vous ne souvenez pas d&#8217;avoir eu, d&#8217;interactions avec l&#8217;ACP dans le pass\u00e9, utilisez <strong><a href=\"https:\/\/crm.cap.ca\/fr\/civicrm\/event\/register?reset=1&amp;id=2\" target=\"_blank\" rel=\"noopener noreferrer\">ce lien pour vous inscrire au congr\u00e8s<\/a><\/strong>. Pour assistance, envoyer un courriel \u00e0 <strong><a href=\"mailto:membership@cap.ca\">membership@cap.ca<br \/>\n<\/a><\/strong><br \/>\nOUSi vous participez en tant que repr\u00e9sentant des exposants, utilisez <strong><a href=\"https:\/\/crm.cap.ca\/fr\/civicrm\/event\/register?reset=1&amp;id=2\" target=\"_blank\" rel=\"noopener noreferrer\">ce lien pour vous inscrire au congr\u00e8s<\/a><\/strong>.Pour assistance envoyer un courriel \u00e0 <strong><a href=\"mailto:membership@cap.ca\">membership@cap.ca<\/a><\/strong><\/td>\n<\/tr>\n<\/tbody>\n<\/table>\n<p>&nbsp;<\/p>\n<h3>Nous avons h\u00e2te de vous voir au Congr\u00e8s de l&#8217;ACP 2019 \u00e0 Burnaby, en Colombie-Britannique, du 2 au 7 juin.<\/h3>\n","protected":false},"excerpt":{"rendered":"<p>B\u00c9N\u00c9FICIER DES TAUX R\u00c9DUITS R\u00c9SERV\u00c9S AUX MEMBRES Cliquez ici pour voir les Frais d\u2019inscription 2019. Cliquez ici pour voir les Cotisations et formulaires en ligne. Votre adh\u00e9sion \u00e0 l\u2019ACP doit \u00eatre valide au moment de vous inscrire au Congr\u00e8s pour b\u00e9n\u00e9ficier des taux r\u00e9duits r\u00e9serv\u00e9s aux membres\/affili\u00e9s de l\u2019ACP et pour participer dans la Comp\u00e9tition&#8230;  <a class=\"excerpt-read-more\" href=\"https:\/\/cap.ca\/fr\/congres-de-lacp\/congres-anterieurs\/congres-lacp-2019\/sinscrire-maintenant\/\" title=\"LireS&#8217;inscrire maintenant &#8211; les frais augmentent le 28 mai\">Lire la suite &raquo;<\/a><\/p>\n","protected":false},"author":7,"featured_media":0,"parent":8943,"menu_order":110,"comment_status":"closed","ping_status":"closed","template":"","meta":{"footnotes":""},"class_list":["post-13246","page","type-page","status-publish","hentry"],"_links":{"self":[{"href":"https:\/\/cap.ca\/fr\/wp-json\/wp\/v2\/pages\/13246","targetHints":{"allow":["GET"]}}],"collection":[{"href":"https:\/\/cap.ca\/fr\/wp-json\/wp\/v2\/pages"}],"about":[{"href":"https:\/\/cap.ca\/fr\/wp-json\/wp\/v2\/types\/page"}],"author":[{"embeddable":true,"href":"https:\/\/cap.ca\/fr\/wp-json\/wp\/v2\/users\/7"}],"replies":[{"embeddable":true,"href":"https:\/\/cap.ca\/fr\/wp-json\/wp\/v2\/comments?post=13246"}],"version-history":[{"count":2,"href":"https:\/\/cap.ca\/fr\/wp-json\/wp\/v2\/pages\/13246\/revisions"}],"predecessor-version":[{"id":13252,"href":"https:\/\/cap.ca\/fr\/wp-json\/wp\/v2\/pages\/13246\/revisions\/13252"}],"up":[{"embeddable":true,"href":"https:\/\/cap.ca\/fr\/wp-json\/wp\/v2\/pages\/8943"}],"wp:attachment":[{"href":"https:\/\/cap.ca\/fr\/wp-json\/wp\/v2\/media?parent=13246"}],"curies":[{"name":"wp","href":"https:\/\/api.w.org\/{rel}","templated":true}]}}