{"id":12685,"date":"2019-04-10T22:01:33","date_gmt":"2019-04-11T02:01:33","guid":{"rendered":"https:\/\/cap.ca\/?page_id=12685\/"},"modified":"2019-05-24T19:02:08","modified_gmt":"2019-05-24T23:02:08","slug":"conseils-2019","status":"publish","type":"page","link":"https:\/\/cap.ca\/fr\/congres-de-lacp\/congres-anterieurs\/congres-lacp-2019\/sinscrire-maintenant\/conseils-2019\/","title":{"rendered":"Conseils pour l\u2019inscription au Congr\u00e8s de l\u2019ACP 2019"},"content":{"rendered":"<p><span style=\"font-size: 16pt; color: #ff0000;\">Faciliter le processus d\u2019inscription, profiter des rabais sur le tarif d\u2019inscription h\u00e2tive et,\u00a0 \u00e9viter les retards en prenant\u00a0 connaissance des conseils suivants\u00a0:<\/span><\/p>\n<ul class=\"content-list\">\n<li><em><a href=\"#Membership\"><strong>Adh\u00e9sion \u00e0 l\u2019ACP\/renouvellement<\/strong><\/a><\/em><\/li>\n<li><em><a href=\"#Discounts\"><strong>Rabais sur le tarif d\u2019inscription h\u00e2tive<\/strong><\/a><\/em><\/li>\n<li><em><strong><a href=\"#Paiements\">Paiements d&#8217;Inscription<\/a><\/strong><\/em><\/li>\n<li><em><strong><a href=\"#hebergement\">R\u00e9servez votre h\u00e9bergement AUJOURD&#8217;HUI<\/a><\/strong>\u00a0<\/em><\/li>\n<li><em><a href=\"#Abstract\"><strong>Confirmer l\u2019\u00e9tat de votre pr\u00e9sentation de r\u00e9sum\u00e9<\/strong><\/a><\/em><\/li>\n<li><em><a href=\"#Program\"><strong>Consulter le calendrier du programme<\/strong><\/a><\/em><\/li>\n<li><em><strong><a href=\"#colloques\">Journ\u00e9es de colloques<\/a>\u00a0(mardi, le 4 juin)<\/strong><\/em><\/li>\n<li><em><strong><a href=\"#Graduate\">\u00c9v\u00e9nements pour les \u00e9tudiants des cycles sup\u00e9rieurs et postdocs<\/a><\/strong><\/em><\/li>\n<li><em><a href=\"#Eduroam\"><strong>R\u00e9seau Wi-Fi Eduroam<\/strong><\/a><\/em><\/li>\n<li><em><strong><a href=\"#Souper\">Souper des m\u00e9daill\u00e9s<\/a><\/strong><\/em><\/li>\n<li><em><a href=\"#Lab\"><strong>Visites de laboratoires<\/strong><\/a><\/em><\/li>\n<\/ul>\n<hr \/>\n<h4><strong><a id=\"Membership\"><\/a><span style=\"text-decoration: underline;\">Adh\u00e9sion \u00e0 l\u2019ACP\/renouvellement<\/span><\/strong><\/h4>\n<p>Votre\u00a0<strong><a href=\"https:\/\/cap.ca\/fr\/adhesion\/\">adh\u00e9sion \u00e0 l\u2019ACP<\/a><\/strong>\u00a0doit \u00eatre valide au moment de vous\u00a0<strong><a href=\"https:\/\/cap.ca\/fr\/congres-de-lacp\/congres-lacp-2019\/frais-dinscription-2019\/\">inscrire au congr\u00e8s<\/a><\/strong>\u00a0de l\u2019ACP si vous voulez b\u00e9n\u00e9ficier du tarif des membres et affili\u00e9s de l\u2019ACP et prendre part au concours \u00ab Meilleure communication \u00e9tudiante \u00bb.<\/p>\n<p>Veuillez noter que la validation d&#8217;une demande d&#8217;adh\u00e9sion \u00e0 l&#8217;ACP peut prendre jusqu&#8217;\u00e0 deux jours ouvrables au total. Votre demande d\u2019adh\u00e9sion\/renouvellement doit donc \u00eatre re\u00e7ue au bureau de l\u2019ACP au plus tard le mercredi 1 mai\u00a0\u00e0 23h59, HNE, afin d\u2019\u00eatre trait\u00e9e \u00e0 temps pour vous permettre de b\u00e9n\u00e9ficier des tarifs d\u2019inscription h\u00e2tive accord\u00e9s aux membres.<\/p>\n<p>Les \u00e9tudiants affili\u00e9s du premier cycle paient un tarif d\u2019inscription sensiblement moindre.\u00a0 L\u2019adh\u00e9sion \u00e0 l\u2019ACP \u00e9tant gratuite pour les \u00e9tudiants du premier cycle, nous n&#8217;offrons pas un tarif d\u2019inscription pour ceux de ce cycle qui ne sont pas affili\u00e9s.\u00a0 Inscrivez-vous maintenant si vous pr\u00e9voyer y assister et que vous n&#8217;\u00eates pas d\u00e9j\u00e0 affili\u00e9!<\/p>\n<p><a href=\"#Haut\">haut de page<\/a><\/p>\n<hr \/>\n<h4><strong><a id=\"Discounts\"><\/a><span style=\"text-decoration: underline;\">Rabais sur le tarif d\u2019inscription h\u00e2tive<\/span><\/strong><\/h4>\n<p>Les membres et d\u00e9l\u00e9gu\u00e9s de l\u2019ACP peuvent \u00e9conomiser beaucoup en s\u2019inscrivant avant minuit, HNE, le 30 avril. Veuillez vous reporter \u00e0\u00a0<a href=\"#Membership\"><strong>adh\u00e9sion \u00e0 l\u2019ACP\/renouvellement<\/strong>\u00a0<\/a>o\u00f9 vous trouverez d\u2019importants renseignements sur les \u00e9ch\u00e9ances visant \u00e0 assurer que votre adh\u00e9sion \u00e0 l\u2019ACP est \u00e0 jour avant de vous inscrire au congr\u00e8s de l\u2019Association.<\/p>\n<p>Les enseignants au secondaire qui veulent prendre part \u00e0 d\u2019autres \u00e9v\u00e9nements du Congr\u00e8s que l\u2019atelier des enseignants au secondaire sont les bienvenus.\u00a0 Leur\u00a0<strong><a href=\"https:\/\/cap.ca\/fr\/congres-de-lacp\/congres-lacp-2019\/inscrire\/frais-dinscription-2019\/\">tarif d\u2019inscription<\/a><\/strong>\u00a0est le m\u00eame pour une journ\u00e9e que pour toute la conf\u00e9rence.<\/p>\n<p><a href=\"#Haut\">haut de page<\/a><\/p>\n<hr \/>\n<h4><strong><a id=\"Paiements\"><\/a><span style=\"text-decoration: underline;\">Paiements d&#8217;inscriptions<\/span><br \/>\n<\/strong><\/h4>\n<p><span class=\"marker\"><em>Les <u>cartes de cr\u00e9dit<\/u> constituent <b>l\u2019unique<\/b> mode de paiement accept\u00e9 pour toute inscription au congr\u00e8s.\u00a0 <\/em>Les d\u00e9l\u00e9gu\u00e9s dont les inscriptions vont \u00eatre pay\u00e9es par quelqu&#8217;un d&#8217;autre peuvent soumettre leur inscription en utilisant l&#8217;option &#8220;facture demand\u00e9e&#8221;. Ils recevront ensuite un lien du bureau de l&#8217;ACP pour le paiement de leurs frais d&#8217;inscription par carte de cr\u00e9dit.\u00a0NOTE:\u00a0 Vous devez r\u00e9gler le paiement dans les <u><strong>48 heures<\/strong><\/u> qui suivent la r\u00e9ception du lien; \u00e0 d\u00e9faut de quoi, les frais d\u2019inscriptions en vigueur au moment du paiement s\u2019appliqueront.\u00a0 Cela rev\u00eat une importance particuli\u00e8re pour les inscriptions soumis juste avant l\u2019augmentation pr\u00e9vue des tarifs. <\/span><\/p>\n<p><a href=\"#Haut\">haut de page<\/a><\/p>\n<hr \/>\n<h4><strong><a id=\"Hebergements\"><\/a><span style=\"text-decoration: underline;\">H\u00e9bergements\u00a0&#8211; R\u00e9servez y aujourd&#8217;hui !<\/span><br \/>\n<\/strong><\/h4>\n<p><span class=\"marker\"><strong><a href=\"https:\/\/cap.ca\/fr\/congres-de-lacp\/congres-lacp-2019\/accommodations\/\" target=\"_blank\" rel=\"noopener noreferrer\">Des tarifs sp\u00e9ciaux d&#8217;h\u00e9bergements pour les\u00a0d\u00e9l\u00e9gu\u00e9s du Congr\u00e8s de l&#8217;ACP<\/a><\/strong> \u00e0 divers <strong>endroits pr\u00e8s de l&#8217;Universit\u00e9 Simon Fraser<\/strong> seront disponibles jusqu&#8217;au 17 avril 2019.\u00a0 Les tarifs sp\u00e9ciaux et les blocs de chambres <strong>SUR LE CAMPUS<\/strong> seront disponibles jusqu&#8217;au 1er mai 2019.\u00a0 Apr\u00e8s ces dates, la disponibilit\u00e9 ne sera plus garantie et les clients seront soumis aux tarifs habituels de la haute saison.\u00a0Veuillez contacter directement les R\u00e9sidences SFU et les h\u00f4tels pour organiser vos r\u00e9servations. <\/span><\/p>\n<p><span class=\"marker\"><strong>Comme les chambres peuvent toujours \u00eatre lib\u00e9r\u00e9s si elles ne sont pas n\u00e9cessaires, nous vous recommend\u00e9s de r\u00e9server votre chambre d\u00e8s maintenant pour vous assurer de r\u00e9server une chambre \u00e0 un tarif raisonnable.<\/strong><\/span><\/p>\n<p><a href=\"#Haut\">haut de page<\/a><\/p>\n<hr \/>\n<h4><strong><a id=\"Abstract\"><\/a><span style=\"text-decoration: underline;\">Confirmer l\u2019\u00e9tat de votre pr\u00e9sentation de r\u00e9sum\u00e9<\/span><\/strong><\/h4>\n<p>Nous vous encourageons \u00e0 consulter le syst\u00e8me de pr\u00e9sentation de r\u00e9sum\u00e9s avant de vous inscrire pour savoir \u00e0 quelle s\u00e9ance orale ou d\u2019affiches il est pr\u00e9vu que vous vous pr\u00e9sentiez.<\/p>\n<p>Veuillez vous connecter au site du Congr\u00e8s de l\u2019ACP \u00e0\u00a0<a href=\"http:\/\/indico.cern.ch\/e\/CAP2019\"><strong>http:\/\/indico.cern.ch\/e\/CAP2019<\/strong><\/a>\u00a0et chercher le lien vers \u00ab Mes contributions\u00a0\u00bb dans le menu \u00ab Ma conf\u00e9rence\u00a0\u00bb, sur la gauche.<\/p>\n<p><a href=\"#Haut\">haut de page<\/a><\/p>\n<hr \/>\n<h4><strong><a id=\"Program\"><\/a><span style=\"text-decoration: underline;\">Consulter le calendrier du programme<\/span><\/strong><\/h4>\n<p>Le comit\u00e9 du programme a examin\u00e9 et attribu\u00e9 tous les r\u00e9sum\u00e9s re\u00e7us au plus tard le 30 mars.\u00a0 Veuillez consulter le calendrier \u00e0\u00a0<strong><a href=\"http:\/\/indico.cern.ch\/e\/CAP2019\"><em>http:\/\/indico.cern.ch\/e\/CAP2019<\/em><\/a><\/strong>\u00a0pour plus de d\u00e9tails.<\/p>\n<p>Pour un bref coup d\u2019\u0153il, voir\u00a0<a href=\"https:\/\/cap.ca\/fr\/congres-de-lacp\/congres-lacp-2019\/2019-congress-glance\/\"><strong>Aper\u00e7u du Congr\u00e8s<\/strong><\/a>. \u00a0Veuillez consulter le calendrier avant de vous inscrire pour avoir une id\u00e9e de la mani\u00e8re dont vous aimeriez planifier votre semaine afin d\u2019acc\u00e9l\u00e9rer le processus d\u2019inscription.<\/p>\n<p><a href=\"#Haut\">haut de page<\/a><\/p>\n<hr \/>\n<h4 class=\"page-title\"><a id=\"SMC2018\"><\/a><span style=\"text-decoration: underline;\">Journ\u00e9es de colloques<\/span><\/h4>\n<p>Pour assister \u00e0 un des colloques\u00a0le 4 juin, on peut s\u2019inscrire au moyen du syst\u00e8me d\u2019inscription au congr\u00e8s de l\u2019ACP.\u00a0 Le tarif d\u2019inscription \u00e0 cette s\u00e9ance d\u2019une journ\u00e9e est de 150 $ pour les \u00e9tudiants et de 175 $ pour les d\u00e9l\u00e9gu\u00e9s qui veulent assister seulement le mardi.\u00a0 L\u2019inscription \u00e0 l\u2019ensemble du congr\u00e8s de l\u2019ACP permet de s\u2019inscrire \u00e0 une journ\u00e9e de colloques au moment d\u2019inscription.<\/p>\n<p><a href=\"#Haut\">haut de page<\/a><\/p>\n<hr \/>\n<h4><strong><a id=\"Graduate\"><\/a><span style=\"text-decoration: underline;\">\u00c9v\u00e9nements pour les \u00e9tudiants des cycles sup\u00e9rieurs et des postdocs<\/span><\/strong><\/h4>\n<p>&#8211;\u00a0Atelier sur les carri\u00e8res en physique, panel de d\u00e9veloppement professionnel, et autres sessions et activit\u00e9s non acad\u00e9miques<\/p>\n<p>Un atelier MITACS sur le r\u00e9seautage aura lieu le dimanche 2 juin de 15h \u00e0 18h, dans le but de fournir des comp\u00e9tences professionnelles essentielles aux \u00e9tudiants des cycles sup\u00e9rieurs et postdoctoraux qui souhaitent entrer sur le march\u00e9 du travail. La participation est limit\u00e9e. Pour vous inscrire, choisissez l\u2019atelier du dimanche lors de votre inscription au Congr\u00e8s (frais de 5 $, pour couvrir le co\u00fbt de la pause-caf\u00e9).<\/p>\n<p>Parmi les autres activit\u00e9s non acad\u00e9miques organis\u00e9es pendant le congr\u00e8s de cette ann\u00e9e, et ouvertes \u00e0 tout d\u00e9l\u00e9gu\u00e9 du Congr\u00e8s, une journ\u00e9e enti\u00e8re (le mardi 4 juin), a \u00e9t\u00e9 consacr\u00e9e aux conf\u00e9rences de physiciens de l\u2019industrie et de la physique appliqu\u00e9e. A l&#8217;heure du d\u00e9jeuner (le d\u00e9jeuner peut \u00eatre command\u00e9 \u00e0 l&#8217;avance lors de l&#8217;inscription), il y aura une discussion par un panel sur le d\u00e9veloppement professionnel pour les carri\u00e8res en physique, suivi d&#8217;une session expliquant pourquoi \/ comment obtenir votre certification professionnelle (phys). Les activit\u00e9s de la journ\u00e9e se termineront par une occasion le mardi soir de r\u00e9seautage avec des professionnels de l\u2019industrie (rafra\u00eechissements servi).<\/p>\n<p><a href=\"#Haut\">haut de page<\/a><\/p>\n<hr \/>\n<h4><strong><a id=\"Eduroam\"><\/a><span style=\"text-decoration: underline;\">R\u00e9seau Wi-Fi Eduroam<\/span><\/strong><\/h4>\n<p>Les d\u00e9l\u00e9gu\u00e9s affili\u00e9s \u00e0 un \u00e9tablissement abonn\u00e9 \u00e0 Eduroam pourront se connecter au r\u00e9seau Wi-Fi de l&#8217;universit\u00e9 Simon Fraser d\u00e8s leur arriv\u00e9e. La trousse d\u2019inscription de ceux qui n\u2019ont pas de compte Eduroam contiendra des instructions pour y connecter au Wi-Fi. Au moment de vous inscrire, veuillez indiquer dans la case pr\u00e9vue \u00e0 cette fin si vous\u00a0avez Eduroam.<\/p>\n<p>La liste des \u00e9tablissements abonn\u00e9s \u00e0 Eduroam figure \u00e0\u00a0<strong><a href=\"https:\/\/www.canarie.ca\/identity\/institutions\/\">https:\/\/www.canarie.ca\/fr\/identite\/institutions\/<\/a>\u00a0<\/strong>(pour le Canada), \u00e0\u00a0<strong><a href=\"https:\/\/www.eduroam.us\/\">https:\/\/www.eduroam.us\/<\/a>\u00a0<\/strong>(pour les \u00c9tats-Unis) et \u00e0\u00a0<strong><a href=\"https:\/\/www.eduroam.org\/where\/\">https:\/\/www.eduroam.org\/where\/<\/a><\/strong>\u00a0(pour tout autre pays).<\/p>\n<p><strong>NOTE\u00a0<\/strong>:\u00a0 Votre \u00e9tablissement h\u00f4te a charge de veiller \u00e0 ce que le syst\u00e8me reconnaisse votre courrier \u00e9lectronique.\u00a0 Vous devez donc vous assurer de pouvoir acc\u00e9der \u00e0 Eduroam AVANT de quitter votre \u00e9tablissement h\u00f4te, sinon vous pourriez conna\u00eetre des lenteurs \u00e0 vous connecter au r\u00e9seau Wi-Fi de Dalhousie.<\/p>\n<p><a href=\"#Haut\">haut de page<\/a><\/p>\n<hr \/>\n<h4><a id=\"Souper\"><\/a><span style=\"text-decoration: underline;\">Souper des m\u00e9daill\u00e9s<\/span><\/h4>\n<p>Le d\u00eener est une occasion de rendre hommage aux laur\u00e9ats de cette ann\u00e9e qui ont d\u00e9montr\u00e9 l&#8217;excellence dans la recherche, l&#8217;enseignement et les services en physique au Canada. Pour vous assurer une place au d\u00eener du mercredi 5 juin, o\u00f9 les m\u00e9dailles seront remises aux r\u00e9cipiendaires, veuillez acheter un billet lors de votre inscription au Congr\u00e8s. Il n&#8217;y a aucune garantie que des billets de derni\u00e8re minute pourront \u00eatre achet\u00e9s pendant la conf\u00e9rence car le nombre de places est limit\u00e9.<\/p>\n<p><b><a href=\"https:\/\/cap.ca\/wp-content\/uploads\/2019\/04\/June-5-CAP-Medallists-Dinner-The-Rogue.pdf\" target=\"blank\">Cliquez ici<\/a><\/b> pour voir une copie du menu du souper buffet qui se tiendra au The Rogue, au centre-ville de Vancouver (anglais seulement).<\/p>\n<p><a href=\"#Haut\">haut de page<\/a><\/p>\n<hr \/>\n<h4 class=\"page-title\"><a id=\"Lab\"><\/a><span style=\"text-decoration: underline;\">Visites de laboratoires<\/span><\/h4>\n<p>Un certain nombre de visites seront propos\u00e9es pendant le congr\u00e8s, y compris une visite de TRIUMF. Des informations sur les visites et leur inscription seront distribu\u00e9es aux d\u00e9l\u00e9gu\u00e9s la premi\u00e8re semaine de mai.<\/p>\n<p>&nbsp;<\/p>\n","protected":false},"excerpt":{"rendered":"<p>Faciliter le processus d\u2019inscription, profiter des rabais sur le tarif d\u2019inscription h\u00e2tive et,\u00a0 \u00e9viter les retards en prenant\u00a0 connaissance des conseils suivants\u00a0: Adh\u00e9sion \u00e0 l\u2019ACP\/renouvellement Rabais sur le tarif d\u2019inscription h\u00e2tive Paiements d&#8217;Inscription R\u00e9servez votre h\u00e9bergement AUJOURD&#8217;HUI\u00a0 Confirmer l\u2019\u00e9tat de votre pr\u00e9sentation de r\u00e9sum\u00e9 Consulter le calendrier du programme Journ\u00e9es de colloques\u00a0(mardi, le 4 juin)&#8230;  <a class=\"excerpt-read-more\" href=\"https:\/\/cap.ca\/fr\/congres-de-lacp\/congres-anterieurs\/congres-lacp-2019\/sinscrire-maintenant\/conseils-2019\/\" title=\"LireConseils pour l\u2019inscription au Congr\u00e8s de l\u2019ACP 2019\">Lire la suite &raquo;<\/a><\/p>\n","protected":false},"author":8,"featured_media":0,"parent":13246,"menu_order":7,"comment_status":"closed","ping_status":"closed","template":"","meta":{"footnotes":""},"class_list":["post-12685","page","type-page","status-publish","hentry"],"_links":{"self":[{"href":"https:\/\/cap.ca\/fr\/wp-json\/wp\/v2\/pages\/12685","targetHints":{"allow":["GET"]}}],"collection":[{"href":"https:\/\/cap.ca\/fr\/wp-json\/wp\/v2\/pages"}],"about":[{"href":"https:\/\/cap.ca\/fr\/wp-json\/wp\/v2\/types\/page"}],"author":[{"embeddable":true,"href":"https:\/\/cap.ca\/fr\/wp-json\/wp\/v2\/users\/8"}],"replies":[{"embeddable":true,"href":"https:\/\/cap.ca\/fr\/wp-json\/wp\/v2\/comments?post=12685"}],"version-history":[{"count":15,"href":"https:\/\/cap.ca\/fr\/wp-json\/wp\/v2\/pages\/12685\/revisions"}],"predecessor-version":[{"id":13130,"href":"https:\/\/cap.ca\/fr\/wp-json\/wp\/v2\/pages\/12685\/revisions\/13130"}],"up":[{"embeddable":true,"href":"https:\/\/cap.ca\/fr\/wp-json\/wp\/v2\/pages\/13246"}],"wp:attachment":[{"href":"https:\/\/cap.ca\/fr\/wp-json\/wp\/v2\/media?parent=12685"}],"curies":[{"name":"wp","href":"https:\/\/api.w.org\/{rel}","templated":true}]}}