{"id":12258,"date":"2019-03-28T10:14:54","date_gmt":"2019-03-28T14:14:54","guid":{"rendered":"https:\/\/cap.ca\/?page_id=12258\/"},"modified":"2019-05-31T19:37:42","modified_gmt":"2019-05-31T23:37:42","slug":"transport-2019","status":"publish","type":"page","link":"https:\/\/cap.ca\/fr\/congres-de-lacp\/congres-anterieurs\/congres-lacp-2019\/transport-2019\/","title":{"rendered":"Transport 2019"},"content":{"rendered":"<p><strong>Indications routi\u00e8res et cartes du campus\u00a0\u2013<\/strong>\u00a0<a href=\"http:\/\/www.sfu.ca\/parking\/maps-and-directions.html\">http:\/\/www.sfu.ca\/parking\/maps-and-directions.html<\/a><\/p>\n<p style=\"text-align: center;\"><strong><a href=\"http:\/\/www.sfu.ca\/content\/dam\/sfu\/physics\/outreach\/2019CAPCongress\/Burnaby%20campus%20map%20(For%20CAP)_rooms.pdf\" target=\"_blank\" rel=\"noopener noreferrer\">Cliquez ici pour une carte des principaux lieux de congr\u00e8s<\/a><\/strong><\/p>\n<p style=\"text-align: center;\"><strong>Pour navig\u00e9 plus facilement le campus de SFU<\/strong>, t\u00e9l\u00e9charger le SFU Snap app :\u00a0\u00a0\u00a0\u00a0<a href=\"http:\/\/www.sfu.ca\/apps.html\">http:\/\/www.sfu.ca\/apps.html<\/a><\/p>\n<hr \/>\n<p><strong>Transport en commun \u2013<\/strong> translink.bc.ca<\/p>\n<ul class=\"content-list\">\n<li>Utilisez votre carte Visa (tarif simple) ou achetez une carte Compass (6\u00a0$) et payez \u00e0 l\u2019avance (valeur enregistr\u00e9e)\n<ul class=\"content-list\">\n<li>Commandez une carte Compass en ligne (<a href=\"https:\/\/www.compasscard.ca\/OrderCard\">https:\/\/www.compasscard.ca\/OrderCard<\/a>) (la livraison peut prendre 7 jours ouvrables)<\/li>\n<\/ul>\n<\/li>\n<li>Le tarif d\u00e9pend du nombre de zones emprunt\u00e9es pour chaque passage<\/li>\n<li>Un passage enti\u00e8rement en autobus correspond \u00e0 1 seule zone<\/li>\n<li>Pour l\u2019horaire, t\u00e9l\u00e9chargez l\u2019appli Transit (<a href=\"https:\/\/transitapp.com\/\">https:\/\/transitapp.com\/<\/a>) sur votre t\u00e9l\u00e9phone ou tablette.<\/li>\n<\/ul>\n<table width=\"575\">\n<tbody>\n<tr>\n<td width=\"167\"><strong>Type<\/strong><\/td>\n<td width=\"127\"><strong>1 zone<\/strong><\/td>\n<td width=\"141\"><strong>2 zones<\/strong><\/td>\n<td width=\"141\"><strong>3 zones<\/strong><\/td>\n<\/tr>\n<tr>\n<td width=\"167\">Tarif simple\/comptant<\/td>\n<td width=\"127\">2,95 $<\/td>\n<td width=\"141\">4,20 $<\/td>\n<td width=\"141\">5,70 $<\/td>\n<\/tr>\n<tr>\n<td width=\"167\">Valeur enregistr\u00e9e<\/td>\n<td width=\"127\">2,30 $<\/td>\n<td width=\"141\">3,35 $<\/td>\n<td width=\"141\">4,40 $<\/td>\n<\/tr>\n<\/tbody>\n<\/table>\n<hr \/>\n<p><strong>Partage de voitures<\/strong><\/p>\n<ul class=\"content-list\">\n<li>Trois entreprises de partage de voitures se sont associ\u00e9es \u00e0 SFU Parking and Sustainable Mobility pour avoir des v\u00e9hicules au campus de l\u2019Universit\u00e9 Simon-Fraser (SFU), \u00e0 Burnaby\u00a0:\u00a0<a href=\"http:\/\/www.zipcar.com\/universities\/simon-fraser-university-us\">ZipCar<\/a>,\u00a0<a href=\"http:\/\/www.evo.ca\/\">EVO<\/a> et\u00a0<a href=\"http:\/\/modo.coop\/\">Modo<\/a>.<\/li>\n<li>ZipCar est situ\u00e9e au stationnement couvert West Parkade, au niveau sup\u00e9rieur du stationnement East Parking et dans le lot principal de la r\u00e9sidence (Residence Main lot).<\/li>\n<li>Evo a r\u00e9serv\u00e9 des espaces au stationnement couvert West Parkade et au niveau sup\u00e9rieur du East Parking; le stationnement d\u2019appoint d\u2019Evo sera au niveau du toit du West Parkade et aux niveaux inf\u00e9rieurs du stationnement East Parking Lot.<\/li>\n<li>Modo est situ\u00e9 dans le lot principal de la r\u00e9sidence (Residence Main lot).<\/li>\n<\/ul>\n<hr \/>\n<p><strong>Stationnement\u00a0\u2013\u00a0<\/strong><a href=\"http:\/\/www.sfu.ca\/parking\/visitors.html\">http:\/\/www.sfu.ca\/parking\/visitors.html<\/a><\/p>\n<ul class=\"content-list\">\n<li>Il n\u2019y a pas de stationnement gratuit au campus de la SFU, \u00e0 Burnaby;\u00a0les v\u00e9hicules non munis d\u2019un permis de stationnement valide de la SFU doivent payer le taux quotidien de stationnement au moyen du guichet automatique de billets ou de <u><a href=\"http:\/\/www.sfu.ca\/parking\/notices\/PassportCanada.html\">l\u2019appli mobile de Passeport Canada<\/a><\/u>.<\/li>\n<li>Le campus de Burnaby compte un certain nombre de parcs de stationnement de surface ou couverts pour visiteurs. Pri\u00e8re de voir les taux quotidiens dans la partie\u00a0<u><a href=\"http:\/\/www.sfu.ca\/parking\/rates-refunds.html\">Rates and Refunds<\/a><\/u>\u00a0; vous y trouverez des cartes et indications routi\u00e8res.<\/li>\n<li>Ceux qui stationnent sur le campus sont tenus de respecter le\u00a0<u><a href=\"http:\/\/www.sfu.ca\/parking\/parking-regulations.html\">R\u00e8glement sur le stationnement<\/a><\/u>; Parking and Sustainable Mobility Services impose des contraventions aux v\u00e9hicules stationn\u00e9s ill\u00e9galement et les met en fourri\u00e8re.<\/li>\n<\/ul>\n<hr \/>\n<p><strong>\u00c0 voir bient\u00f4t \u2013<\/strong> renseignements sur le tarif pour \u00e9v\u00e9nements sp\u00e9ciaux, tel le Congr\u00e8s de l\u2019ACP<\/p>\n<hr \/>\n<p><strong>Page sur les moyens de transport de rechange \u00e0 SFU \u2013<\/strong> <a href=\"http:\/\/www.sfu.ca\/parking\/alternative-transportation.html\">http:\/\/www.sfu.ca\/parking\/alternative-transportation.html<\/a>.<\/p>\n<ul class=\"content-list\">\n<li>Comprend des renseignements sur le transit, le partage de voitures, le covoiturage et le conavettage, les v\u00e9hicules \u00e9lectriques, le cyclisme et la marche.<\/li>\n<\/ul>\n","protected":false},"excerpt":{"rendered":"<p>Indications routi\u00e8res et cartes du campus\u00a0\u2013\u00a0http:\/\/www.sfu.ca\/parking\/maps-and-directions.html Cliquez ici pour une carte des principaux lieux de congr\u00e8s Pour navig\u00e9 plus facilement le campus de SFU, t\u00e9l\u00e9charger le SFU Snap app :\u00a0\u00a0\u00a0\u00a0http:\/\/www.sfu.ca\/apps.html Transport en commun \u2013 translink.bc.ca Utilisez votre carte Visa (tarif simple) ou achetez une carte Compass (6\u00a0$) et payez \u00e0 l\u2019avance (valeur enregistr\u00e9e) Commandez une&#8230;  <a class=\"excerpt-read-more\" href=\"https:\/\/cap.ca\/fr\/congres-de-lacp\/congres-anterieurs\/congres-lacp-2019\/transport-2019\/\" title=\"LireTransport 2019\">Lire la suite &raquo;<\/a><\/p>\n","protected":false},"author":8,"featured_media":0,"parent":8943,"menu_order":141,"comment_status":"closed","ping_status":"closed","template":"","meta":{"footnotes":""},"class_list":["post-12258","page","type-page","status-publish","hentry"],"_links":{"self":[{"href":"https:\/\/cap.ca\/fr\/wp-json\/wp\/v2\/pages\/12258","targetHints":{"allow":["GET"]}}],"collection":[{"href":"https:\/\/cap.ca\/fr\/wp-json\/wp\/v2\/pages"}],"about":[{"href":"https:\/\/cap.ca\/fr\/wp-json\/wp\/v2\/types\/page"}],"author":[{"embeddable":true,"href":"https:\/\/cap.ca\/fr\/wp-json\/wp\/v2\/users\/8"}],"replies":[{"embeddable":true,"href":"https:\/\/cap.ca\/fr\/wp-json\/wp\/v2\/comments?post=12258"}],"version-history":[{"count":11,"href":"https:\/\/cap.ca\/fr\/wp-json\/wp\/v2\/pages\/12258\/revisions"}],"predecessor-version":[{"id":13407,"href":"https:\/\/cap.ca\/fr\/wp-json\/wp\/v2\/pages\/12258\/revisions\/13407"}],"up":[{"embeddable":true,"href":"https:\/\/cap.ca\/fr\/wp-json\/wp\/v2\/pages\/8943"}],"wp:attachment":[{"href":"https:\/\/cap.ca\/fr\/wp-json\/wp\/v2\/media?parent=12258"}],"curies":[{"name":"wp","href":"https:\/\/api.w.org\/{rel}","templated":true}]}}