{"id":12188,"date":"2019-02-26T11:30:32","date_gmt":"2019-02-26T16:30:32","guid":{"rendered":"https:\/\/cap.ca\/?page_id=12188\/"},"modified":"2019-03-06T14:19:26","modified_gmt":"2019-03-06T19:19:26","slug":"instructions-pour-presentation-daffiche","status":"publish","type":"page","link":"https:\/\/cap.ca\/fr\/congres-de-lacp\/congres-anterieurs\/congres-lacp-2019\/instructions-pour-presentation-daffiche\/","title":{"rendered":"Instructions pour pr\u00e9sentation d\u2019affiche"},"content":{"rendered":"<p><strong>La s\u00e9ance de pr\u00e9sentation des affiches se tiendra le mardi 4 juin de 16 h \u00e0 45 h<\/strong><\/p>\n<p>L\u2019\u00e9talage des affiches pourra se faire d\u00e8s 8 h,\u00a0<strong>mais au plus tard 13 h le mardi, 4 juin, pour \u00eatre admis \u00e0 la Comp\u00e9tition \u00e9tudiante<\/strong>. Les dimensions maximales des ffiches sont de\u00a0<strong>4 pi d\u2019hauteur par 4 pi de largeur<\/strong>. Les placards d\u2019affiches seront num\u00e9rot\u00e9s et on vous attribuera \u00e0 l\u2019avance un num\u00e9ro de placard. Vous devrez retirer votre affiche au plus tard le mardi 4 juin avant 20 h.<\/p>\n<p>La s\u00e9ance des affiches sera agr\u00e9ment\u00e9e d\u2019un l\u00e9ger go\u00fbter et d\u2019un service de consommation. Tout participant au congr\u00e8s ayant indiqu\u00e9 vouloir assister \u00e0 la s\u00e9ance des affiches recevra un billet lui donnant droit \u00e0 une bi\u00e8re, un verre de vin ou une boisson non alcoolis\u00e9e. Il y aura aussi un bar payant.<\/p>\n<p><strong>POUR T\u00c9L\u00c9VERSER VOTRE AFFICHE SUR LE SITE DU PROGRAMME DU CONGR\u00c8S\u00a0<\/strong><\/p>\n<p>\u2013\u00a0\u00a0\u00a0\u00a0\u00a0\u00a0\u00a0\u00a0\u00a0\u00a0\u00a0\u00a0\u00a0 Rendez-vous sur le site du programme du Congr\u00e8s au :\u00a0<a href=\"http:\/\/indico.cern.ch\/e\/CAP2019\">http:\/\/indico.cern.ch\/e\/CAP2019<\/a> .<\/p>\n<p>\u2013\u00a0\u00a0\u00a0\u00a0\u00a0\u00a0\u00a0\u00a0\u00a0\u00a0\u00a0\u00a0\u00a0 Connectez-vous \u00e0 votre compte.<\/p>\n<p>\u2013\u00a0\u00a0\u00a0\u00a0\u00a0\u00a0\u00a0\u00a0\u00a0\u00a0\u00a0\u00a0\u00a0 Cliquez sur \u00ab My Contributions \u00bb sous le lien \u00ab My Conference \u00bb, sur la gauche.<\/p>\n<p>\u2013\u00a0\u00a0\u00a0\u00a0\u00a0\u00a0\u00a0\u00a0\u00a0\u00a0\u00a0\u00a0\u00a0 Une fois dans la fen\u00eatre \u00ab My Contributions \u00bb, cliquez sur le titre d\u2019une pr\u00e9sentation.<\/p>\n<p>\u2013\u00a0\u00a0\u00a0\u00a0\u00a0\u00a0\u00a0\u00a0\u00a0\u00a0\u00a0\u00a0\u00a0 Pour soumettre un fichier, cliquez sur l\u2019icone crayon \u00e0 cot\u00e9 de \u00ab Presentation Materials \u00bb. Une fen\u00eatre de<\/p>\n<p>dialogue ouvrira.<\/p>\n<p>\u2013 \u00a0 \u00a0 \u00a0 \u00a0 \u00a0 \u00a0 \u00a0Cliquez sur \u00ab Upload files \u00bb, et suivez les instructions.<\/p>\n<p>\u2013\u00a0\u00a0\u00a0\u00a0\u00a0\u00a0\u00a0\u00a0\u00a0\u00a0\u00a0\u00a0\u00a0 Votre fichier apparaitra dans la fen\u00eatre \u00ab contribution details \u00bb et sera accessible via l\u2019horaire de la session.<\/p>\n<p><strong>LES COMP\u00c9TITEURS POUR LA MEILLEURE PR\u00c9SENTATION D\u2019AFFICHE \u00c9TUDIANTE<\/strong><\/p>\n<p>L\u2019\u00e9valuation des affiches par les juges (sans pr\u00e9sence d\u2019\u00e9tudiants) se tiendra le mardi, 4 juin.\u00a0<strong>Les affiches en comp\u00e9tition doivent \u00eatre install\u00e9es avant 13 h ce jour-l\u00e0 afin d\u2019\u00eatre admissibles \u00e0 la comp\u00e9tition.<\/strong>\u00a0Les juges d\u00e9termineront les demi-finalistes de chaque division entre 13 h 45 et 16 h 00.<\/p>\n<p>Entre 13 h 45 et 16 h, les juges d\u00e9termineront les six finalistes du concours d\u2019affiches de l\u2019ACP puis les visiteront \u00e0 compter de 16 h 45 pour une entrevue orale. Tous les demi-finalistes DOIVENT se pr\u00e9senter pr\u00e8s de leur affiche entre 16 h 45 et 18:00 h le mardi soir car ils pourraient \u00eatre visit\u00e9s par un juge pour la d\u00e9termination de prix de division.<\/p>\n","protected":false},"excerpt":{"rendered":"<p>La s\u00e9ance de pr\u00e9sentation des affiches se tiendra le mardi 4 juin de 16 h \u00e0 45 h L\u2019\u00e9talage des affiches pourra se faire d\u00e8s 8 h,\u00a0mais au plus tard 13 h le mardi, 4 juin, pour \u00eatre admis \u00e0 la Comp\u00e9tition \u00e9tudiante. Les dimensions maximales des ffiches sont de\u00a04 pi d\u2019hauteur par 4 pi&#8230;  <a class=\"excerpt-read-more\" href=\"https:\/\/cap.ca\/fr\/congres-de-lacp\/congres-anterieurs\/congres-lacp-2019\/instructions-pour-presentation-daffiche\/\" title=\"LireInstructions pour pr\u00e9sentation d\u2019affiche\">Lire la suite &raquo;<\/a><\/p>\n","protected":false},"author":9,"featured_media":0,"parent":8943,"menu_order":100,"comment_status":"closed","ping_status":"closed","template":"","meta":{"footnotes":""},"class_list":["post-12188","page","type-page","status-publish","hentry"],"_links":{"self":[{"href":"https:\/\/cap.ca\/fr\/wp-json\/wp\/v2\/pages\/12188","targetHints":{"allow":["GET"]}}],"collection":[{"href":"https:\/\/cap.ca\/fr\/wp-json\/wp\/v2\/pages"}],"about":[{"href":"https:\/\/cap.ca\/fr\/wp-json\/wp\/v2\/types\/page"}],"author":[{"embeddable":true,"href":"https:\/\/cap.ca\/fr\/wp-json\/wp\/v2\/users\/9"}],"replies":[{"embeddable":true,"href":"https:\/\/cap.ca\/fr\/wp-json\/wp\/v2\/comments?post=12188"}],"version-history":[{"count":2,"href":"https:\/\/cap.ca\/fr\/wp-json\/wp\/v2\/pages\/12188\/revisions"}],"predecessor-version":[{"id":12301,"href":"https:\/\/cap.ca\/fr\/wp-json\/wp\/v2\/pages\/12188\/revisions\/12301"}],"up":[{"embeddable":true,"href":"https:\/\/cap.ca\/fr\/wp-json\/wp\/v2\/pages\/8943"}],"wp:attachment":[{"href":"https:\/\/cap.ca\/fr\/wp-json\/wp\/v2\/media?parent=12188"}],"curies":[{"name":"wp","href":"https:\/\/api.w.org\/{rel}","templated":true}]}}