{"id":12118,"date":"2019-02-15T09:07:39","date_gmt":"2019-02-15T14:07:39","guid":{"rendered":"https:\/\/cap.ca\/?page_id=12118\/"},"modified":"2019-02-18T08:34:42","modified_gmt":"2019-02-18T13:34:42","slug":"mur-de-donner","status":"publish","type":"page","link":"https:\/\/cap.ca\/fr\/activites\/mur-de-donner\/","title":{"rendered":"Mur de dons"},"content":{"rendered":"<p>Au cours du CCUWiP 2019, l&#8217;ACP a lanc\u00e9 une initiative visant \u00e0 recycler des sacs fourre-tout obsol\u00e8tes portant l&#8217;ancien logo de l&#8217;ACP pour une bonne cause. Le &#8220;CAP Challenge&#8221; a encourag\u00e9 les participants \u00e0 remplir leurs sacs de conf\u00e9rence en faisant des dons \u00e0 une\u00a0organisme de bienfaisance\u00a0locale, \u00e0 prendre une photo du(des) sac(s) rempli(s) et \u00e0 la publier sur les m\u00e9dias sociaux avec le hashtag #CAPChallenge.<\/p>\n<p>Des photos refl\u00e9tant ce d\u00e9fi termin\u00e9 sont affich\u00e9es ci-dessous. Le mur sera mis \u00e0 jour au fur et \u00e0 mesure que nous recevrons des photos ou des promesses de dons pour compl\u00e9ter le d\u00e9fi d\u2019ici la fin du mois de mai de cette ann\u00e9e.<\/p>\n<p>Merci \u00e0 tous ceux qui ont termin\u00e9 et \/ ou se sont engag\u00e9s \u00e0 compl\u00e9ter le #CAPChallenge !<\/p>\n<h3>Des \u00e9tudiants en physique participent fi\u00e8rement au d\u00e9fi caritatif de l&#8217;ACP<\/h3>\n<div id=\"attachment_12110\" style=\"width: 310px\" class=\"wp-caption alignleft\"><a href=\"https:\/\/cap.ca\/wp-content\/uploads\/2019\/02\/USask.jpg\"><img loading=\"lazy\" decoding=\"async\" aria-describedby=\"caption-attachment-12110\" class=\"wp-image-12110 size-medium\" src=\"https:\/\/cap.ca\/wp-content\/uploads\/2019\/02\/USask-300x273.jpg\" alt=\"\" width=\"300\" height=\"273\" srcset=\"https:\/\/cap.ca\/wp-content\/uploads\/2019\/02\/USask-300x273.jpg 300w, https:\/\/cap.ca\/wp-content\/uploads\/2019\/02\/USask.jpg 574w\" sizes=\"auto, (max-width: 300px) 100vw, 300px\" \/><\/a><p id=\"caption-attachment-12110\" class=\"wp-caption-text\">Des \u00e9tudiants de l&#8217;University of Saskatchewan font un don \u00e0 la banque alimentaire et au centre d&#8217;apprentissage de Saskatoon<\/p><\/div>\n<div id=\"attachment_12100\" style=\"width: 310px\" class=\"wp-caption alignleft\"><a href=\"https:\/\/cap.ca\/wp-content\/uploads\/2019\/02\/challenge-1.jpg\"><img loading=\"lazy\" decoding=\"async\" aria-describedby=\"caption-attachment-12100\" class=\"wp-image-12100 size-medium\" src=\"https:\/\/cap.ca\/wp-content\/uploads\/2019\/02\/challenge-1-300x169.jpg\" alt=\"\" width=\"300\" height=\"169\" srcset=\"https:\/\/cap.ca\/wp-content\/uploads\/2019\/02\/challenge-1-300x169.jpg 300w, https:\/\/cap.ca\/wp-content\/uploads\/2019\/02\/challenge-1-768x432.jpg 768w, https:\/\/cap.ca\/wp-content\/uploads\/2019\/02\/challenge-1-1024x576.jpg 1024w\" sizes=\"auto, (max-width: 300px) 100vw, 300px\" \/><\/a><p id=\"caption-attachment-12100\" class=\"wp-caption-text\">Des \u00e9tudiants de l&#8217;Universit\u00e9 d&#8217;Ottawa (Emily Zhang, Kristen Stecher et Ras-Jeevaan Obhi) font un don aux Bergers de l&#8217;espoir d&#8217;Ottawa<\/p><\/div>\n","protected":false},"excerpt":{"rendered":"<p>Au cours du CCUWiP 2019, l&#8217;ACP a lanc\u00e9 une initiative visant \u00e0 recycler des sacs fourre-tout obsol\u00e8tes portant l&#8217;ancien logo de l&#8217;ACP pour une bonne cause. Le &#8220;CAP Challenge&#8221; a encourag\u00e9 les participants \u00e0 remplir leurs sacs de conf\u00e9rence en faisant des dons \u00e0 une\u00a0organisme de bienfaisance\u00a0locale, \u00e0 prendre une photo du(des) sac(s) rempli(s) et&#8230;  <a class=\"excerpt-read-more\" href=\"https:\/\/cap.ca\/fr\/activites\/mur-de-donner\/\" title=\"LireMur de dons\">Lire la suite &raquo;<\/a><\/p>\n","protected":false},"author":12,"featured_media":0,"parent":3277,"menu_order":7,"comment_status":"closed","ping_status":"closed","template":"","meta":{"footnotes":""},"class_list":["post-12118","page","type-page","status-publish","hentry"],"_links":{"self":[{"href":"https:\/\/cap.ca\/fr\/wp-json\/wp\/v2\/pages\/12118","targetHints":{"allow":["GET"]}}],"collection":[{"href":"https:\/\/cap.ca\/fr\/wp-json\/wp\/v2\/pages"}],"about":[{"href":"https:\/\/cap.ca\/fr\/wp-json\/wp\/v2\/types\/page"}],"author":[{"embeddable":true,"href":"https:\/\/cap.ca\/fr\/wp-json\/wp\/v2\/users\/12"}],"replies":[{"embeddable":true,"href":"https:\/\/cap.ca\/fr\/wp-json\/wp\/v2\/comments?post=12118"}],"version-history":[{"count":4,"href":"https:\/\/cap.ca\/fr\/wp-json\/wp\/v2\/pages\/12118\/revisions"}],"predecessor-version":[{"id":12122,"href":"https:\/\/cap.ca\/fr\/wp-json\/wp\/v2\/pages\/12118\/revisions\/12122"}],"up":[{"embeddable":true,"href":"https:\/\/cap.ca\/fr\/wp-json\/wp\/v2\/pages\/3277"}],"wp:attachment":[{"href":"https:\/\/cap.ca\/fr\/wp-json\/wp\/v2\/media?parent=12118"}],"curies":[{"name":"wp","href":"https:\/\/api.w.org\/{rel}","templated":true}]}}