{"id":12048,"date":"2019-02-07T13:43:01","date_gmt":"2019-02-07T18:43:01","guid":{"rendered":"https:\/\/cap.ca\/?page_id=12048\/"},"modified":"2019-05-14T13:45:51","modified_gmt":"2019-05-14T17:45:51","slug":"journee-de-colloques-sujets-coordinateurs","status":"publish","type":"page","link":"https:\/\/cap.ca\/fr\/congres-de-lacp\/congres-anterieurs\/congres-lacp-2019\/journee-de-colloques-sujets-coordinateurs\/","title":{"rendered":"Journ\u00e9e de colloques &#8211; Sujets \/ Coordinateurs"},"content":{"rendered":"<p><strong>NOUVEAU CETTE ANN\u00c9E<\/strong> &#8211; Le Comit\u00e9 du programme a d\u00e9cid\u00e9 d\u2019organiser une s\u00e9rie de colloques d\u2019une journ\u00e9e le mardi 4 juin. Les r\u00e9sum\u00e9s peuvent \u00eatre soumis \u00e0 consid\u00e9rer dans le cadre de ces colloques. Les organisateurs se r\u00e9servent le droit de transmettre tout r\u00e9sum\u00e9 qui ne pourrait pas \u00eatre trait\u00e9 dans le cadre du symposium au pr\u00e9sident de la division appropri\u00e9e pour consideration en tant que r\u00e9sum\u00e9 contribu\u00e9 lors d&#8217;une autre session du congr\u00e8s.<\/p>\n<p>&nbsp;<\/p>\n<h4><span style=\"font-size: 18pt;\">JOURN\u00c9E DE COLLOQUES &#8211; mardi, 4 juin<\/span><\/h4>\n<table style=\"width: 470px;\" border=\"2\">\n<tbody>\n<tr>\n<td style=\"background-color: #000000; width: 286px;\"><span style=\"color: #ffffff;\">SUJET (utilisez pour soumission de r\u00e9sum\u00e9s)<\/span><\/td>\n<td style=\"background-color: #000000; width: 183px;\"><span style=\"color: #ffffff;\">COORDINATEUR<\/span><\/td>\n<\/tr>\n<tr>\n<td style=\"width: 286px;\"><strong>Travailler comme un physicien industriel, professionnel ou appliqu\u00e9<\/strong><\/p>\n<p><span style=\"font-size: 10pt;\">(NOTE: Un <a href=\"https:\/\/cap.ca\/wp-content\/uploads\/2019\/02\/CAP-MITACS-Workshop-2019.pdf\">atelier CAP \/ MITACS sur le r\u00e9seautage des carri\u00e8res<\/a> (en anglais seulement) aura lieu le dimanche 2 juin de 15h \u00e0 18h dans le cadre des activit\u00e9s de d\u00e9veloppement professionnel du Congr\u00e8s)<\/span><strong><br \/>\n<\/strong><\/td>\n<td style=\"width: 183px;\">Ian D&#8217;Souza<br \/>\nDirecteur des affaires industrielles<br \/>\nde l&#8217;ACP<br \/>\nDaniel Cluff<br \/>\nDirecteur des affaires professionnelle de l&#8217;ACPKirk Michaelian \/ Stefon Luoma<br \/>\nPr\u00e9sident et Vice-pr\u00e9sident, DPAI<\/td>\n<\/tr>\n<tr>\n<td style=\"width: 286px;\">D\u00e9couvrir l&#8217;identit\u00e9 de<strong> la mati\u00e8re sombre<\/strong><\/td>\n<td style=\"width: 183px;\">David Morrissey<br \/>\nTRIUMF<\/td>\n<\/tr>\n<tr>\n<td style=\"width: 286px;\"><strong>Physique m\u00e9dicale<\/strong><\/td>\n<td style=\"width: 183px;\">Francis Lin<br \/>\nPr\u00e9sident, DPMB<\/td>\n<\/tr>\n<tr>\n<td style=\"width: 286px;\"><strong>Astrophysique nucl\u00e9aire \/ structure et isotopes m\u00e9dicaux<\/strong> en hommage au prof. John D&#8217;Auria<\/td>\n<td style=\"width: 183px;\">Corina Andreoiu<br \/>\nSFU<\/td>\n<\/tr>\n<tr>\n<td style=\"width: 286px;\"><strong>\u00a0Symposium sur la photonique (science optique<\/strong>)<\/td>\n<td style=\"width: 183px;\">Steve Dodge<br \/>\nSFU<\/td>\n<\/tr>\n<tr>\n<td style=\"width: 286px;\"><strong>Physique des plasmas<\/strong><\/td>\n<td style=\"width: 183px;\">Michael Bradley<br \/>\nPr\u00e9sident, DPP<\/td>\n<\/tr>\n<tr>\n<td style=\"width: 286px;\"><strong>Mat\u00e9riaux quantiques<\/strong><\/td>\n<td style=\"width: 183px;\">Michel Gingras<br \/>\nPr\u00e9sident, DPMCM<\/td>\n<\/tr>\n<tr>\n<td style=\"width: 286px;\"><strong>Mati\u00e8re molle Canada 2019<br \/>\n<\/strong><span style=\"font-size: 10pt;\"><a href=\"https:\/\/cap.ca\/wp-content\/uploads\/2019\/02\/smc2019.pdf\" target=\"_blank\" rel=\"noopener noreferrer\">(cliquez ici pour la description du programme &#8211; anglais)<\/a><\/span><\/td>\n<td style=\"width: 183px;\">Joerg Rottler<br \/>\nSFU<\/td>\n<\/tr>\n<\/tbody>\n<\/table>\n","protected":false},"excerpt":{"rendered":"<p>NOUVEAU CETTE ANN\u00c9E &#8211; Le Comit\u00e9 du programme a d\u00e9cid\u00e9 d\u2019organiser une s\u00e9rie de colloques d\u2019une journ\u00e9e le mardi 4 juin. Les r\u00e9sum\u00e9s peuvent \u00eatre soumis \u00e0 consid\u00e9rer dans le cadre de ces colloques. Les organisateurs se r\u00e9servent le droit de transmettre tout r\u00e9sum\u00e9 qui ne pourrait pas \u00eatre trait\u00e9 dans le cadre du symposium&#8230;  <a class=\"excerpt-read-more\" href=\"https:\/\/cap.ca\/fr\/congres-de-lacp\/congres-anterieurs\/congres-lacp-2019\/journee-de-colloques-sujets-coordinateurs\/\" title=\"LireJourn\u00e9e de colloques &#8211; Sujets \/ Coordinateurs\">Lire la suite &raquo;<\/a><\/p>\n","protected":false},"author":12,"featured_media":0,"parent":8943,"menu_order":105,"comment_status":"closed","ping_status":"closed","template":"","meta":{"footnotes":""},"class_list":["post-12048","page","type-page","status-publish","hentry"],"_links":{"self":[{"href":"https:\/\/cap.ca\/fr\/wp-json\/wp\/v2\/pages\/12048","targetHints":{"allow":["GET"]}}],"collection":[{"href":"https:\/\/cap.ca\/fr\/wp-json\/wp\/v2\/pages"}],"about":[{"href":"https:\/\/cap.ca\/fr\/wp-json\/wp\/v2\/types\/page"}],"author":[{"embeddable":true,"href":"https:\/\/cap.ca\/fr\/wp-json\/wp\/v2\/users\/12"}],"replies":[{"embeddable":true,"href":"https:\/\/cap.ca\/fr\/wp-json\/wp\/v2\/comments?post=12048"}],"version-history":[{"count":14,"href":"https:\/\/cap.ca\/fr\/wp-json\/wp\/v2\/pages\/12048\/revisions"}],"predecessor-version":[{"id":13037,"href":"https:\/\/cap.ca\/fr\/wp-json\/wp\/v2\/pages\/12048\/revisions\/13037"}],"up":[{"embeddable":true,"href":"https:\/\/cap.ca\/fr\/wp-json\/wp\/v2\/pages\/8943"}],"wp:attachment":[{"href":"https:\/\/cap.ca\/fr\/wp-json\/wp\/v2\/media?parent=12048"}],"curies":[{"name":"wp","href":"https:\/\/api.w.org\/{rel}","templated":true}]}}