{"id":11999,"date":"2019-02-05T20:20:20","date_gmt":"2019-02-06T01:20:20","guid":{"rendered":"https:\/\/cap.ca\/?page_id=11999\/"},"modified":"2019-05-27T16:07:16","modified_gmt":"2019-05-27T20:07:16","slug":"frais-dinscription-2019","status":"publish","type":"page","link":"https:\/\/cap.ca\/fr\/congres-de-lacp\/congres-anterieurs\/congres-lacp-2019\/sinscrire-maintenant\/frais-dinscription-2019\/","title":{"rendered":"Frais d&#8217;inscription 2019"},"content":{"rendered":"<p><strong>Les frais d&#8217;inscription suivants sont indiqu\u00e9s en dollars canadiens. La TPS de 5 % doit \u00eatre ajout\u00e9e \u00e0 ces prix.<br \/>\n<\/strong><\/p>\n<p><span style=\"font-size: 10pt;\">Les <strong>frais d&#8217;inscription pour le congr\u00e8s au complet<\/strong> comprennent des rafra\u00eechissements lors de diff\u00e9rentes activit\u00e9s sociales ainsi que des pauses caf\u00e9 tout au long du congr\u00e8s. Le Gala de reconnaissance du mercredi soir, les diners d&#8217;affaires et visites guid\u00e9es organis\u00e9es ne sont pas inclus dans les frais d&#8217;inscription, mais vous pouvez toutefois acheter des billets au moment de l&#8217;inscription.<\/span><\/p>\n<p><span style=\"font-size: 10pt;\">Les <strong>frais d&#8217;inscription d&#8217;une journ\u00e9e<\/strong> comprennent des pauses caf\u00e9 pendant la journ\u00e9e. Le banquet du mercredi soir, les diners d&#8217;affaires, les activit\u00e9s sociales, et visites guid\u00e9es organis\u00e9es ne sont pas inclus dans les frais d&#8217;inscription, mais vous pouvez toutefois acheter des billets au moment de l&#8217;inscription.<\/span><\/p>\n<table style=\"height: 1816px; width: 772px;\" border=\"1\" cellspacing=\"1\" cellpadding=\"1\">\n<tbody>\n<tr style=\"height: 45px;\">\n<td style=\"height: 102px; width: 418px;\" colspan=\"1\" rowspan=\"2\" align=\"center\"><span style=\"font-size: 12pt;\"><strong>Frais d&#8217;inscription du Congr\u00e8 d&#8217;ACP, 2019<\/strong><\/span><\/td>\n<td style=\"height: 45px; width: 119px;\" align=\"center\"><span style=\"font-size: 10pt;\">T\u00d4T<\/span><\/td>\n<td style=\"height: 45px; width: 111px;\" align=\"center\"><span style=\"font-size: 10pt;\">R\u00c9GULIER<\/span><\/td>\n<td style=\"height: 45px; width: 123px;\" align=\"center\"><span style=\"font-size: 10pt;\">TARD\/SUR PLACE<\/span><\/td>\n<\/tr>\n<tr style=\"height: 57px;\">\n<td style=\"height: 57px; width: 119px;\" align=\"center\"><span style=\"font-size: 10pt;\"><strong>au plus tard <\/strong><\/span><br \/>\n<span style=\"font-size: 10pt;\">le\u00a0dimanch\u00a005\u00a0mai \u00e0 23 h 59 (HAE)<\/span><\/td>\n<td style=\"height: 57px; width: 111px;\" align=\"center\"><span style=\"font-size: 10pt;\">le\u00a05 au\u00a027 mai<\/span><\/td>\n<td style=\"height: 57px; width: 123px;\" align=\"center\"><span style=\"font-size: 10pt;\">le 29 mai au 7 juin<\/span><\/td>\n<\/tr>\n<tr style=\"height: 92px;\">\n<td style=\"height: 92px; width: 771px;\" colspan=\"4\"><span style=\"font-size: 10pt;\"><strong><span style=\"color: #ff0000; font-size: 12pt;\">Inscription pour le Congr\u00e8s au complet :<\/span><br \/>\nREMARQUE IMPORTANTE: Ce tarif est automatiquement appliqu\u00e9 \u00e0 toute inscription d&#8217;au moins trois des quatre journ\u00e9es du Congr\u00e8s (lundi, mardi, mercredi ou jeudi). Le d\u00e9jeuner et le d\u00eener ne sont pas incluses.<\/strong><\/span><\/td>\n<\/tr>\n<tr style=\"height: 40px;\">\n<td style=\"height: 40px; width: 418px; padding-left: 30px;\"><span style=\"font-size: 10pt;\"> Membres<\/span><\/td>\n<td class=\"rtecenter\" style=\"height: 40px; width: 119px; text-align: center;\"><span style=\"font-size: 10pt;\">400 $<\/span><\/td>\n<td class=\"rtecenter\" style=\"height: 40px; width: 111px; text-align: center;\"><span style=\"font-size: 10pt;\">450 $<\/span><\/td>\n<td class=\"rtecenter\" style=\"height: 40px; width: 123px; text-align: center;\"><span style=\"font-size: 10pt;\">550 $<\/span><\/td>\n<\/tr>\n<tr style=\"height: 40px;\">\n<td style=\"height: 40px; width: 418px; padding-left: 30px;\"><span style=\"font-size: 10pt;\"> Conf\u00e9renciers invit\u00e9s<\/span><\/td>\n<td class=\"rtecenter\" style=\"height: 40px; width: 119px; text-align: center;\"><span style=\"font-size: 10pt;\">400 $<\/span><\/td>\n<td class=\"rtecenter\" style=\"height: 40px; width: 111px; text-align: center;\"><span style=\"font-size: 10pt;\">400 $<\/span><\/td>\n<td class=\"rtecenter\" style=\"height: 40px; width: 123px; text-align: center;\"><span style=\"font-size: 10pt;\">550 $<\/span><\/td>\n<\/tr>\n<tr style=\"height: 40px;\">\n<td style=\"height: 40px; width: 418px; padding-left: 30px;\"><span style=\"font-size: 10pt;\"> Non-membres<\/span><\/td>\n<td class=\"rtecenter\" style=\"height: 40px; width: 119px; text-align: center;\"><span style=\"font-size: 10pt;\">610 $<\/span><\/td>\n<td class=\"rtecenter\" style=\"height: 40px; width: 111px; text-align: center;\"><span style=\"font-size: 10pt;\">660 $<\/span><\/td>\n<td class=\"rtecenter\" style=\"height: 40px; width: 123px; text-align: center;\"><span style=\"font-size: 10pt;\">760 $<\/span><\/td>\n<\/tr>\n<tr style=\"height: 66px;\">\n<td style=\"height: 66px; width: 418px; padding-left: 30px;\"><span style=\"font-size: 10pt;\"> Membres : en d\u00e9but de carri\u00e8re* (dipl\u00f4me obtenu depuis moins de 4 ans)\u00a0<\/span><\/td>\n<td class=\"rtecenter\" style=\"height: 66px; width: 119px; text-align: center;\"><span style=\"font-size: 10pt;\">275 $<\/span><\/td>\n<td class=\"rtecenter\" style=\"height: 66px; width: 111px; text-align: center;\"><span style=\"font-size: 10pt;\">325\u00a0$<\/span><\/td>\n<td class=\"rtecenter\" style=\"height: 66px; width: 123px; text-align: center;\"><span style=\"font-size: 10pt;\">425\u00a0$<\/span><\/td>\n<\/tr>\n<tr style=\"height: 40px;\">\n<td style=\"height: 40px; width: 418px; padding-left: 30px;\"><span style=\"font-size: 10pt;\">Membres : retrait\u00e9s<\/span><\/td>\n<td class=\"rtecenter\" style=\"height: 40px; width: 119px; text-align: center;\"><span style=\"font-size: 10pt;\">275 $<\/span><\/td>\n<td class=\"rtecenter\" style=\"height: 40px; width: 111px; text-align: center;\"><span style=\"font-size: 13.3333px;\">325 $<\/span><\/td>\n<td class=\"rtecenter\" style=\"height: 40px; width: 123px; text-align: center;\"><span style=\"font-size: 10pt;\">490 $<\/span><\/td>\n<\/tr>\n<tr style=\"height: 40px;\">\n<td style=\"height: 40px; width: 418px; padding-left: 30px;\"><span style=\"font-size: 10pt;\"> Non-membre: retrait\u00e9s<\/span><\/td>\n<td class=\"rtecenter\" style=\"height: 40px; width: 119px; text-align: center;\"><span style=\"font-size: 10pt;\">345 $<\/span><\/td>\n<td class=\"rtecenter\" style=\"height: 40px; width: 111px; text-align: center;\"><span style=\"font-size: 10pt;\">395 $<\/span><\/td>\n<td class=\"rtecenter\" style=\"height: 40px; width: 123px; text-align: center;\"><span style=\"font-size: 10pt;\">495 $<\/span><\/td>\n<\/tr>\n<tr style=\"height: 92px;\">\n<td style=\"height: 92px; width: 418px; padding-left: 30px;\"><span style=\"font-size: 10pt;\"> Membres : \u00e9tudiants de deuxi\u00e8me ou troisi\u00e8me cycle<br \/>\n<span style=\"font-size: 8pt;\">(V\u00e9rification de statu \u00e9tudiant devrait \u00eatre soumettre\u00a0au bureau d&#8217;inscription)<\/span><\/span><\/td>\n<td class=\"rtecenter\" style=\"height: 92px; width: 119px; text-align: center;\"><span style=\"font-size: 10pt;\">240 $<\/span><\/td>\n<td class=\"rtecenter\" style=\"height: 92px; width: 111px; text-align: center;\"><span style=\"font-size: 10pt;\">290 $<\/span><\/td>\n<td class=\"rtecenter\" style=\"height: 92px; width: 123px; text-align: center;\"><span style=\"font-size: 10pt;\">390 $<\/span><\/td>\n<\/tr>\n<tr style=\"height: 40px;\">\n<td style=\"height: 40px; width: 418px; padding-left: 30px;\"><span style=\"font-size: 10pt;\"> Non-membres : \u00e9tudiants de deuxi\u00e8me ou troisi\u00e8me cycle<\/span><\/td>\n<td class=\"rtecenter\" style=\"height: 40px; width: 119px; text-align: center;\"><span style=\"font-size: 10pt;\">310 $<\/span><\/td>\n<td class=\"rtecenter\" style=\"height: 40px; width: 111px; text-align: center;\"><span style=\"font-size: 10pt;\">360 $<\/span><\/td>\n<td class=\"rtecenter\" style=\"height: 40px; width: 123px; text-align: center;\"><span style=\"font-size: 10pt;\">460 $<\/span><\/td>\n<\/tr>\n<tr style=\"height: 40px;\">\n<td style=\"height: 40px; width: 418px; padding-left: 30px;\"><span style=\"font-size: 10pt;\"> Membres : enseignants au secondaire ou au coll\u00e9gial<\/span><\/td>\n<td class=\"rtecenter\" style=\"height: 40px; width: 119px; text-align: center;\"><span style=\"font-size: 10pt;\">10 $<\/span><\/td>\n<td class=\"rtecenter\" style=\"height: 40px; width: 111px; text-align: center;\"><span style=\"font-size: 10pt;\">10 $<\/span><\/td>\n<td class=\"rtecenter\" style=\"height: 40px; width: 123px; text-align: center;\"><span style=\"font-size: 10pt;\">60\u00a0$<\/span><\/td>\n<\/tr>\n<tr style=\"height: 40px;\">\n<td style=\"height: 40px; width: 418px; padding-left: 30px;\"><span style=\"font-size: 10pt;\"> Non-membres : enseignants au secondaire ou au coll\u00e9gial<\/span><\/td>\n<td class=\"rtecenter\" style=\"height: 40px; width: 119px; text-align: center;\"><span style=\"font-size: 10pt;\">50 $<\/span><\/td>\n<td class=\"rtecenter\" style=\"height: 40px; width: 111px; text-align: center;\"><span style=\"font-size: 10pt;\">50 $<\/span><\/td>\n<td class=\"rtecenter\" style=\"height: 40px; width: 123px; text-align: center;\"><span style=\"font-size: 10pt;\">100\u00a0$<\/span><\/td>\n<\/tr>\n<tr style=\"height: 40px;\">\n<td style=\"height: 40px; width: 418px; padding-left: 30px;\"><span style=\"font-size: 10pt;\"> \u00c9tudiants du premier cycle affili\u00e9s \u00e0 l&#8217;ACP**<\/span><\/td>\n<td class=\"rtecenter\" style=\"height: 40px; width: 119px; text-align: center;\"><span style=\"font-size: 10pt;\">125 $<\/span><\/td>\n<td class=\"rtecenter\" style=\"height: 40px; width: 111px; text-align: center;\"><span style=\"font-size: 10pt;\">175 $<\/span><\/td>\n<td class=\"rtecenter\" style=\"height: 40px; width: 123px; text-align: center;\"><span style=\"font-size: 10pt;\">275 $<\/span><\/td>\n<\/tr>\n<tr style=\"height: 40px;\">\n<td style=\"height: 40px; width: 418px;\"><\/td>\n<td style=\"height: 40px; width: 119px; text-align: center;\"><\/td>\n<td style=\"height: 40px; width: 111px; text-align: center;\"><\/td>\n<td style=\"height: 40px; width: 123px; text-align: center;\"><\/td>\n<\/tr>\n<tr style=\"height: 40px;\">\n<td style=\"height: 40px; width: 771px;\" colspan=\"4\"><span style=\"font-size: 12pt;\"><strong><span style=\"color: #ff0000;\">Inscription d&#8217;une journ\u00e9e\u00a0 (par jour) :<\/span><\/strong><\/span><\/td>\n<\/tr>\n<tr style=\"height: 40px;\">\n<td style=\"height: 40px; width: 418px;\"><span style=\"font-size: 10pt;\"> Membres<\/span><\/td>\n<td class=\"rtecenter\" style=\"height: 40px; width: 119px; text-align: center;\"><span style=\"font-size: 10pt;\">175 $<\/span><\/td>\n<td class=\"rtecenter\" style=\"height: 40px; width: 111px; text-align: center;\"><span style=\"font-size: 10pt;\">200 $<\/span><\/td>\n<td class=\"rtecenter\" style=\"height: 40px; width: 123px; text-align: center;\"><span style=\"font-size: 10pt;\">250 $<\/span><\/td>\n<\/tr>\n<tr style=\"height: 40px;\">\n<td style=\"height: 40px; width: 418px;\"><span style=\"font-size: 10pt;\"> Conf\u00e9renciers invit\u00e9s<\/span><\/td>\n<td class=\"rtecenter\" style=\"height: 40px; width: 119px; text-align: center;\"><span style=\"font-size: 10pt;\">175 $<\/span><\/td>\n<td class=\"rtecenter\" style=\"height: 40px; width: 111px; text-align: center;\"><span style=\"font-size: 10pt;\">175 $<\/span><\/td>\n<td class=\"rtecenter\" style=\"height: 40px; width: 123px; text-align: center;\"><span style=\"font-size: 10pt;\">250 $<\/span><\/td>\n<\/tr>\n<tr style=\"height: 40px;\">\n<td style=\"height: 40px; width: 418px;\"><span style=\"font-size: 10pt;\"> Non-membres<\/span><\/td>\n<td class=\"rtecenter\" style=\"height: 40px; width: 119px; text-align: center;\"><span style=\"font-size: 10pt;\">280 $<\/span><\/td>\n<td class=\"rtecenter\" style=\"height: 40px; width: 111px; text-align: center;\"><span style=\"font-size: 10pt;\">305 $<\/span><\/td>\n<td class=\"rtecenter\" style=\"height: 40px; width: 123px; text-align: center;\"><span style=\"font-size: 10pt;\">355 $<\/span><\/td>\n<\/tr>\n<tr style=\"height: 66px;\">\n<td style=\"height: 66px; width: 418px;\"><span style=\"font-size: 10pt;\"> Membres : en d\u00e9but de carri\u00e8re* (dipl\u00f4me obtenu depuis moins de 4 ans)\u00a0<\/span><\/td>\n<td class=\"rtecenter\" style=\"height: 66px; width: 119px; text-align: center;\"><span style=\"font-size: 10pt;\">130 $<\/span><\/td>\n<td class=\"rtecenter\" style=\"height: 66px; width: 111px; text-align: center;\"><span style=\"font-size: 10pt;\">155 $<\/span><\/td>\n<td class=\"rtecenter\" style=\"height: 66px; width: 123px; text-align: center;\"><span style=\"font-size: 10pt;\">205\u00a0$<\/span><\/td>\n<\/tr>\n<tr style=\"height: 35px;\">\n<td style=\"height: 35px; width: 418px;\"><span style=\"font-size: 10pt;\">Membres : retrait\u00e9s<\/span><\/td>\n<td class=\"rtecenter\" style=\"height: 35px; width: 119px; text-align: center;\"><span style=\"font-size: 10pt;\">130 $<\/span><\/td>\n<td class=\"rtecenter\" style=\"height: 35px; width: 111px; text-align: center;\"><span style=\"font-size: 10pt;\">155 $<\/span><\/td>\n<td class=\"rtecenter\" style=\"height: 35px; width: 123px; text-align: center;\"><span style=\"font-size: 10pt;\">205\u00a0$<\/span><\/td>\n<\/tr>\n<tr style=\"height: 40px;\">\n<td style=\"height: 40px; width: 418px;\"><span style=\"font-size: 10pt;\"> Non-membre: retrait\u00e9s<\/span><\/td>\n<td class=\"rtecenter\" style=\"height: 40px; width: 119px; text-align: center;\"><span style=\"font-size: 10pt;\">165 $<\/span><\/td>\n<td class=\"rtecenter\" style=\"height: 40px; width: 111px; text-align: center;\"><span style=\"font-size: 10pt;\">190 $<\/span><\/td>\n<td class=\"rtecenter\" style=\"height: 40px; width: 123px; text-align: center;\"><span style=\"font-size: 10pt;\">240 $<\/span><\/td>\n<\/tr>\n<tr style=\"height: 40px;\">\n<td style=\"height: 40px; width: 418px;\"><span style=\"font-size: 10pt;\"> Membres : \u00e9tudiants de deuxi\u00e8me ou troisi\u00e8me cycle<\/span><\/td>\n<td class=\"rtecenter\" style=\"height: 40px; width: 119px; text-align: center;\"><span style=\"font-size: 10pt;\">115 $<\/span><\/td>\n<td class=\"rtecenter\" style=\"height: 40px; width: 111px; text-align: center;\"><span style=\"font-size: 10pt;\">140 $<\/span><\/td>\n<td class=\"rtecenter\" style=\"height: 40px; width: 123px; text-align: center;\"><span style=\"font-size: 10pt;\">190 $<\/span><\/td>\n<\/tr>\n<tr style=\"height: 40px;\">\n<td style=\"height: 40px; width: 418px;\"><span style=\"font-size: 10pt;\"> Non-membres : \u00e9tudiants de deuxi\u00e8me ou troisi\u00e8me cycle<\/span><\/td>\n<td class=\"rtecenter\" style=\"height: 40px; width: 119px; text-align: center;\"><span style=\"font-size: 10pt;\">150 $<\/span><\/td>\n<td class=\"rtecenter\" style=\"height: 40px; width: 111px; text-align: center;\"><span style=\"font-size: 10pt;\">175 $<\/span><\/td>\n<td class=\"rtecenter\" style=\"height: 40px; width: 123px; text-align: center;\"><span style=\"font-size: 10pt;\">225 $<\/span><\/td>\n<\/tr>\n<tr style=\"height: 40px;\">\n<td style=\"height: 40px; width: 418px;\"><span style=\"font-size: 10pt;\">\u00c9tudiants du premier cycle affili\u00e9s \u00e0 l&#8217;ACP**<\/span><\/td>\n<td class=\"rtecenter\" style=\"height: 40px; width: 119px; text-align: center;\"><span style=\"font-size: 10pt;\">55 $<\/span><\/td>\n<td class=\"rtecenter\" style=\"height: 40px; width: 111px; text-align: center;\"><span style=\"font-size: 10pt;\">80 $<\/span><\/td>\n<td class=\"rtecenter\" style=\"height: 40px; width: 123px; text-align: center;\"><span style=\"font-size: 10pt;\">130 $<\/span><\/td>\n<\/tr>\n<tr style=\"height: 40px;\">\n<td style=\"height: 40px; width: 771px;\" colspan=\"4\"><span style=\"font-size: 10pt; color: #ff0000;\"><strong>Journ\u00e9e des enseignants\u00a0(LUNDI) :<\/strong><\/span><\/td>\n<\/tr>\n<tr style=\"height: 40px;\">\n<td style=\"height: 40px; width: 418px;\"><span style=\"font-size: 10pt;\"> Membres : enseignants au secondaire ou au coll\u00e9gial<\/span><\/td>\n<td class=\"rtecenter\" style=\"height: 40px; width: 119px; text-align: center;\"><span style=\"font-size: 10pt;\">10 $<\/span><\/td>\n<td class=\"rtecenter\" style=\"height: 40px; width: 111px; text-align: center;\"><span style=\"font-size: 10pt;\">10 $<\/span><\/td>\n<td class=\"rtecenter\" style=\"height: 40px; width: 123px; text-align: center;\"><span style=\"font-size: 10pt;\">60 $<\/span><\/td>\n<\/tr>\n<tr style=\"height: 40px;\">\n<td style=\"height: 40px; width: 418px;\"><span style=\"font-size: 10pt;\"> Non-membres : enseignants au secondaire ou au coll\u00e9gial<\/span><\/td>\n<td class=\"rtecenter\" style=\"height: 40px; width: 119px; text-align: center;\"><span style=\"font-size: 10pt;\">50 $<\/span><\/td>\n<td class=\"rtecenter\" style=\"height: 40px; width: 111px; text-align: center;\"><span style=\"font-size: 10pt;\">50 $<\/span><\/td>\n<td class=\"rtecenter\" style=\"height: 40px; width: 123px; text-align: center;\"><span style=\"font-size: 10pt;\">100 $<\/span><\/td>\n<\/tr>\n<tr style=\"height: 40px;\">\n<td style=\"height: 40px; width: 771px;\" colspan=\"4\"><span style=\"font-size: 10pt; color: #ff0000;\"><strong>Journ\u00e9e de colloques (MARDI) :<\/strong><\/span><\/td>\n<\/tr>\n<tr style=\"height: 40px;\">\n<td style=\"height: 40px; width: 418px;\"><span style=\"font-size: 10pt;\">Sessions de th\u00e8me (mardi) seulement\u00a0&#8211; membres \u00e0 plein tarif et non membres<br \/>\n<\/span><span style=\"font-size: 10pt;\">(le d\u00e9jeuner et le d\u00eener sont des frais suppl\u00e9mentaires)<\/span><\/td>\n<td class=\"rtecenter\" style=\"height: 40px; width: 119px; text-align: center;\"><span style=\"font-size: 10pt;\">175 $<\/span><\/td>\n<td class=\"rtecenter\" style=\"height: 40px; width: 111px; text-align: center;\"><span style=\"font-size: 10pt;\">200 $<\/span><\/td>\n<td class=\"rtecenter\" style=\"height: 40px; width: 123px; text-align: center;\"><span style=\"font-size: 10pt;\">250 $<\/span><\/td>\n<\/tr>\n<tr style=\"height: 40px;\">\n<td style=\"height: 40px; width: 418px;\"><span style=\"font-size: 10pt;\">Sessions de th\u00e8mes (mardi)\u00a0seulement &#8211; membres en d\u00e9but de carri\u00e8re et membres retrait\u00e9s<\/span><\/td>\n<td class=\"rtecenter\" style=\"height: 40px; width: 119px; text-align: center;\"><span style=\"font-size: 13.3333px;\">130 $<\/span><\/td>\n<td class=\"rtecenter\" style=\"height: 40px; width: 111px; text-align: center;\"><span style=\"font-size: 10pt;\">155 $<\/span><\/td>\n<td class=\"rtecenter\" style=\"height: 40px; width: 123px; text-align: center;\"><span style=\"font-size: 10pt;\">205 $<\/span><\/td>\n<\/tr>\n<tr style=\"height: 40px;\">\n<td style=\"height: 40px; width: 418px;\"><span style=\"font-size: 10pt;\">Sessions de th\u00e8mes (mardi)\u00a0seulement &#8211; \u00e9tudiants<\/span><\/td>\n<td class=\"rtecenter\" style=\"height: 40px; width: 119px; text-align: center;\"><span style=\"font-size: 13.3333px;\">115 $<\/span><\/td>\n<td class=\"rtecenter\" style=\"height: 40px; width: 111px; text-align: center;\"><span style=\"font-size: 10pt;\">140 $<\/span><\/td>\n<td class=\"rtecenter\" style=\"height: 40px; width: 123px; text-align: center;\"><span style=\"font-size: 10pt;\">190 $<\/span><\/td>\n<\/tr>\n<tr style=\"height: 146px;\">\n<td style=\"height: 146px; width: 771px;\" colspan=\"4\"><span style=\"font-size: 10pt;\">* ce frais sp\u00e9cial est offert aux membres seulement; non-membres en d\u00e9but de carri\u00e8re est invit\u00e9 \u00e0 joindre l&#8217;ACP pour en profiter. Sinon, le frais non-membre sera requis.<\/span><\/p>\n<p><span style=\"font-size: 10pt;\"><strong>** Il est gratuit pour les \u00e9tudiants de premier cycle de se joindre \u00e0 l&#8217;ACP; il n&#8217;y a donc pas de frais sp\u00e9cifiquement aux non-membres.<\/strong><\/span><\/p>\n<p><span style=\"font-size: 10pt;\">*** Les participants au Journ\u00e9e des enseignants peuvent s&#8217;inscrire pour participer aux journ\u00e9es suppl\u00e9mentaires du Congr\u00e8s de l&#8217;ACP (y compris les symposiums du mardi) sans frais d&#8217;inscription suppl\u00e9mentaires.<\/span><\/td>\n<\/tr>\n<\/tbody>\n<\/table>\n<p><strong>\u00a0<\/strong><\/p>\n<p><a href=\"https:\/\/cap.ca\/fr\/congres-de-lacp\/congres-anterieurs\/congres-2017\/termes-conditions\/\" target=\"_blank\" rel=\"noopener noreferrer\">Termes et conditions et politique de remboursement<\/a><\/p>\n","protected":false},"excerpt":{"rendered":"<p>Les frais d&#8217;inscription suivants sont indiqu\u00e9s en dollars canadiens. La TPS de 5 % doit \u00eatre ajout\u00e9e \u00e0 ces prix. Les frais d&#8217;inscription pour le congr\u00e8s au complet comprennent des rafra\u00eechissements lors de diff\u00e9rentes activit\u00e9s sociales ainsi que des pauses caf\u00e9 tout au long du congr\u00e8s. Le Gala de reconnaissance du mercredi soir, les diners&#8230;  <a class=\"excerpt-read-more\" href=\"https:\/\/cap.ca\/fr\/congres-de-lacp\/congres-anterieurs\/congres-lacp-2019\/sinscrire-maintenant\/frais-dinscription-2019\/\" title=\"LireFrais d&#8217;inscription 2019\">Lire la suite &raquo;<\/a><\/p>\n","protected":false},"author":12,"featured_media":0,"parent":13246,"menu_order":7,"comment_status":"closed","ping_status":"closed","template":"","meta":{"footnotes":""},"class_list":["post-11999","page","type-page","status-publish","hentry"],"_links":{"self":[{"href":"https:\/\/cap.ca\/fr\/wp-json\/wp\/v2\/pages\/11999","targetHints":{"allow":["GET"]}}],"collection":[{"href":"https:\/\/cap.ca\/fr\/wp-json\/wp\/v2\/pages"}],"about":[{"href":"https:\/\/cap.ca\/fr\/wp-json\/wp\/v2\/types\/page"}],"author":[{"embeddable":true,"href":"https:\/\/cap.ca\/fr\/wp-json\/wp\/v2\/users\/12"}],"replies":[{"embeddable":true,"href":"https:\/\/cap.ca\/fr\/wp-json\/wp\/v2\/comments?post=11999"}],"version-history":[{"count":47,"href":"https:\/\/cap.ca\/fr\/wp-json\/wp\/v2\/pages\/11999\/revisions"}],"predecessor-version":[{"id":13270,"href":"https:\/\/cap.ca\/fr\/wp-json\/wp\/v2\/pages\/11999\/revisions\/13270"}],"up":[{"embeddable":true,"href":"https:\/\/cap.ca\/fr\/wp-json\/wp\/v2\/pages\/13246"}],"wp:attachment":[{"href":"https:\/\/cap.ca\/fr\/wp-json\/wp\/v2\/media?parent=11999"}],"curies":[{"name":"wp","href":"https:\/\/api.w.org\/{rel}","templated":true}]}}