{"id":11774,"date":"2019-01-15T15:32:09","date_gmt":"2019-01-15T20:32:09","guid":{"rendered":"https:\/\/cap.ca\/?page_id=11774\/"},"modified":"2019-03-01T13:06:18","modified_gmt":"2019-03-01T18:06:18","slug":"comite-de-programmation-du-congres","status":"publish","type":"page","link":"https:\/\/cap.ca\/fr\/congres-de-lacp\/congres-anterieurs\/congres-lacp-2019\/comite-de-programmation-du-congres\/","title":{"rendered":"Comit\u00e9 de programmation du congr\u00e8s 2019"},"content":{"rendered":"<p>&nbsp;<\/p>\n<table>\n<tbody>\n<tr style=\"height: 225px;\">\n<td style=\"height: 225px;\" valign=\"top\"><strong>PR\u00c9SIDENTE<\/strong><\/p>\n<p>Shohini Ghose<br \/>\nWilfrid Laurier University<\/p>\n<p>T\u00e9l. :\u00a0(519) 884-0710<br \/>\nCourriel : sghose[at]wlu[dot]ca<\/td>\n<td style=\"height: 225px;\" valign=\"top\"><strong>PR\u00c9SIDENT DE L&#8217;ACP (Observateur)<\/strong><\/p>\n<p>Bruce Gaulin<br \/>\nMcMaster University<\/p>\n<p>T\u00e9l. : (905) 525-9140<br \/>\nCourriel : gaulin[at]mcmaster[dot]ca<\/td>\n<\/tr>\n<tr style=\"height: 225px;\">\n<td style=\"height: 225px;\" valign=\"top\"><strong>VP-ELU (Comp\u00e9tition meilleure communication \u00e9tudiante)<\/strong><\/p>\n<p>Robert Thompson<br \/>\nUniversity. of Calgary<\/p>\n<p>T\u00e9l. :\u00a0(403) 220-5407<br \/>\nCourriel :\u00a0rthompso[at]ucalgary[dot]ca<\/td>\n<td style=\"height: 225px;\" valign=\"top\"><strong>AFFAIRES INDUSTRIELLES<\/strong><\/p>\n<p>Ian D\u2019Souza<br \/>\nHoneywell Aerospace<\/p>\n<p>T\u00e9l. : (519) 622-2300 Ext. 4212<br \/>\nCourriel : ian[dot]a[dot]dsouza[at]gmail[dot]com<\/td>\n<\/tr>\n<tr style=\"height: 225px;\">\n<td style=\"height: 225px;\" valign=\"top\"><strong>POLITIQUE SCIENTIFIQUE<\/strong><\/p>\n<p>Maikel\u00a0Rheinstadter<br \/>\nMcMaster University<\/p>\n<p>T\u00e9l. : (519) 253-3000<br \/>\nCourriel : rheinstadter[at]mcmaster[dot]ca<\/td>\n<td style=\"height: 225px;\" valign=\"top\"><strong>TR\u00c9SORIER DE L&#8217;ACP<\/strong><\/p>\n<p>Gordon Drake<br \/>\nUniversity of Windsor<\/p>\n<p>T\u00e9l. :\u00a0(519) 253-3000<br \/>\nCourriel :\u00a0gdrake[at]uwindsor[dot]ca<\/td>\n<\/tr>\n<tr style=\"height: 225px;\">\n<td style=\"height: 225px;\" valign=\"top\"><strong>COORDONNATRICE DU CONGR\u00c8S<\/strong><\/p>\n<p>Francine Ford<br \/>\nAssociation canadienne des physiciens et physiciennes<\/p>\n<p>T\u00e9l. : (613) 562-5617<br \/>\nCourriel : execdir[at]cap[dot]ca<\/td>\n<td style=\"height: 225px;\" valign=\"top\"><strong>COORDONNATEUR-ADJOINT DU CONGR\u00c8S<\/strong><\/p>\n<p>Matthew Hintermann<br \/>\nAssociation canadienne des physiciens et physiciennes<\/p>\n<p>T\u00e9l. : (613) 562-5614<br \/>\nCourriel : programs[at]cap[dot]ca<\/td>\n<\/tr>\n<tr style=\"height: 249px;\">\n<td style=\"height: 249px;\" valign=\"top\"><strong>VP DU COMIT\u00c9 ORGANISATEUR LOCAL<\/strong><\/p>\n<p>Barbara Frisken<br \/>\nSimon Fraser University<\/p>\n<p>T\u00e9l. :\u00a0(778) 782-5767<br \/>\nCourriel :\u00a0frisken[at]sfu[dot]ca<\/td>\n<td style=\"height: 249px;\" valign=\"top\"><strong>VP DU COMIT\u00c9 ORGANISATEUR LOCAL<\/strong><\/p>\n<p>Jeffrey Sonier<br \/>\nSimon Fraser University<\/p>\n<p>T\u00e9l. : (778)782-4518<br \/>\nCourriel : jsonier[at]sfu[dot]ca<\/td>\n<\/tr>\n<tr style=\"height: 225px;\">\n<td style=\"height: 225px;\" valign=\"top\"><strong>COMIT\u00c9 POUR ENCOURAGER LES FEMMES EN PHYSIQUE<\/strong><\/p>\n<p>James Botte<br \/>\nCarleton University<\/p>\n<p>T\u00e9l. : (613) 983-4731<br \/>\nCourriel : jbotte[at]physics[dot]carleton[dot]ca<\/td>\n<td style=\"height: 225px;\" valign=\"top\"><strong>PHYSIQUE APPLIQU\u00c9E ET DE L&#8217;INSTRUMENTATION\u00a0<\/strong><\/p>\n<p>Kirk Michaelian<br \/>\nNRC<\/p>\n<p>T\u00e9l. :\u00a0(780) 987-8646<br \/>\nCourriel :\u00a0michaeli[at]NRCan[dot]gc[dot]ca<\/td>\n<\/tr>\n<tr style=\"height: 225px;\">\n<td style=\"height: 225px;\" valign=\"top\"><strong>PHYSIQUE ATMOSPH\u00c9RIQUE ET DE L\u2019ESPACE<\/strong><\/p>\n<p>Johnathan Burchill<br \/>\nUniversity of Calgary<\/p>\n<p>T\u00e9l. : (403) 220-8108<br \/>\nCourriel : j[dot]burchill[at]ucalgary[dot]ca<\/td>\n<td style=\"height: 225px;\" valign=\"top\"><strong>PHYSIQUE ATOMIQUE, MOL\u00c9CULAIRE ET PHOTONIQUE<\/strong><\/p>\n<p>Karl Peter Marzlin<br \/>\nS-Francis Xavier University<\/p>\n<p>T\u00e9l. :\u00a0(902) 867-2312<br \/>\nCourriel : pmarzlin[at]stfx[dot]ca<\/td>\n<\/tr>\n<tr style=\"height: 179px;\">\n<td style=\"height: 179px;\" valign=\"top\"><strong>PHYSIQUE DE LA MATI\u00c8RE CONDENS\u00c9E ET DES MAT\u00c9RIAUX<\/strong><\/p>\n<p>Michel Gingras<br \/>\nUniversity\u00a0Waterloo<\/p>\n<p>T\u00e9l. :\u00a0(519) 888-4567<br \/>\nCourriel : gingras[at]uwaterloo[dot]ca<\/td>\n<td style=\"height: 179px;\" valign=\"top\"><strong>HISTOIRE DE LA PHYSIQUE<\/strong><\/p>\n<p>Patrick Clancy<br \/>\nMcMaster University<\/p>\n<p>T\u00e9l. : (289) 925-8922<br \/>\nCourriel :\u00a0<a href=\"mailto:louis.marchildon%40uqtr.ca\">j<\/a>piclancy[at]gmail[dot]com<\/td>\n<\/tr>\n<tr style=\"height: 216px;\">\n<td style=\"height: 216px;\" valign=\"top\"><strong>PHYSIQUE EN M\u00c9DECINE ET EN BIOLOGIE<\/strong><\/p>\n<p>Francis Lin<br \/>\nUniversity of\u00a0Manitoba<\/p>\n<p>T\u00e9l. :\u00a0(204) 474-9895<br \/>\nCourriel : francis[dot]lin[at]umanitoba[dot]ca<\/td>\n<td style=\"height: 216px;\" valign=\"top\"><strong>PHYSIQUE NUCL\u00c9AIRE<\/strong><\/p>\n<p>Gerald Gwinner<br \/>\nUniversity of\u00a0Manitoba<\/p>\n<p>T\u00e9l. : (204) 474-9856<br \/>\nCourriel : gwinner[at]physics[dot]umanitoba[dot]ca<\/td>\n<\/tr>\n<tr style=\"height: 224px;\">\n<td style=\"height: 224px;\" valign=\"top\"><strong>ENSEIGNEMENT DE LA PHYSIQUE<\/strong><\/p>\n<p>Patricia Mitchler<br \/>\nBalmoral Hall School<\/p>\n<p>T\u00e9l. : (204) 784-1600<br \/>\nCourriel : Patricia[dot]Mitchler[at]UMAlumni[dot]mb[dot]ca<\/td>\n<td style=\"height: 224px;\" valign=\"top\"><strong>PHYSIQUE DES PARTICULES<\/strong><\/p>\n<p>David Morrissey<br \/>\nTRIUMF<\/p>\n<p>T\u00e9l. :\u00a0(604) 222-7697<br \/>\nCourriel : dmorri[at]triumf[dot]ca<\/td>\n<\/tr>\n<tr style=\"height: 225px;\">\n<td style=\"height: 225px;\" valign=\"top\"><strong>PHYSIQUE DES PLASMAS<\/strong><\/p>\n<p>Micheal Bradley<br \/>\nUniversity of\u00a0Saskatchewan<\/p>\n<p>T\u00e9l. : (306) 966-6399<br \/>\nCourriel : michael[dot]bradley[at]usask[dot]ca<\/td>\n<td style=\"height: 225px;\" valign=\"top\"><strong>SCIENCE DES SURFACES<\/strong><\/p>\n<p>Steve Patitsas<br \/>\nLakehead University<\/p>\n<p>T\u00e9l. : 403-329-2358<br \/>\nCourriel : steve[dot]patitsas[at]lakeheadu[dot]ca<\/td>\n<\/tr>\n<tr style=\"height: 225px;\">\n<td style=\"height: 225px;\" valign=\"top\"><strong>PHYSIQUE TH\u00c9ORIQUE<\/strong><\/p>\n<p>Ariel Edery<br \/>\nBishop\u2019s University<\/p>\n<p>T\u00e9l. : (819) 822-9600<br \/>\nCourriel : aedery[at]ubishops[dot]ca<\/td>\n<td style=\"height: 225px;\" valign=\"top\"><\/td>\n<\/tr>\n<\/tbody>\n<\/table>\n","protected":false},"excerpt":{"rendered":"<p>&nbsp; PR\u00c9SIDENTE Shohini Ghose Wilfrid Laurier University T\u00e9l. :\u00a0(519) 884-0710 Courriel : sghose[at]wlu[dot]ca PR\u00c9SIDENT DE L&#8217;ACP (Observateur) Bruce Gaulin McMaster University T\u00e9l. : (905) 525-9140 Courriel : gaulin[at]mcmaster[dot]ca VP-ELU (Comp\u00e9tition meilleure communication \u00e9tudiante) Robert Thompson University. of Calgary T\u00e9l. :\u00a0(403) 220-5407 Courriel :\u00a0rthompso[at]ucalgary[dot]ca AFFAIRES INDUSTRIELLES Ian D\u2019Souza Honeywell Aerospace T\u00e9l. : (519) 622-2300 Ext. 4212&#8230;  <a class=\"excerpt-read-more\" href=\"https:\/\/cap.ca\/fr\/congres-de-lacp\/congres-anterieurs\/congres-lacp-2019\/comite-de-programmation-du-congres\/\" title=\"LireComit\u00e9 de programmation du congr\u00e8s 2019\">Lire la suite &raquo;<\/a><\/p>\n","protected":false},"author":6,"featured_media":0,"parent":8943,"menu_order":156,"comment_status":"closed","ping_status":"closed","template":"","meta":{"footnotes":""},"class_list":["post-11774","page","type-page","status-publish","hentry"],"_links":{"self":[{"href":"https:\/\/cap.ca\/fr\/wp-json\/wp\/v2\/pages\/11774","targetHints":{"allow":["GET"]}}],"collection":[{"href":"https:\/\/cap.ca\/fr\/wp-json\/wp\/v2\/pages"}],"about":[{"href":"https:\/\/cap.ca\/fr\/wp-json\/wp\/v2\/types\/page"}],"author":[{"embeddable":true,"href":"https:\/\/cap.ca\/fr\/wp-json\/wp\/v2\/users\/6"}],"replies":[{"embeddable":true,"href":"https:\/\/cap.ca\/fr\/wp-json\/wp\/v2\/comments?post=11774"}],"version-history":[{"count":6,"href":"https:\/\/cap.ca\/fr\/wp-json\/wp\/v2\/pages\/11774\/revisions"}],"predecessor-version":[{"id":12037,"href":"https:\/\/cap.ca\/fr\/wp-json\/wp\/v2\/pages\/11774\/revisions\/12037"}],"up":[{"embeddable":true,"href":"https:\/\/cap.ca\/fr\/wp-json\/wp\/v2\/pages\/8943"}],"wp:attachment":[{"href":"https:\/\/cap.ca\/fr\/wp-json\/wp\/v2\/media?parent=11774"}],"curies":[{"name":"wp","href":"https:\/\/api.w.org\/{rel}","templated":true}]}}