{"id":11772,"date":"2019-01-11T10:32:58","date_gmt":"2019-01-11T15:32:58","guid":{"rendered":"https:\/\/cap.ca\/congres-de-lacp\/congres-lacp-2019\/accommodations\/"},"modified":"2019-05-26T11:59:32","modified_gmt":"2019-05-26T15:59:32","slug":"accommodations","status":"publish","type":"page","link":"https:\/\/cap.ca\/fr\/congres-de-lacp\/congres-anterieurs\/congres-lacp-2019\/accommodations\/","title":{"rendered":"H\u00e9bergement 2019"},"content":{"rendered":"<h4 style=\"text-align: justify;\">Visitez <a href=\"https:\/\/www.tourismvancouver.com\/\" target=\"_blank\" rel=\"noopener noreferrer\">Tourisme Vancouver<\/a> pour obtenir une liste des\u00a0endroits et des sites que vous pourrez d\u00e9couvrir \u00e0 Vancouver et dans ses environs.<\/h4>\n<h3 style=\"text-align: justify;\"><\/h3>\n<blockquote><p><em>Questions concernant l&#8217;h\u00e9bergement?\u00a0 Contacter Dre. Karen Kavanagh, SFU, \u00e0 <a href=\"mailto:kavanagh@sfu.ca\">kavanagh@sfu.ca<\/a>.<\/em><\/p><\/blockquote>\n<p>______________________________________________________________________________________________<\/p>\n<h4><span style=\"font-size: 14pt;\">H\u00c9BERGEMENT SUR LE CAMPUS<\/span><strong>\u00a0 &#8212;<\/p>\n<p><\/strong><\/h4>\n<p><span style=\"color: #ff0000;\"><strong>NOTE: \u00c0 compter du 24 mai, les r\u00e9sidences de la SFU seront enti\u00e8rement r\u00e9serv\u00e9es pendant le congr\u00e8s de l&#8217;ACP.\u00a0\u00a0Ils ne peuvent plus accepter les demandes de r\u00e9servation pour l&#8217;ACP.<\/strong><\/span><\/p>\n<h4><strong>\u00a0<\/strong><\/h4>\n<div><strong>SFU Conference and Guest Accommodation<\/strong><\/div>\n<div>\n<p>Pour demander un h\u00e9bergement au campus SFU Burnaby, contactez directement les services de r\u00e9sidence \u00e0 778.782.4503 ou http:\/\/www.sfu.ca\/stayhere.html.<\/p>\n<p><em>Les tarifs sp\u00e9ciaux et les blocs de chambres indiqu\u00e9s ci-dessous pour les congressistes du Congr\u00e8s de l&#8217;ACP seront disponibles jusqu&#8217;au <strong>1er mai 2019<\/strong>. Apr\u00e8s cette date, la disponibilit\u00e9 ne sera plus garantie et les clients seront soumis aux tarifs habituels de la haute saison.<\/em><\/p>\n<\/div>\n<div>\n<p>Les logements seront disponibles \u00e0 :<\/p>\n<div id=\"attachment_12056\" style=\"width: 310px\" class=\"wp-caption alignnone\"><a href=\"https:\/\/cap.ca\/sfu-residences-single-rooms\/\"><img loading=\"lazy\" decoding=\"async\" aria-describedby=\"caption-attachment-12056\" class=\"size-medium wp-image-12056\" src=\"https:\/\/cap.ca\/wp-content\/uploads\/2019\/02\/SFU-Residences-single-rooms-300x109.jpg\" alt=\"\" width=\"300\" height=\"109\" srcset=\"https:\/\/cap.ca\/wp-content\/uploads\/2019\/02\/SFU-Residences-single-rooms-300x109.jpg 300w, https:\/\/cap.ca\/wp-content\/uploads\/2019\/02\/SFU-Residences-single-rooms.jpg 550w\" sizes=\"auto, (max-width: 300px) 100vw, 300px\" \/><\/a><p id=\"caption-attachment-12056\" class=\"wp-caption-text\">SFU-Residences-single-rooms<\/p><\/div>\n<p>ou<\/p>\n<div id=\"attachment_12057\" style=\"width: 310px\" class=\"wp-caption alignnone\"><a href=\"https:\/\/cap.ca\/sfu-residences-townhouses\/\"><img loading=\"lazy\" decoding=\"async\" aria-describedby=\"caption-attachment-12057\" class=\"size-medium wp-image-12057\" src=\"https:\/\/cap.ca\/wp-content\/uploads\/2019\/02\/SFU-Residences-townhouses-300x109.jpg\" alt=\"\" width=\"300\" height=\"109\" srcset=\"https:\/\/cap.ca\/wp-content\/uploads\/2019\/02\/SFU-Residences-townhouses-300x109.jpg 300w, https:\/\/cap.ca\/wp-content\/uploads\/2019\/02\/SFU-Residences-townhouses.jpg 550w\" sizes=\"auto, (max-width: 300px) 100vw, 300px\" \/><\/a><p id=\"caption-attachment-12057\" class=\"wp-caption-text\">SFU-Residences-townhouses<\/p><\/div>\n<\/div>\n<div><\/div>\n<div>\n<h4><\/h4>\n<h4>R\u00c9SERVATIONS BLOQU\u00c9ES DANS DES LIEUX HORS-CAMPUS<\/h4>\n<\/div>\n<h3 style=\"text-align: justify;\"><span style=\"font-size: 12pt;\"><br \/>\nDes blocs des chambres situ\u00e9s \u00e0 divers endroits pr\u00e8s de l&#8217;Universit\u00e9 Simon Fraser ont \u00e9t\u00e9 r\u00e9serv\u00e9s pour la dur\u00e9e du congr\u00e8s. Les tarifs sp\u00e9ciaux du congr\u00e8s de l&#8217;ACP sont disponibles jusqu&#8217;au 17 avril SEULEMENT. Veuillez consulter le tableau ci-dessous pour plus de d\u00e9tails. Les prix sont indiqu\u00e9s en dollars canadiens, avant les taxes applicables.<\/span><\/h3>\n<p>Remarque: les tarifs de r\u00e9servation en bloc pour les h\u00f4tels Executive Suites et Executive Plaza ne seront retenus que jusqu&#8217;au 17 avril 2019. Apr\u00e8s cela, les tarifs habituels s&#8217;appliqueront. Nous vous encourageons \u00e0 r\u00e9server t\u00f4t pour vous assurer de la disponibilit\u00e9.<\/p>\n<h2><\/h2>\n<h2><strong>Executive\u00a0Suites Hotel<img loading=\"lazy\" decoding=\"async\" class=\"wp-image-11553 size-medium alignright\" src=\"https:\/\/cap.ca\/wp-content\/uploads\/2019\/01\/Executive-Suites-Hotel-300x181.jpg\" alt=\"\" width=\"300\" height=\"181\" srcset=\"https:\/\/cap.ca\/wp-content\/uploads\/2019\/01\/Executive-Suites-Hotel-300x181.jpg 300w, https:\/\/cap.ca\/wp-content\/uploads\/2019\/01\/Executive-Suites-Hotel.jpg 350w\" sizes=\"auto, (max-width: 300px) 100vw, 300px\" \/><\/strong><\/h2>\n<p style=\"margin: 0cm; margin-bottom: .0001pt;\"><span style=\"font-family: 'Helvetica',sans-serif; color: #444444; background: white;\">4201 Lougheed Hwy<\/span><span style=\"font-family: 'Helvetica',sans-serif; color: #444444;\"><br style=\"box-sizing: border-box; font-variant-ligatures: normal; font-variant-caps: normal; orphans: 2; text-align: start; widows: 2; -webkit-text-stroke-width: 0px; text-decoration-style: initial; text-decoration-color: initial; word-spacing: 0px;\" \/> <span style=\"background: white;\"><span style=\"font-variant-ligatures: normal; font-variant-caps: normal; orphans: 2; text-align: start; widows: 2; -webkit-text-stroke-width: 0px; text-decoration-style: initial; text-decoration-color: initial; float: none; word-spacing: 0px;\">Burnaby, BC V5C 3Y6<\/span><\/span><\/span><\/p>\n<p style=\"margin: 0cm; margin-bottom: .0001pt;\"><span style=\"font-family: 'Helvetica',sans-serif; color: #444444;\">Telephone:\u00a0 (604) 298-2010\u00a0<\/span><\/p>\n<p style=\"margin: 0cm; margin-bottom: .0001pt; box-sizing: border-box; overflow-wrap: normal; hyphens: none; font-feature-settings: 'liga', 'dlig'; font-variant-ligatures: normal; font-variant-caps: normal; orphans: 2; text-align: start; widows: 2; -webkit-text-stroke-width: 0px; text-decoration-style: initial; text-decoration-color: initial; word-spacing: 0px;\"><span style=\"font-family: 'Helvetica',sans-serif; color: #444444;\"><a style=\"box-sizing: border-box; -webkit-tap-highlight-color: rgba(0, 0, 0, 0.3);\" href=\"http:\/\/www.executivehotels.net\"><span style=\"color: #215d8d; text-decoration: none; text-underline: none;\">www.executivehotels.net<\/span><\/a><\/span><\/p>\n<p>&nbsp;<\/p>\n<table>\n<tbody>\n<tr>\n<td width=\"331\">Prix de la chambre*<\/td>\n<td width=\"292\">Informations g\u00e9n\u00e9rales<br \/>\n<span style=\"font-size: 10pt;\">(disponibles \u00e0 partir de l&#8217;h\u00f4tel en anglais seulement)<\/span><\/td>\n<\/tr>\n<tr>\n<td width=\"331\">Deluxe Queen: 160,00 $<\/p>\n<p>Superior Suites: 180,00 $<\/p>\n<p>Premium Suites: 210 $<\/p>\n<p>&nbsp;<\/p>\n<p>*Une taxe suppl\u00e9mentaire de 15% sera appliqu\u00e9e. Les r\u00e9servations individuelles n\u00e9cessitent une carte de cr\u00e9dit pour garantir la r\u00e9servation et doivent \u00eatre annul\u00e9es au moins 14 jours avant l&#8217;arriv\u00e9e pour \u00e9viter des frais d&#8217;annulation.<\/td>\n<td width=\"292\"><span style=\"text-decoration: underline;\">Deluxe Queen<\/span>:\u00a0One Queen Bed in the bedroom and separate living room area, with a sofa bed. Also includes\u00a0kitchenette with fridge and microwave.<\/p>\n<p><span style=\"text-decoration: underline;\">Superior Suites<\/span>:\u00a0One bedroom suites with two doubles or queen bed in the bedroom and sofa bed in living area. Also includes oversized Jetted Tub.<\/p>\n<p><span style=\"text-decoration: underline;\">Premium Suites<\/span>:\u00a0One bedroom suites featuring king bed in the bedroom and Sofa Bed in living area. that comes equipped with a kitchenette including fridge and microwave.\u00a0Also includes oversized Jetted Tub.<\/p>\n<p>The Deluxe Queen and Suites each have refrigerators and microwaves, HD flat screen TV and high-speed internet.<\/p>\n<p>The hotel also has an outdoor swimming pool, hot tub and health club.<\/p>\n<p>Complimentary parking is available for all registered guests.<\/p>\n<p>Breakfast hours: 6:30 AM \u2013 10:00 AM<\/td>\n<\/tr>\n<\/tbody>\n<\/table>\n<p><strong>Processus de r\u00e9servation<\/strong><\/p>\n<p>Appel : 1-800-590-3932<br \/>\nen ligne :\u00a0<a href=\"reservationsb@executivehotels.net\">reservationsb@executivehotels.net\u00a0<\/a><br \/>\nUtiliser l&#8217;ID de r\u00e9servation : 25746<\/p>\n<hr \/>\n<h2><\/h2>\n<h2><strong>Executive Plaza Hotel<img loading=\"lazy\" decoding=\"async\" class=\" wp-image-11681 alignright\" src=\"https:\/\/cap.ca\/wp-content\/uploads\/2019\/01\/Executive-Plaza-300x110.jpg\" alt=\"\" width=\"346\" height=\"127\" srcset=\"https:\/\/cap.ca\/wp-content\/uploads\/2019\/01\/Executive-Plaza-300x110.jpg 300w, https:\/\/cap.ca\/wp-content\/uploads\/2019\/01\/Executive-Plaza-768x281.jpg 768w, https:\/\/cap.ca\/wp-content\/uploads\/2019\/01\/Executive-Plaza-1024x374.jpg 1024w, https:\/\/cap.ca\/wp-content\/uploads\/2019\/01\/Executive-Plaza.jpg 1857w\" sizes=\"auto, (max-width: 346px) 100vw, 346px\" \/><br \/>\n<\/strong><\/h2>\n<p>405 North Road<br \/>\nCoquitlam, BC V3K 3V9<br \/>\nTelephone: (604) 936-9399 \/ 1-888-433-3932<br \/>\n<a href=\"http:\/\/www.executiveplazahotel.ca\/\">http:\/\/www.executiveplazahotel.ca\/<\/a><\/p>\n<table style=\"height: 266px;\" width=\"743\">\n<tbody>\n<tr style=\"height: 15px;\">\n<td style=\"width: 365px; height: 15px;\">Prix de la chambre*<\/td>\n<td style=\"width: 365px; height: 15px;\">Informations g\u00e9n\u00e9rales<br \/>\n<span style=\"font-size: 10pt;\">(disponibles \u00e0 partir de l&#8217;h\u00f4tel\u00a0en anglais seulement)<\/span><\/td>\n<\/tr>\n<tr style=\"height: 178px;\">\n<td style=\"height: 178px; width: 365px;\">Deluxe Double: 160,00 $<\/p>\n<p>Deluxe King: 170 $<\/p>\n<p>Superior Suites: 195 $<\/p>\n<p>Une taxe suppl\u00e9mentaire de 13% sera appliqu\u00e9e.<\/p>\n<p>&nbsp;<\/p>\n<p>&nbsp;<\/p>\n<p>* Avant toutes taxes applicables. Les r\u00e9servations individuelles n\u00e9cessitent une carte de cr\u00e9dit pour garantir la r\u00e9servation et doivent \u00eatre annul\u00e9es au moins 14 jours avant l&#8217;arriv\u00e9e pour \u00e9viter des frais d&#8217;annulation.<\/p>\n<p>&nbsp;<\/td>\n<td style=\"height: 178px; width: 365px;\"><span style=\"text-decoration: underline;\">Deluxe Double<\/span>:\u00a0Two Double Beds or One King Bed, mini-fridge and in-room safe.<\/p>\n<p><span style=\"text-decoration: underline;\">Superior King<\/span>:\u00a0One King Bed, oversized jetted bathtub, private balcony, floor to ceiling<br \/>\nwindows for city and mountain views, mini-fridge and in-room safe.<\/p>\n<p><span style=\"text-decoration: underline;\">Superior Suites<\/span>:\u00a0One Queen Bed in bedroom. Flat screen\u00a0TV, sectional sofa bed in the living area. Mini-fridge, microwave, sink counter with<br \/>\ndinnerware and a second TV.<\/p>\n<p>Outdoor swimming pool, tennis courts, all-purpose fitness centre and Eucalyptus scented steam room and tennis court.<\/p>\n<p>Complimentary internet service, 15 minute massage (by appointment), parking\u00a0and shuttle service to SFU are available for all registered guests.<\/p>\n<p>Breakfast hours: 6:30 AM \u2013 10:30 AM<\/td>\n<\/tr>\n<\/tbody>\n<\/table>\n<p><strong>Processus de r\u00e9servation<\/strong><\/p>\n<div>Appel : 1-888-433-3932<br \/>\nCourriel :\u00a0<a href=\"reservations@executivehotels.net\">reservations@executivehotels.net<\/a><br \/>\nUtiliser l&#8217;ID de r\u00e9servation : 24248<\/div>\n<div><\/div>\n<div>\n<hr \/>\n<\/div>\n<div>\n<div>\n<h4><strong>Sylvia Hotel<img loading=\"lazy\" decoding=\"async\" class=\"size-medium wp-image-12439 alignright\" src=\"https:\/\/cap.ca\/wp-content\/uploads\/2019\/01\/Syliva-Hotel-Standard-Queen-Room-300x199.png\" alt=\"\" width=\"300\" height=\"199\" srcset=\"https:\/\/cap.ca\/wp-content\/uploads\/2019\/01\/Syliva-Hotel-Standard-Queen-Room-300x199.png 300w, https:\/\/cap.ca\/wp-content\/uploads\/2019\/01\/Syliva-Hotel-Standard-Queen-Room-768x510.png 768w, https:\/\/cap.ca\/wp-content\/uploads\/2019\/01\/Syliva-Hotel-Standard-Queen-Room-1024x681.png 1024w, https:\/\/cap.ca\/wp-content\/uploads\/2019\/01\/Syliva-Hotel-Standard-Queen-Room.png 1115w\" sizes=\"auto, (max-width: 300px) 100vw, 300px\" \/><\/strong><\/h4>\n<h4><\/h4>\n<p>1154 Gilford St.<br \/>\nVancouver, BC V6G 2P6<br \/>\nTelephone: (604)\u00a0681-9321<br \/>\n<a href=\"https:\/\/sylviahotel.com\/\">https:\/\/sylviahotel.com\/<\/a><\/p>\n<\/div>\n<p><span style=\"color: #ff0000;\"><em>Specify SFUCAP before April 17th to enable the following rates.<\/em><\/span><\/p>\n<div>\n<table style=\"height: 266px;\" width=\"743\">\n<tbody>\n<tr style=\"height: 15px;\">\n<td style=\"width: 365px; height: 15px;\">Prix de la chambre*<\/td>\n<td style=\"width: 365px; height: 15px;\">Informations g\u00e9n\u00e9rales<br \/>\n<span style=\"font-size: 10pt;\">(disponibles \u00e0 partir de l&#8217;h\u00f4tel\u00a0en anglais seulement)<\/span><\/td>\n<\/tr>\n<tr style=\"height: 178px;\">\n<td style=\"height: 178px; width: 365px;\">Standard Room: $179.00 + tax<\/td>\n<td style=\"height: 178px; width: 365px;\"><span style=\"text-decoration: underline;\">Queen Room<\/span>:\u00a0Small 210 sq ft room with one Queen Bed<\/p>\n<p><span style=\"text-decoration: underline;\">Amenities:<\/span>\u00a024h Front Desk, Cribs Available, Cots available, Wireless Internet (Free), Pay PArking, Television Cable TV, Hair Dryer, Iron\/Board, Coffee\/Tea Maker, Television (Flat Screen), Housekeeping (Daily), Pet Friendly, Alarm Clock<\/p>\n<p><span style=\"text-decoration: underline;\">Sylvia Hotel Restaurant:<\/span>\u00a0Breakfast from 7:00am &#8211; 11:30am, All-Day Menu from 11:30am &#8211; 9:30pm, Brunch (Saturday and Sunday Only) 11:00am &#8211; 2:00pm.<\/td>\n<\/tr>\n<\/tbody>\n<\/table>\n<p><strong>Processus de r\u00e9servation<\/strong><\/p>\n<p>Appel:\u00a0(604)\u00a0681-9321<br \/>\nCourriel:\u00a0<a href=\"mailto:chantelle@sylviahotel.com\">chantelle@sylviahotel.com<\/a><br \/>\nUtiliser\u00a0le chiffre de r\u00e9servation: SFUCAP<\/p>\n<\/div>\n<\/div>\n<div><\/div>\n<div><strong>\u00a0<\/strong><\/div>\n","protected":false},"excerpt":{"rendered":"<p>Visitez Tourisme Vancouver pour obtenir une liste des\u00a0endroits et des sites que vous pourrez d\u00e9couvrir \u00e0 Vancouver et dans ses environs. Questions concernant l&#8217;h\u00e9bergement?\u00a0 Contacter Dre. Karen Kavanagh, SFU, \u00e0 kavanagh@sfu.ca. ______________________________________________________________________________________________ H\u00c9BERGEMENT SUR LE CAMPUS\u00a0 &#8212; NOTE: \u00c0 compter du 24 mai, les r\u00e9sidences de la SFU seront enti\u00e8rement r\u00e9serv\u00e9es pendant le congr\u00e8s de&#8230;  <a class=\"excerpt-read-more\" href=\"https:\/\/cap.ca\/fr\/congres-de-lacp\/congres-anterieurs\/congres-lacp-2019\/accommodations\/\" title=\"LireH\u00e9bergement 2019\">Lire la suite &raquo;<\/a><\/p>\n","protected":false},"author":12,"featured_media":0,"parent":8943,"menu_order":140,"comment_status":"closed","ping_status":"closed","template":"","meta":{"footnotes":""},"class_list":["post-11772","page","type-page","status-publish","hentry"],"_links":{"self":[{"href":"https:\/\/cap.ca\/fr\/wp-json\/wp\/v2\/pages\/11772","targetHints":{"allow":["GET"]}}],"collection":[{"href":"https:\/\/cap.ca\/fr\/wp-json\/wp\/v2\/pages"}],"about":[{"href":"https:\/\/cap.ca\/fr\/wp-json\/wp\/v2\/types\/page"}],"author":[{"embeddable":true,"href":"https:\/\/cap.ca\/fr\/wp-json\/wp\/v2\/users\/12"}],"replies":[{"embeddable":true,"href":"https:\/\/cap.ca\/fr\/wp-json\/wp\/v2\/comments?post=11772"}],"version-history":[{"count":26,"href":"https:\/\/cap.ca\/fr\/wp-json\/wp\/v2\/pages\/11772\/revisions"}],"predecessor-version":[{"id":13256,"href":"https:\/\/cap.ca\/fr\/wp-json\/wp\/v2\/pages\/11772\/revisions\/13256"}],"up":[{"embeddable":true,"href":"https:\/\/cap.ca\/fr\/wp-json\/wp\/v2\/pages\/8943"}],"wp:attachment":[{"href":"https:\/\/cap.ca\/fr\/wp-json\/wp\/v2\/media?parent=11772"}],"curies":[{"name":"wp","href":"https:\/\/api.w.org\/{rel}","templated":true}]}}