{"id":11696,"date":"2019-01-11T14:10:29","date_gmt":"2019-01-11T19:10:29","guid":{"rendered":"https:\/\/cap.ca\/?page_id=11696\/"},"modified":"2019-02-07T13:19:29","modified_gmt":"2019-02-07T18:19:29","slug":"11696-2","status":"publish","type":"page","link":"https:\/\/cap.ca\/fr\/congres-de-lacp\/congres-anterieurs\/congres-lacp-2019\/11696-2\/","title":{"rendered":"Opportunit\u00e9s de commandites \/ kioskes 2019"},"content":{"rendered":"<p>L\u2019Association canadienne des physiciens et physiciennes et l&#8217;Universit\u00e9\u00a0Simon Fraser vous invite \u00e0 \u00eatre un commanditaire de son congr\u00e8s annuel 2019 ou \u00e0 y \u00eatre un exposant. Les niveaux de commandite, les activit\u00e9s et les avantages sont indiqu\u00e9s ci-dessous. On peut trouver les renseignements concernant les exposants \u00e0 la page 3 de ce document.<\/p>\n<p>Le Congr\u00e8s de l\u2019ACP attire de 500 \u00e0 800 physiciens, \u00e9tudiants et professeurs de physique de tout le Canada. Voil\u00e0 une excellente occasion de vous aboucher avec les leaders de la profession et de conna\u00eetre les nouveaut\u00e9s sur les plans de recherche et de pratiques.<\/p>\n<p>Tous les commanditaires et exposants seront reconnus sur le site Web du Congr\u00e8s de l\u2019ACP et par des affiches appropri\u00e9es au Congr\u00e8s. Les commanditaires seront aussi reconnus \u00e0 la conf\u00e9rence publique Herzberg du lundi soir et, pour ceux dont les cotisations seront re\u00e7ues au plus tard le 15 avril 2019, dans le programme imprim\u00e9 du Congr\u00e8s et la brochure des prix qui sera jointe \u00e0 la trousse d&#8217;inscription. La liste de tous les commanditaires et exposants confirm\u00e9s avant le 15 mai 2019 sera inscrite sur le site web de l&#8217;ACP.<\/p>\n<p><a href=\"https:\/\/cap.ca\/wp-content\/uploads\/2019\/01\/2019-CAP-Congress-Sponsorship-Exhibit-Package_FR_Final.pdf\"><strong><em>Voyez les possibilit\u00e9s exaltantes de commandites et d&#8217;exposition\u00a0et veuillez remplir le formulaire d&#8217;inscription\u00a0ci-dessous.<\/em><\/strong><\/a><\/p>\n\n","protected":false},"excerpt":{"rendered":"<p>L\u2019Association canadienne des physiciens et physiciennes et l&#8217;Universit\u00e9\u00a0Simon Fraser vous invite \u00e0 \u00eatre un commanditaire de son congr\u00e8s annuel 2019 ou \u00e0 y \u00eatre un exposant. Les niveaux de commandite, les activit\u00e9s et les avantages sont indiqu\u00e9s ci-dessous. On peut trouver les renseignements concernant les exposants \u00e0 la page 3 de ce document. Le Congr\u00e8s&#8230;  <a class=\"excerpt-read-more\" href=\"https:\/\/cap.ca\/fr\/congres-de-lacp\/congres-anterieurs\/congres-lacp-2019\/11696-2\/\" title=\"LireOpportunit\u00e9s de commandites \/ kioskes 2019\">Lire la suite &raquo;<\/a><\/p>\n","protected":false},"author":12,"featured_media":0,"parent":8943,"menu_order":133,"comment_status":"closed","ping_status":"closed","template":"","meta":{"footnotes":""},"class_list":["post-11696","page","type-page","status-publish","hentry"],"_links":{"self":[{"href":"https:\/\/cap.ca\/fr\/wp-json\/wp\/v2\/pages\/11696","targetHints":{"allow":["GET"]}}],"collection":[{"href":"https:\/\/cap.ca\/fr\/wp-json\/wp\/v2\/pages"}],"about":[{"href":"https:\/\/cap.ca\/fr\/wp-json\/wp\/v2\/types\/page"}],"author":[{"embeddable":true,"href":"https:\/\/cap.ca\/fr\/wp-json\/wp\/v2\/users\/12"}],"replies":[{"embeddable":true,"href":"https:\/\/cap.ca\/fr\/wp-json\/wp\/v2\/comments?post=11696"}],"version-history":[{"count":4,"href":"https:\/\/cap.ca\/fr\/wp-json\/wp\/v2\/pages\/11696\/revisions"}],"predecessor-version":[{"id":12044,"href":"https:\/\/cap.ca\/fr\/wp-json\/wp\/v2\/pages\/11696\/revisions\/12044"}],"up":[{"embeddable":true,"href":"https:\/\/cap.ca\/fr\/wp-json\/wp\/v2\/pages\/8943"}],"wp:attachment":[{"href":"https:\/\/cap.ca\/fr\/wp-json\/wp\/v2\/media?parent=11696"}],"curies":[{"name":"wp","href":"https:\/\/api.w.org\/{rel}","templated":true}]}}