{"id":10938,"date":"2018-08-21T14:46:25","date_gmt":"2018-08-21T18:46:25","guid":{"rendered":"https:\/\/cap.ca\/?page_id=10938\/"},"modified":"2026-02-05T15:07:29","modified_gmt":"2026-02-05T20:07:29","slug":"ccuwip-eoi-form","status":"publish","type":"page","link":"https:\/\/cap.ca\/fr\/congres-de-lacp\/conference-canadienne-des-etudiantes-en-physique-ccuwip\/ccuwip-eoi-form\/","title":{"rendered":"Formulaire en ligne de D\u00e9claration d\u2019int\u00e9r\u00eat \u00e0 la CCUWiP"},"content":{"rendered":"<p>La d\u00e9claration d&#8217;int\u00e9r\u00eat (EOI) doit \u00eatre soumise avant le 15 janvier de l&#8217;ann\u00e9e pr\u00e9c\u00e9dente ; elle ne sera pas utilis\u00e9e pendant le processus d&#8217;examen des candidatures, et les \u00e9tablissements doivent tout de m\u00eame soumettre une <a href=\"https:\/\/cap.ca\/fr\/congres-de-lacp\/conference-canadienne-des-etudiantes-en-physique-ccuwip\/ccuwip-host-application-fr\/#formalapp\">candidature officielle<\/a> compl\u00e8te avant dimanche 15 mars 2026, 23 h 59 (heure de l&#8217;Est) pour \u00eatre pris en consid\u00e9ration pour la conf\u00e9rence de l&#8217;ann\u00e9e suivante. La planification du CCUW*iP \u00e9tant une entreprise de grande envergure, nous vous recommandons de lire les informations relatives \u00e0 la candidature officielle avant de soumettre votre d\u00e9claration d&#8217;int\u00e9r\u00eat.<\/p>\n<p>Si vous avez des questions, veuillez envoyer un courriel \u00e0 <a href=\"mailto:programs@cap.ca\">programs@cap.ca<\/a>.<\/p>\n<p>&nbsp;<\/p>\n<p>.<\/p>\n<script type=\"text\/javascript\">\n\/* <![CDATA[ *\/\nvar gform;gform||(document.addEventListener(\"gform_main_scripts_loaded\",function(){gform.scriptsLoaded=!0}),document.addEventListener(\"gform\/theme\/scripts_loaded\",function(){gform.themeScriptsLoaded=!0}),window.addEventListener(\"DOMContentLoaded\",function(){gform.domLoaded=!0}),gform={domLoaded:!1,scriptsLoaded:!1,themeScriptsLoaded:!1,isFormEditor:()=>\"function\"==typeof InitializeEditor,callIfLoaded:function(o){return!(!gform.domLoaded||!gform.scriptsLoaded||!gform.themeScriptsLoaded&&!gform.isFormEditor()||(gform.isFormEditor()&&console.warn(\"The use of gform.initializeOnLoaded() is deprecated in the form editor context and will be removed in Gravity Forms 3.1.\"),o(),0))},initializeOnLoaded:function(o){gform.callIfLoaded(o)||(document.addEventListener(\"gform_main_scripts_loaded\",()=>{gform.scriptsLoaded=!0,gform.callIfLoaded(o)}),document.addEventListener(\"gform\/theme\/scripts_loaded\",()=>{gform.themeScriptsLoaded=!0,gform.callIfLoaded(o)}),window.addEventListener(\"DOMContentLoaded\",()=>{gform.domLoaded=!0,gform.callIfLoaded(o)}))},hooks:{action:{},filter:{}},addAction:function(o,r,e,t){gform.addHook(\"action\",o,r,e,t)},addFilter:function(o,r,e,t){gform.addHook(\"filter\",o,r,e,t)},doAction:function(o){gform.doHook(\"action\",o,arguments)},applyFilters:function(o){return gform.doHook(\"filter\",o,arguments)},removeAction:function(o,r){gform.removeHook(\"action\",o,r)},removeFilter:function(o,r,e){gform.removeHook(\"filter\",o,r,e)},addHook:function(o,r,e,t,n){null==gform.hooks[o][r]&&(gform.hooks[o][r]=[]);var d=gform.hooks[o][r];null==n&&(n=r+\"_\"+d.length),gform.hooks[o][r].push({tag:n,callable:e,priority:t=null==t?10:t})},doHook:function(r,o,e){var t;if(e=Array.prototype.slice.call(e,1),null!=gform.hooks[r][o]&&((o=gform.hooks[r][o]).sort(function(o,r){return o.priority-r.priority}),o.forEach(function(o){\"function\"!=typeof(t=o.callable)&&(t=window[t]),\"action\"==r?t.apply(null,e):e[0]=t.apply(null,e)})),\"filter\"==r)return e[0]},removeHook:function(o,r,t,n){var e;null!=gform.hooks[o][r]&&(e=(e=gform.hooks[o][r]).filter(function(o,r,e){return!!(null!=n&&n!=o.tag||null!=t&&t!=o.priority)}),gform.hooks[o][r]=e)}});\n\/* ]]> *\/\n<\/script>\n\n                <div class='gf_browser_gecko gform_wrapper gform_legacy_markup_wrapper gform-theme--no-framework' data-form-theme='legacy' data-form-index='0' id='gform_wrapper_31' ><style>#gform_wrapper_31[data-form-index=\"0\"].gform-theme,[data-parent-form=\"31_0\"]{--gf-color-primary: #204ce5;--gf-color-primary-rgb: 32, 76, 229;--gf-color-primary-contrast: #fff;--gf-color-primary-contrast-rgb: 255, 255, 255;--gf-color-primary-darker: #001AB3;--gf-color-primary-lighter: #527EFF;--gf-color-secondary: #fff;--gf-color-secondary-rgb: 255, 255, 255;--gf-color-secondary-contrast: #112337;--gf-color-secondary-contrast-rgb: 17, 35, 55;--gf-color-secondary-darker: #F5F5F5;--gf-color-secondary-lighter: #FFFFFF;--gf-color-out-ctrl-light: rgba(17, 35, 55, 0.1);--gf-color-out-ctrl-light-rgb: 17, 35, 55;--gf-color-out-ctrl-light-darker: rgba(104, 110, 119, 0.35);--gf-color-out-ctrl-light-lighter: #F5F5F5;--gf-color-out-ctrl-dark: #585e6a;--gf-color-out-ctrl-dark-rgb: 88, 94, 106;--gf-color-out-ctrl-dark-darker: #112337;--gf-color-out-ctrl-dark-lighter: rgba(17, 35, 55, 0.65);--gf-color-in-ctrl: #fff;--gf-color-in-ctrl-rgb: 255, 255, 255;--gf-color-in-ctrl-contrast: #112337;--gf-color-in-ctrl-contrast-rgb: 17, 35, 55;--gf-color-in-ctrl-darker: #F5F5F5;--gf-color-in-ctrl-lighter: #FFFFFF;--gf-color-in-ctrl-primary: #204ce5;--gf-color-in-ctrl-primary-rgb: 32, 76, 229;--gf-color-in-ctrl-primary-contrast: #fff;--gf-color-in-ctrl-primary-contrast-rgb: 255, 255, 255;--gf-color-in-ctrl-primary-darker: #001AB3;--gf-color-in-ctrl-primary-lighter: #527EFF;--gf-color-in-ctrl-light: rgba(17, 35, 55, 0.1);--gf-color-in-ctrl-light-rgb: 17, 35, 55;--gf-color-in-ctrl-light-darker: rgba(104, 110, 119, 0.35);--gf-color-in-ctrl-light-lighter: #F5F5F5;--gf-color-in-ctrl-dark: #585e6a;--gf-color-in-ctrl-dark-rgb: 88, 94, 106;--gf-color-in-ctrl-dark-darker: #112337;--gf-color-in-ctrl-dark-lighter: rgba(17, 35, 55, 0.65);--gf-radius: 3px;--gf-font-size-secondary: 14px;--gf-font-size-tertiary: 13px;--gf-icon-ctrl-number: url(\"data:image\/svg+xml,%3Csvg width='8' height='14' viewBox='0 0 8 14' fill='none' xmlns='http:\/\/www.w3.org\/2000\/svg'%3E%3Cpath fill-rule='evenodd' clip-rule='evenodd' d='M4 0C4.26522 5.96046e-08 4.51957 0.105357 4.70711 0.292893L7.70711 3.29289C8.09763 3.68342 8.09763 4.31658 7.70711 4.70711C7.31658 5.09763 6.68342 5.09763 6.29289 4.70711L4 2.41421L1.70711 4.70711C1.31658 5.09763 0.683417 5.09763 0.292893 4.70711C-0.0976311 4.31658 -0.097631 3.68342 0.292893 3.29289L3.29289 0.292893C3.48043 0.105357 3.73478 0 4 0ZM0.292893 9.29289C0.683417 8.90237 1.31658 8.90237 1.70711 9.29289L4 11.5858L6.29289 9.29289C6.68342 8.90237 7.31658 8.90237 7.70711 9.29289C8.09763 9.68342 8.09763 10.3166 7.70711 10.7071L4.70711 13.7071C4.31658 14.0976 3.68342 14.0976 3.29289 13.7071L0.292893 10.7071C-0.0976311 10.3166 -0.0976311 9.68342 0.292893 9.29289Z' fill='rgba(17, 35, 55, 0.65)'\/%3E%3C\/svg%3E\");--gf-icon-ctrl-select: url(\"data:image\/svg+xml,%3Csvg width='10' height='6' viewBox='0 0 10 6' fill='none' xmlns='http:\/\/www.w3.org\/2000\/svg'%3E%3Cpath fill-rule='evenodd' clip-rule='evenodd' d='M0.292893 0.292893C0.683417 -0.097631 1.31658 -0.097631 1.70711 0.292893L5 3.58579L8.29289 0.292893C8.68342 -0.0976311 9.31658 -0.0976311 9.70711 0.292893C10.0976 0.683417 10.0976 1.31658 9.70711 1.70711L5.70711 5.70711C5.31658 6.09763 4.68342 6.09763 4.29289 5.70711L0.292893 1.70711C-0.0976311 1.31658 -0.0976311 0.683418 0.292893 0.292893Z' fill='rgba(17, 35, 55, 0.65)'\/%3E%3C\/svg%3E\");--gf-icon-ctrl-search: url(\"data:image\/svg+xml,%3Csvg width='640' height='640' xmlns='http:\/\/www.w3.org\/2000\/svg'%3E%3Cpath d='M256 128c-70.692 0-128 57.308-128 128 0 70.691 57.308 128 128 128 70.691 0 128-57.309 128-128 0-70.692-57.309-128-128-128zM64 256c0-106.039 85.961-192 192-192s192 85.961 192 192c0 41.466-13.146 79.863-35.498 111.248l154.125 154.125c12.496 12.496 12.496 32.758 0 45.254s-32.758 12.496-45.254 0L367.248 412.502C335.862 434.854 297.467 448 256 448c-106.039 0-192-85.962-192-192z' fill='rgba(17, 35, 55, 0.65)'\/%3E%3C\/svg%3E\");--gf-label-space-y-secondary: var(--gf-label-space-y-md-secondary);--gf-ctrl-border-color: #686e77;--gf-ctrl-size: var(--gf-ctrl-size-md);--gf-ctrl-label-color-primary: #112337;--gf-ctrl-label-color-secondary: #112337;--gf-ctrl-choice-size: var(--gf-ctrl-choice-size-md);--gf-ctrl-checkbox-check-size: var(--gf-ctrl-checkbox-check-size-md);--gf-ctrl-radio-check-size: var(--gf-ctrl-radio-check-size-md);--gf-ctrl-btn-font-size: var(--gf-ctrl-btn-font-size-md);--gf-ctrl-btn-padding-x: var(--gf-ctrl-btn-padding-x-md);--gf-ctrl-btn-size: var(--gf-ctrl-btn-size-md);--gf-ctrl-btn-border-color-secondary: #686e77;--gf-ctrl-file-btn-bg-color-hover: #EBEBEB;--gf-field-img-choice-size: var(--gf-field-img-choice-size-md);--gf-field-img-choice-card-space: var(--gf-field-img-choice-card-space-md);--gf-field-img-choice-check-ind-size: var(--gf-field-img-choice-check-ind-size-md);--gf-field-img-choice-check-ind-icon-size: var(--gf-field-img-choice-check-ind-icon-size-md);--gf-field-pg-steps-number-color: rgba(17, 35, 55, 0.8);}<\/style>\n                        <div class='gform_heading'>\n                            <h3 class=\"gform_title\">CCUWi*P Expression of interest<\/h3>\n                            <p class='gform_description'><\/p>\n                        <\/div><form method='post' enctype='multipart\/form-data'  id='gform_31'  action='\/fr\/wp-json\/wp\/v2\/pages\/10938' data-formid='31' novalidate>\n                        <div class='gform-body gform_body'><ul id='gform_fields_31' class='gform_fields top_label form_sublabel_below description_below validation_below'><li id=\"field_31_1\" class=\"gfield gfield--type-text gfield--input-type-text gfield_contains_required field_sublabel_below gfield--no-description field_description_below field_validation_below gfield_visibility_visible\"  ><label class='gfield_label gform-field-label' for='input_31_1'>Institution<span class=\"gfield_required\"><span class=\"gfield_required gfield_required_asterisk\">*<\/span><\/span><\/label><div class='ginput_container ginput_container_text'><input name='input_1' id='input_31_1' type='text' value='' class='medium'     aria-required=\"true\" aria-invalid=\"false\"   \/><\/div><\/li><li id=\"field_31_2\" class=\"gfield gfield--type-text gfield--input-type-text gfield_contains_required field_sublabel_below gfield--no-description field_description_below field_validation_below gfield_visibility_visible\"  ><label class='gfield_label gform-field-label' for='input_31_2'>Anticipated Number of Participants (local \/ non-local):<span class=\"gfield_required\"><span class=\"gfield_required gfield_required_asterisk\">*<\/span><\/span><\/label><div class='ginput_container ginput_container_text'><input name='input_2' id='input_31_2' type='text' value='' class='medium'     aria-required=\"true\" aria-invalid=\"false\"   \/><\/div><\/li><li id=\"field_31_3\" class=\"gfield gfield--type-text gfield--input-type-text gfield_contains_required field_sublabel_below gfield--no-description field_description_below field_validation_below gfield_visibility_visible\"  ><label class='gfield_label gform-field-label' for='input_31_3'>Contact Name:<span class=\"gfield_required\"><span class=\"gfield_required gfield_required_asterisk\">*<\/span><\/span><\/label><div class='ginput_container ginput_container_text'><input name='input_3' id='input_31_3' type='text' value='' class='medium'     aria-required=\"true\" aria-invalid=\"false\"   \/><\/div><\/li><li id=\"field_31_9\" class=\"gfield gfield--type-email gfield--input-type-email gfield_contains_required field_sublabel_below gfield--no-description field_description_below field_validation_below gfield_visibility_visible\"  ><label class='gfield_label gform-field-label' for='input_31_9'>Contact Email Address:<span class=\"gfield_required\"><span class=\"gfield_required gfield_required_asterisk\">*<\/span><\/span><\/label><div class='ginput_container ginput_container_email'>\n                            <input name='input_9' id='input_31_9' type='email' value='' class='medium'    aria-required=\"true\" aria-invalid=\"false\"  \/>\n                        <\/div><\/li><li id=\"field_31_14\" class=\"gfield gfield--type-list gfield--input-type-list gfield_contains_required field_sublabel_below gfield--no-description field_description_below field_validation_below gfield_visibility_visible\"  ><label class='gfield_label gform-field-label' >The CAP recommends that at least two undergraduate students from any institution interested in hosting the conference have attended a previous CCUWiP, or have previous experience in organizing a conference. Please describe your experience below.<span class=\"gfield_required\"><span class=\"gfield_required gfield_required_asterisk\">*<\/span><\/span><\/label><style type=\"text\/css\">\n\n\t\t\t\t\t\tbody .ginput_container_list table.gfield_list tbody tr td.gfield_list_icons {\n\t\t\t\t\t\t\tvertical-align: middle !important;\n\t\t\t\t\t\t}\n\n\t\t\t\t\t\tbody .ginput_container_list table.gfield_list tbody tr td.gfield_list_icons img {\n\t\t\t\t\t\t\tbackground-color: transparent !important;\n\t\t\t\t\t\t\tbackground-position: 0 0;\n\t\t\t\t\t\t\tbackground-size: 16px 16px !important;\n\t\t\t\t\t\t\tbackground-repeat: no-repeat;\n\t\t\t\t\t\t\tborder: none !important;\n\t\t\t\t\t\t\twidth: 16px !important;\n\t\t\t\t\t\t\theight: 16px !important;\n\t\t\t\t\t\t\topacity: 0.5;\n\t\t\t\t\t\t\ttransition: opacity .5s ease-out;\n\t\t\t\t\t\t    -moz-transition: opacity .5s ease-out;\n\t\t\t\t\t\t    -webkit-transition: opacity .5s ease-out;\n\t\t\t\t\t\t    -o-transition: opacity .5s ease-out;\n\t\t\t\t\t\t}\n\n\t\t\t\t\t\tbody .ginput_container_list table.gfield_list tbody tr td.gfield_list_icons a:hover img {\n\t\t\t\t\t\t\topacity: 1.0;\n\t\t\t\t\t\t}\n\n\t\t\t\t\t\t<\/style><div class='ginput_container ginput_container_list ginput_list'><table class='gfield_list gfield_list_container'><colgroup><col id='gfield_list_14_col1' class='gfield_list_col_odd' \/><col id='gfield_list_14_col2' class='gfield_list_col_even' \/><\/colgroup><tbody><tr class='gfield_list_row_odd gfield_list_group'><td class='gfield_list_cell gfield_list_14_cell1' ><input aria-invalid='false' aria-required=\"true\"  aria-label='The CAP recommends that at least two undergraduate students from any institution interested in hosting the conference have attended a previous CCUWiP, or have previous experience in organizing a conference. Please describe your experience below., Ligne 1' data-aria-label-template='The CAP recommends that at least two undergraduate students from any institution interested in hosting the conference have attended a previous CCUWiP, or have previous experience in organizing a conference. Please describe your experience below., Ligne {0}' type='text' name='input_14[]' value=''   \/><\/td><td class='gfield_list_icons'>   <a href='javascript:void(0);' class='add_list_item ' aria-label='Ajouter une autre ligne' onclick='gformAddListItem(this, 0)' onkeypress='gformAddListItem(this, 0)'><img src='https:\/\/cap.ca\/wp-content\/plugins\/gravityforms\/images\/list-add.svg' alt='' title='Ajouter une nouvelle ligne' \/><\/a>   <a href='javascript:void(0);' class='delete_list_item' aria-label='Supprimer cette ligne' onclick='gformDeleteListItem(this, 0)' onkeypress='gformDeleteListItem(this, 0)' style=\"visibility:hidden;\"><img src='https:\/\/cap.ca\/wp-content\/plugins\/gravityforms\/images\/list-remove.svg' alt='' title='Supprimer cette ligne' \/><\/a><\/td><\/tr><\/tbody><\/table><\/div><\/li><li id=\"field_31_5\" class=\"gfield gfield--type-textarea gfield--input-type-textarea field_sublabel_below gfield--no-description field_description_below field_validation_below gfield_visibility_visible\"  ><label class='gfield_label gform-field-label' for='input_31_5'>Please list any collaborating institutions. Note that host sites are NOT required to collaborate with other institutions.<\/label><div class='ginput_container ginput_container_textarea'><textarea name='input_5' id='input_31_5' class='textarea medium'      aria-invalid=\"false\"   rows='10' cols='50'><\/textarea><\/div><\/li><li id=\"field_31_17\" class=\"gfield gfield--type-text gfield--input-type-text gfield--width-full field_sublabel_below gfield--no-description field_description_below field_validation_below gfield_visibility_visible\"  ><label class='gfield_label gform-field-label' for='input_31_17'>I\/we are interested in holding CCUWIP in (year):<\/label><div class='ginput_container ginput_container_text'><input name='input_17' id='input_31_17' type='text' value='' class='large'      aria-invalid=\"false\"   \/><\/div><\/li><li id=\"field_31_6\" class=\"gfield gfield--type-checkbox gfield--type-choice gfield--input-type-checkbox field_sublabel_below gfield--no-description field_description_below field_validation_below gfield_visibility_visible\"  ><label class='gfield_label gform-field-label gfield_label_before_complex' >I\/we are interested in hosting the CCUWiP if it is held as<\/label><div class='ginput_container ginput_container_checkbox'><ul class='gfield_checkbox' id='input_31_6'><li class='gchoice gchoice_31_6_1'>\n\t\t\t\t\t\t\t\t<input class='gfield-choice-input' name='input_6.1' type='checkbox'  value='an in-person conference'  id='choice_31_6_1'   \/>\n\t\t\t\t\t\t\t\t<label for='choice_31_6_1' id='label_31_6_1' class='gform-field-label gform-field-label--type-inline'>an in-person conference<\/label>\n\t\t\t\t\t\t\t<\/li><li class='gchoice gchoice_31_6_2'>\n\t\t\t\t\t\t\t\t<input class='gfield-choice-input' name='input_6.2' type='checkbox'  value='a virtual conference'  id='choice_31_6_2'   \/>\n\t\t\t\t\t\t\t\t<label for='choice_31_6_2' id='label_31_6_2' class='gform-field-label gform-field-label--type-inline'>a virtual conference<\/label>\n\t\t\t\t\t\t\t<\/li><li class='gchoice gchoice_31_6_3'>\n\t\t\t\t\t\t\t\t<input class='gfield-choice-input' name='input_6.3' type='checkbox'  value='Either'  id='choice_31_6_3'   \/>\n\t\t\t\t\t\t\t\t<label for='choice_31_6_3' id='label_31_6_3' class='gform-field-label gform-field-label--type-inline'>Either<\/label>\n\t\t\t\t\t\t\t<\/li><\/ul><\/div><\/li><li id=\"field_31_8\" class=\"gfield gfield--type-textarea gfield--input-type-textarea field_sublabel_below gfield--no-description field_description_below field_validation_below gfield_visibility_visible\"  ><label class='gfield_label gform-field-label' for='input_31_8'>If held as an in-person conference, please indicate whether your institution would be equipped to host a hybrid event so interested undergraduates could attend either in person or remotely.  Provide a brief description as to how you would envision this being offered from a technical point of view.<\/label><div class='ginput_container ginput_container_textarea'><textarea name='input_8' id='input_31_8' class='textarea medium'      aria-invalid=\"false\"   rows='10' cols='50'><\/textarea><\/div><\/li><li id=\"field_31_16\" class=\"gfield gfield--type-textarea gfield--input-type-textarea gfield--width-full field_sublabel_below gfield--no-description field_description_below field_validation_below gfield_visibility_visible\"  ><label class='gfield_label gform-field-label' for='input_31_16'>Other Comments:<\/label><div class='ginput_container ginput_container_textarea'><textarea name='input_16' id='input_31_16' class='textarea medium'      aria-invalid=\"false\"   rows='10' cols='50'><\/textarea><\/div><\/li><\/ul><\/div>\n        <div class='gform-footer gform_footer top_label'> <input type='submit' id='gform_submit_button_31' class='gform_button button' onclick='gform.submission.handleButtonClick(this);' data-submission-type='submit' value='Submit'  \/> \n            <input type='hidden' class='gform_hidden' name='gform_submission_method' data-js='gform_submission_method_31' value='postback' \/>\n            <input type='hidden' class='gform_hidden' name='gform_theme' data-js='gform_theme_31' id='gform_theme_31' value='legacy' \/>\n            <input type='hidden' class='gform_hidden' name='gform_style_settings' data-js='gform_style_settings_31' id='gform_style_settings_31' value='[]' \/>\n            <input type='hidden' class='gform_hidden' name='is_submit_31' value='1' \/>\n            <input type='hidden' class='gform_hidden' name='gform_submit' value='31' \/>\n            \n            <input type='hidden' class='gform_hidden' name='gform_currency' data-currency='CAD' value='voIz\/rIzAgdwHA8+kKpR+qAguPssJIxNd9TCQKTxQzOGatp0UtZJguvWxcDu2B6Z6v3B77ThEcsj0aQs9IdBOpvpucPL9LwaMjrZ0rtLn4B92G0=' \/>\n            <input type='hidden' class='gform_hidden' name='gform_unique_id' value='' \/>\n            <input type='hidden' class='gform_hidden' name='state_31' value='WyJbXSIsIjM1OTRiYWY0NGQ0OWU2Yzg4ZWQxYzI3ZWVmOGIyZWY1Il0=' \/>\n            <input type='hidden' autocomplete='off' class='gform_hidden' name='gform_target_page_number_31' id='gform_target_page_number_31' value='0' \/>\n            <input type='hidden' autocomplete='off' class='gform_hidden' name='gform_source_page_number_31' id='gform_source_page_number_31' value='1' \/>\n            <input type='hidden' name='gform_field_values' value='' \/>\n            \n        <\/div>\n                        <\/form>\n                        <\/div><script type=\"text\/javascript\">\n\/* <![CDATA[ *\/\n gform.initializeOnLoaded( function() {gformInitSpinner( 31, 'https:\/\/cap.ca\/wp-content\/plugins\/gravityforms\/images\/spinner.svg', true );jQuery('#gform_ajax_frame_31').on('load',function(){var contents = jQuery(this).contents().find('*').html();var is_postback = contents.indexOf('GF_AJAX_POSTBACK') >= 0;if(!is_postback){return;}var form_content = jQuery(this).contents().find('#gform_wrapper_31');var is_confirmation = jQuery(this).contents().find('#gform_confirmation_wrapper_31').length > 0;var is_redirect = contents.indexOf('gformRedirect(){') >= 0;var is_form = form_content.length > 0 && ! is_redirect && ! is_confirmation;var mt = parseInt(jQuery('html').css('margin-top'), 10) + parseInt(jQuery('body').css('margin-top'), 10) + 100;if(is_form){jQuery('#gform_wrapper_31').html(form_content.html());if(form_content.hasClass('gform_validation_error')){jQuery('#gform_wrapper_31').addClass('gform_validation_error');} else {jQuery('#gform_wrapper_31').removeClass('gform_validation_error');}setTimeout( function() { \/* delay the scroll by 50 milliseconds to fix a bug in chrome *\/  }, 50 );if(window['gformInitDatepicker']) {gformInitDatepicker();}if(window['gformInitPriceFields']) {gformInitPriceFields();}var current_page = jQuery('#gform_source_page_number_31').val();gformInitSpinner( 31, 'https:\/\/cap.ca\/wp-content\/plugins\/gravityforms\/images\/spinner.svg', true );jQuery(document).trigger('gform_page_loaded', [31, current_page]);window['gf_submitting_31'] = false;}else if(!is_redirect){var confirmation_content = jQuery(this).contents().find('.GF_AJAX_POSTBACK').html();if(!confirmation_content){confirmation_content = contents;}jQuery('#gform_wrapper_31').replaceWith(confirmation_content);jQuery(document).trigger('gform_confirmation_loaded', [31]);window['gf_submitting_31'] = false;wp.a11y.speak(jQuery('#gform_confirmation_message_31').text());}else{jQuery('#gform_31').append(contents);if(window['gformRedirect']) {gformRedirect();}}jQuery(document).trigger(\"gform_pre_post_render\", [{ formId: \"31\", currentPage: \"current_page\", abort: function() { this.preventDefault(); } }]);        if (event && event.defaultPrevented) {                return;        }        const gformWrapperDiv = document.getElementById( \"gform_wrapper_31\" );        if ( gformWrapperDiv ) {            const visibilitySpan = document.createElement( \"span\" );            visibilitySpan.id = \"gform_visibility_test_31\";            gformWrapperDiv.insertAdjacentElement( \"afterend\", visibilitySpan );        }        const visibilityTestDiv = document.getElementById( \"gform_visibility_test_31\" );        let postRenderFired = false;        function triggerPostRender() {            if ( postRenderFired ) {                return;            }            postRenderFired = true;            gform.core.triggerPostRenderEvents( 31, current_page );            if ( visibilityTestDiv ) {                visibilityTestDiv.parentNode.removeChild( visibilityTestDiv );            }        }        function debounce( func, wait, immediate ) {            var timeout;            return function() {                var context = this, args = arguments;                var later = function() {                    timeout = null;                    if ( !immediate ) func.apply( context, args );                };                var callNow = immediate && !timeout;                clearTimeout( timeout );                timeout = setTimeout( later, wait );                if ( callNow ) func.apply( context, args );            };        }        const debouncedTriggerPostRender = debounce( function() {            triggerPostRender();        }, 200 );        if ( visibilityTestDiv && visibilityTestDiv.offsetParent === null ) {            const observer = new MutationObserver( ( mutations ) => {                mutations.forEach( ( mutation ) => {                    if ( mutation.type === 'attributes' && visibilityTestDiv.offsetParent !== null ) {                        debouncedTriggerPostRender();                        observer.disconnect();                    }                });            });            observer.observe( document.body, {                attributes: true,                childList: false,                subtree: true,                attributeFilter: [ 'style', 'class' ],            });        } else {            triggerPostRender();        }    } );} ); \n\/* ]]> *\/\n<\/script>\n\n","protected":false},"excerpt":{"rendered":"<p>La d\u00e9claration d&#8217;int\u00e9r\u00eat (EOI) doit \u00eatre soumise avant le 15 janvier de l&#8217;ann\u00e9e pr\u00e9c\u00e9dente ; elle ne sera pas utilis\u00e9e pendant le processus d&#8217;examen des candidatures, et les \u00e9tablissements doivent tout de m\u00eame soumettre une candidature officielle compl\u00e8te avant dimanche 15 mars 2026, 23 h 59 (heure de l&#8217;Est) pour \u00eatre pris en consid\u00e9ration pour&#8230;  <a class=\"excerpt-read-more\" href=\"https:\/\/cap.ca\/fr\/congres-de-lacp\/conference-canadienne-des-etudiantes-en-physique-ccuwip\/ccuwip-eoi-form\/\" title=\"LireFormulaire en ligne de D\u00e9claration d\u2019int\u00e9r\u00eat \u00e0 la CCUWiP\">Lire la suite &raquo;<\/a><\/p>\n","protected":false},"author":11,"featured_media":0,"parent":9234,"menu_order":7,"comment_status":"closed","ping_status":"closed","template":"","meta":{"footnotes":""},"class_list":["post-10938","page","type-page","status-publish","hentry"],"_links":{"self":[{"href":"https:\/\/cap.ca\/fr\/wp-json\/wp\/v2\/pages\/10938","targetHints":{"allow":["GET"]}}],"collection":[{"href":"https:\/\/cap.ca\/fr\/wp-json\/wp\/v2\/pages"}],"about":[{"href":"https:\/\/cap.ca\/fr\/wp-json\/wp\/v2\/types\/page"}],"author":[{"embeddable":true,"href":"https:\/\/cap.ca\/fr\/wp-json\/wp\/v2\/users\/11"}],"replies":[{"embeddable":true,"href":"https:\/\/cap.ca\/fr\/wp-json\/wp\/v2\/comments?post=10938"}],"version-history":[{"count":17,"href":"https:\/\/cap.ca\/fr\/wp-json\/wp\/v2\/pages\/10938\/revisions"}],"predecessor-version":[{"id":28618,"href":"https:\/\/cap.ca\/fr\/wp-json\/wp\/v2\/pages\/10938\/revisions\/28618"}],"up":[{"embeddable":true,"href":"https:\/\/cap.ca\/fr\/wp-json\/wp\/v2\/pages\/9234"}],"wp:attachment":[{"href":"https:\/\/cap.ca\/fr\/wp-json\/wp\/v2\/media?parent=10938"}],"curies":[{"name":"wp","href":"https:\/\/api.w.org\/{rel}","templated":true}]}}