{"id":10644,"date":"2018-06-19T10:51:29","date_gmt":"2018-06-19T14:51:29","guid":{"rendered":"https:\/\/cap.ca\/?page_id=10644\/"},"modified":"2019-07-15T01:46:10","modified_gmt":"2019-07-15T05:46:10","slug":"resultats-du-concours-universitaire-2018","status":"publish","type":"page","link":"https:\/\/cap.ca\/fr\/activites\/programme-de-distinctions\/university-physics-students\/prix-lloyd-g-elliott-examen-universitaire\/anciens-examens\/resultats-du-concours-universitaire-2018\/","title":{"rendered":"R\u00e9sultats du concours universitaire 2018"},"content":{"rendered":"<p><strong>Le concours universitaire 2018 de l&#8217;ACP a eu lieu le 13 mars 2018. Cet examen fut administr\u00e9 par le D\u00e9partement de physiques \u00e0 l&#8217;Universit\u00e9 de Toronto. L&#8217;examen a \u00e9t\u00e9 compl\u00e9t\u00e9 par\u00a086 \u00e9tudiant(e)s provenant de 15 universit\u00e9s et coll\u00e8ges.<\/strong><\/p>\n<p><strong>Les 10 meilleurs r\u00e9sultats<\/strong><\/p>\n<p>Rang &#8211; Nom, Universit\u00e9<\/p>\n<p><strong>1re &#8211; Hanzhen Lin, Universit\u00e9 de Toronto (prix en argent)<br \/>\n2e &#8211; Chan Gwak, University of British Columbia (prix en argent)<br \/>\n3e &#8211; Pedram Amani, University of British Columbia (prix en argent)<\/strong><br \/>\n4e &#8211; Hiromitsu Sawaoka, Universit\u00e9 de Toronto<br \/>\n5e &#8211; Hong Zhe Chen, University of British Columbia (\u00e9galit\u00e9)<br \/>\n5e &#8211; Andrew Gomez, Universit\u00e9 de Toronto (\u00e9galit\u00e9)<br \/>\n7e &#8211; Stefan Divic, Universit\u00e9 de Toronto (\u00e9galit\u00e9)<br \/>\n7e &#8211; Matthew Ward, University of British Columbia (\u00e9galit\u00e9)<br \/>\n9e &#8211; Anqi Mu, Universit\u00e9 de Toronto<br \/>\n10e &#8211; Miles Cranmer, McGill University<\/p>\n<p><strong>L&#8217;\u00e9tudiant ayant obtenu la meilleure note par universit\u00e9<\/strong><\/p>\n<p><u>Universit\u00e9, Nom<\/u><\/p>\n<p>McGill University, Miles Cranmer<\/p>\n<p>Queen&#8217;s University, Gavin Crowder<\/p>\n<p>Trent University, Sun Zewen<\/p>\n<p>Universit\u00e9 de Montr\u00e9al, Simon Martin<\/p>\n<p>Universit\u00e9 de Sherbrooke, Olivier Bernard and Tien Nguyen<\/p>\n<p>Universit\u00e9 de Toronto, Hanzhen Lin<\/p>\n<p>Universit\u00e9 d&#8217;Ottawa, Rachel Ostic<\/p>\n<p>University of Alberta, Alexandros Pallaris<\/p>\n<p>University of British Columbia, Chan Gwak<\/p>\n<p>University of Calgary, Dante Bencivenga<\/p>\n<p>University of New Brunswick, William Woodley<\/p>\n<p>University of Saskatchewan, Yi Ren<\/p>\n<p>University of Waterloo, Matthew Winter<\/p>\n<p>University of Winnipeg, Raphael Hoult<\/p>\n","protected":false},"excerpt":{"rendered":"<p>Le concours universitaire 2018 de l&#8217;ACP a eu lieu le 13 mars 2018. Cet examen fut administr\u00e9 par le D\u00e9partement de physiques \u00e0 l&#8217;Universit\u00e9 de Toronto. L&#8217;examen a \u00e9t\u00e9 compl\u00e9t\u00e9 par\u00a086 \u00e9tudiant(e)s provenant de 15 universit\u00e9s et coll\u00e8ges. Les 10 meilleurs r\u00e9sultats Rang &#8211; Nom, Universit\u00e9 1re &#8211; Hanzhen Lin, Universit\u00e9 de Toronto (prix en&#8230;  <a class=\"excerpt-read-more\" href=\"https:\/\/cap.ca\/fr\/activites\/programme-de-distinctions\/university-physics-students\/prix-lloyd-g-elliott-examen-universitaire\/anciens-examens\/resultats-du-concours-universitaire-2018\/\" title=\"LireR\u00e9sultats du concours universitaire 2018\">Lire la suite &raquo;<\/a><\/p>\n","protected":false},"author":6,"featured_media":0,"parent":3345,"menu_order":101,"comment_status":"closed","ping_status":"closed","template":"","meta":{"footnotes":""},"class_list":["post-10644","page","type-page","status-publish","hentry"],"_links":{"self":[{"href":"https:\/\/cap.ca\/fr\/wp-json\/wp\/v2\/pages\/10644","targetHints":{"allow":["GET"]}}],"collection":[{"href":"https:\/\/cap.ca\/fr\/wp-json\/wp\/v2\/pages"}],"about":[{"href":"https:\/\/cap.ca\/fr\/wp-json\/wp\/v2\/types\/page"}],"author":[{"embeddable":true,"href":"https:\/\/cap.ca\/fr\/wp-json\/wp\/v2\/users\/6"}],"replies":[{"embeddable":true,"href":"https:\/\/cap.ca\/fr\/wp-json\/wp\/v2\/comments?post=10644"}],"version-history":[{"count":4,"href":"https:\/\/cap.ca\/fr\/wp-json\/wp\/v2\/pages\/10644\/revisions"}],"predecessor-version":[{"id":13904,"href":"https:\/\/cap.ca\/fr\/wp-json\/wp\/v2\/pages\/10644\/revisions\/13904"}],"up":[{"embeddable":true,"href":"https:\/\/cap.ca\/fr\/wp-json\/wp\/v2\/pages\/3345"}],"wp:attachment":[{"href":"https:\/\/cap.ca\/fr\/wp-json\/wp\/v2\/media?parent=10644"}],"curies":[{"name":"wp","href":"https:\/\/api.w.org\/{rel}","templated":true}]}}