{"id":10449,"date":"2018-05-25T09:14:51","date_gmt":"2018-05-25T13:14:51","guid":{"rendered":"https:\/\/cap.ca\/?page_id=10449\/"},"modified":"2018-05-25T09:56:11","modified_gmt":"2018-05-25T13:56:11","slug":"les-delegues-observant-le-ramadan","status":"publish","type":"page","link":"https:\/\/cap.ca\/fr\/congres-de-lacp\/congres-anterieurs\/congres-2018\/les-delegues-observant-le-ramadan\/","title":{"rendered":"Les d\u00e9l\u00e9gu\u00e9s observant le Ramadan"},"content":{"rendered":"<p>Le Syndicat des \u00e9tudiants de l&#8217;Universit\u00e9 Dalhousie a r\u00e9serv\u00e9 le Centre de mieux-\u00eatre dans\u00a0l\u2019Immeuble Student Union de 09h00 \u00e0 22h00 du 10 au 15 juin pour que nos d\u00e9l\u00e9gu\u00e9s puissent\u00a0l&#8217;utiliser comme salle de pri\u00e8re.\u00a0 Des tapis de yoga sont disponibles.\u00a0 Une pri\u00e8re du vendredi est offerte \u00e0 13h00 dans la salle 307 du m\u00eame immeuble.<\/p>\n","protected":false},"excerpt":{"rendered":"<p>Le Syndicat des \u00e9tudiants de l&#8217;Universit\u00e9 Dalhousie a r\u00e9serv\u00e9 le Centre de mieux-\u00eatre dans\u00a0l\u2019Immeuble Student Union de 09h00 \u00e0 22h00 du 10 au 15 juin pour que nos d\u00e9l\u00e9gu\u00e9s puissent\u00a0l&#8217;utiliser comme salle de pri\u00e8re.\u00a0 Des tapis de yoga sont disponibles.\u00a0 Une pri\u00e8re du vendredi est offerte \u00e0 13h00 dans la salle 307 du m\u00eame immeuble.<\/p>\n","protected":false},"author":9,"featured_media":0,"parent":3265,"menu_order":178,"comment_status":"closed","ping_status":"closed","template":"","meta":{"footnotes":""},"class_list":["post-10449","page","type-page","status-publish","hentry"],"_links":{"self":[{"href":"https:\/\/cap.ca\/fr\/wp-json\/wp\/v2\/pages\/10449","targetHints":{"allow":["GET"]}}],"collection":[{"href":"https:\/\/cap.ca\/fr\/wp-json\/wp\/v2\/pages"}],"about":[{"href":"https:\/\/cap.ca\/fr\/wp-json\/wp\/v2\/types\/page"}],"author":[{"embeddable":true,"href":"https:\/\/cap.ca\/fr\/wp-json\/wp\/v2\/users\/9"}],"replies":[{"embeddable":true,"href":"https:\/\/cap.ca\/fr\/wp-json\/wp\/v2\/comments?post=10449"}],"version-history":[{"count":1,"href":"https:\/\/cap.ca\/fr\/wp-json\/wp\/v2\/pages\/10449\/revisions"}],"predecessor-version":[{"id":10450,"href":"https:\/\/cap.ca\/fr\/wp-json\/wp\/v2\/pages\/10449\/revisions\/10450"}],"up":[{"embeddable":true,"href":"https:\/\/cap.ca\/fr\/wp-json\/wp\/v2\/pages\/3265"}],"wp:attachment":[{"href":"https:\/\/cap.ca\/fr\/wp-json\/wp\/v2\/media?parent=10449"}],"curies":[{"name":"wp","href":"https:\/\/api.w.org\/{rel}","templated":true}]}}