{"id":10434,"date":"2018-05-23T10:39:46","date_gmt":"2018-05-23T14:39:46","guid":{"rendered":"https:\/\/cap.ca\/?page_id=10434\/"},"modified":"2024-10-04T13:11:49","modified_gmt":"2024-10-04T17:11:49","slug":"svensson","status":"publish","type":"page","link":"https:\/\/cap.ca\/fr\/facp\/bourses\/svensson\/","title":{"rendered":"Bourse comm\u00e9morative Eric C. Svensson pour \u00e9tudiants de cycles sup\u00e9rieurs"},"content":{"rendered":"<div class=\"wpb-content-wrapper\"><h2>Description<\/h2>\n<p>La bourse d&#8217;\u00e9tudes sup\u00e9rieures comm\u00e9morative Eric Svensson, actuellement d&#8217;une valeur de 3 000 $, est attribu\u00e9e \u00e0 un membre \u00e9tudiant dipl\u00f4m\u00e9 de l&#8217;ACP qui a d\u00e9montr\u00e9 \u00e0 la fois l&#8217;excellence de la recherche et un service important \u00e0 la communaut\u00e9 de la physique (ACP). La bourse est attribu\u00e9e par la FACP les ann\u00e9es impaires ; elle a \u00e9t\u00e9 attribu\u00e9e pour la premi\u00e8re fois en 2021.<\/p>\n<p><a href=\"#Back\">Contexte<\/a><br \/>\n<a href=\"#Eval\">Crit\u00e8res d&#8217;\u00e9valuation<\/a><br \/>\n<a href=\"#Nom\">Proc\u00e9dures de candidature<\/a><br \/>\n<a href=\"#Prev\">Anciens b\u00e9n\u00e9ficiaires de bourses d&#8217;\u00e9tudes<\/a><\/p>\n<p>Toute question concernant la proc\u00e9dure de candidature doit \u00eatre envoy\u00e9e \u00e0 l&#8217;ACP, \u00e0 l&#8217;adresse suivante : programs@cap.ca.<\/p>\n<p style=\"text-align: center;\"><a href=\"https:\/\/cap.ca\/fr\/facp\/bourses\/\"><strong>Retour \u00e0 la page principale des bourses d&#8217;\u00e9tudes ACP<\/strong><\/a><\/p>\n<h2 id=\"Back\">Contexte<\/h2>\n<div id=\"attachment_10429\" style=\"width: 239px\" class=\"wp-caption alignleft\"><img loading=\"lazy\" decoding=\"async\" aria-describedby=\"caption-attachment-10429\" class=\"wp-image-10429 size-medium\" src=\"https:\/\/cap.ca\/wp-content\/uploads\/2018\/05\/Eric-Svensson-229x300.jpg\" alt=\"\" width=\"229\" height=\"300\" srcset=\"https:\/\/cap.ca\/wp-content\/uploads\/2018\/05\/Eric-Svensson-229x300.jpg 229w, https:\/\/cap.ca\/wp-content\/uploads\/2018\/05\/Eric-Svensson.jpg 725w\" sizes=\"auto, (max-width: 229px) 100vw, 229px\" \/><p id=\"caption-attachment-10429\" class=\"wp-caption-text\">Eric Carl Svensson | PhD, FRSC, FAPS, FInstPhys | August 13, 1940\u2013May 16, 2018<\/p><\/div>\n<p>La bourse comm\u00e9morative Eric Svensson a \u00e9t\u00e9 attribu\u00e9e pour la premi\u00e8re fois en 2021 par la Fondation ACP (FACP) en m\u00e9moire d&#8217;Eric Svensson, physicien canadien r\u00e9put\u00e9 pour ses travaux sur la diffusion des neutrons et ses services \u00e0 la communaut\u00e9 canadienne de la physique. La bourse, actuellement d&#8217;une valeur de 3 000 $, est attribu\u00e9e \u00e0 un membre \u00e9tudiant dipl\u00f4m\u00e9 de l&#8217;ACP qui a fait preuve d&#8217;excellence en recherche et a rendu d&#8217;importants services \u00e0 la communaut\u00e9 de la physique.<\/p>\n<p>M. Svensson, dont les exp\u00e9riences pionni\u00e8res de diffusion des neutrons aux Laboratoires de Chalk River ont d\u00e9montr\u00e9 l&#8217;existence d&#8217;un condensat de Bose-Einstein dans la phase superfluide de l&#8217;h\u00e9lium-4 liquide et mesur\u00e9 la fraction de condensat, est d\u00e9c\u00e9d\u00e9 le 16 mai 2018.<\/p>\n<p>Outre ses propres recherches, Eric \u00e9tait passionn\u00e9 par l&#8217;avancement de la physique au Canada en g\u00e9n\u00e9ral. Il a si\u00e9g\u00e9 pendant plus de 14 ans au Conseil de l&#8217;Association canadienne des physiciens et physiciennes (ACP), notamment en tant que pr\u00e9sident de la Division de la physique de la mati\u00e8re condens\u00e9e et des mat\u00e9riaux (1993), pr\u00e9sident de l&#8217;ACP (1997-98), directeur des affaires internationales (1998-2002) et pr\u00e9sident du Comit\u00e9 de la politique scientifique de l&#8217;ACP (2003-2006).<\/p>\n<p>Il a jou\u00e9 un r\u00f4le important au sein du comit\u00e9 de l&#8217;ACP charg\u00e9 d&#8217;encourager les femmes en physique pendant pr\u00e8s de 20 ans et a re\u00e7u un prix sp\u00e9cial du m\u00e9rite de l&#8217;ACP en 2003 en distinction de ses contributions exceptionnelles \u00e0 la gestion de l&#8217;association.<\/p>\n<p>&nbsp;<\/p>\n<h3>Aidez-nous \u00e0 cr\u00e9er un fonds de dotation Svensson<\/h3>\n<p>L&#8217;ACP s&#8217;associe \u00e0 la famille Svensson pour cr\u00e9er un fonds de dotation au sein de la Fondation de l&#8217;ACP*. Nous esp\u00e9rons recueillir au moins 50 000 dollars canadiens pour cr\u00e9er la bourse d&#8217;\u00e9tudes Eric Svensson Memorial Scholarship en m\u00e9moire du Dr Svensson.<\/p>\n<p>Notre objectif est de doter de fa\u00e7on permanente une bourse d&#8217;\u00e9tudes sup\u00e9rieures pour honorer l&#8217;h\u00e9ritage du Dr Svensson, aujourd&#8217;hui et pour les g\u00e9n\u00e9rations \u00e0 venir. Cette bourse c\u00e9l\u00e8bre le r\u00f4le vital que l&#8217;\u00e9ducation a jou\u00e9 dans la vie du Dr Svensson et comm\u00e9more \u00e9galement son engagement dans le travail important de l&#8217;ACP pour la profession de physicien.<\/p>\n<p>Les dons en faveur de ce fonds peuvent \u00eatre effectu\u00e9s en utilisant les liens ci-dessous. Tous les dons sont d\u00e9ductibles de l&#8217;imp\u00f4t sur le revenu au Canada.<\/p>\n<p>* (organisme de bienfaisance enregistr\u00e9 au Canada sous le num\u00e9ro 83562 7134 RR0001).<\/p>\n<h3>Faire un don<\/h3>\n<p>Remplir le formulaire de don en ligne (dons par carte de cr\u00e9dit uniquement, pas de promesses de dons)<\/p>\n<p><a class=\"green-btn\" href=\"https:\/\/forms.cap.ca\/stoicheff\" target=\"_blank\" rel=\"noopener noreferrer\">Dons en ligne<\/a><\/p>\n<p><em><strong>-Or-<\/strong><\/em><\/p>\n<p>Imprimez et remplissez le formulaire pdf<\/p>\n<p><a class=\"green-btn\" href=\"https:\/\/cap.ca\/wp-content\/uploads\/2017\/03\/stoicheff_scholarship_pledge_form.pdf\">Formulaire imprimable de don\/engagement<\/a><\/p>\n<p>&nbsp;<\/p>\n<h2 id=\"Eval\">Crit\u00e8res d&#8217;\u00e9valuation<\/h2>\n<p>Cette bourse r\u00e9compense un \u00e9tudiant dipl\u00f4m\u00e9 qui a fait preuve d&#8217;excellence en mati\u00e8re de recherche et qui a rendu d&#8217;importants services \u00e0 la communaut\u00e9 des physiciens. L&#8217;\u00e9valuation de chaque candidature sera bas\u00e9e sur la documentation soumise dans le dossier de candidature et les domaines d&#8217;int\u00e9r\u00eat comprendront, mais sans s&#8217;y limiter, les \u00e9l\u00e9ments suivants :<\/p>\n<ul class=\"content-list\">\n<li>les r\u00e9alisations et l&#8217;excellence du candidat dans les domaines de l&#8217;enseignement et de la recherche<\/li>\n<li>les services rendus par le candidat \u00e0 la communaut\u00e9 des physiciens<\/li>\n<li>la qualit\u00e9 de son plan de recherche actuel<\/li>\n<li>les distinctions, les citations et les prix, ainsi que d&#8217;autres reconnaissances de leurs progr\u00e8s<\/li>\n<\/ul>\n<h2 id=\"Nom\">Proc\u00e9dures de candidature<\/h2>\n<h3>Conditions d&#8217;\u00e9ligibilit\u00e9<\/h3>\n<p>Chaque candidat doit<\/p>\n<ul class=\"content-list\">\n<li>\u00catre un \u00e9tudiant dipl\u00f4m\u00e9 membre en r\u00e8gle de l ACP.<\/li>\n<li>\u00catre un \u00e9tudiant dipl\u00f4m\u00e9 accept\u00e9, inscrit ou inscrit \u00e0 plein temps en astronomie, g\u00e9nie \u00e9lectrique, physique m\u00e9dicale, optique, photonique ou physique. (NOTE &#8211; le candidat ne peut pas avoir d\u00e9j\u00e0 soumis sa th\u00e8se, c&#8217;est-\u00e0-dire avoir entam\u00e9 le processus de soutenance de sa th\u00e8se).<\/li>\n<li>Avoir publi\u00e9 au moins un article dans une revue \u00e0 comit\u00e9 de lecture reconnue par l&#8217;ACP (REMARQUE &#8211; le candidat ne doit pas n\u00e9cessairement figurer en tant qu&#8217;auteur principal) OU avoir fait au moins une pr\u00e9sentation lors d&#8217;une r\u00e9union scientifique reconnue par l&#8217;ACP.<\/li>\n<li>Faire preuve de service \u00e0 la communaut\u00e9, ce qui peut inclure, sans s&#8217;y limiter, le leadership dans une association \u00e9tudiante ou une autre organisation \u00e9tudiante au niveau du premier ou du deuxi\u00e8me cycle.<\/li>\n<\/ul>\n<h3>Composantes de la candidature<\/h3>\n<p>Chaque candidat doit fournir<\/p>\n<ul class=\"content-list\">\n<li>Une description des activit\u00e9s de service communautaire (r\u00e9dig\u00e9e par le candidat).<\/li>\n<li>Une d\u00e9claration expliquant le domaine de recherche (r\u00e9dig\u00e9e par le candidat).<\/li>\n<li>Un curriculum vitae (CV).<\/li>\n<li>Les derniers relev\u00e9s de notes universitaires.<\/li>\n<li>Deux lettres de recommandation. Au moins une des lettres doit \u00e9maner du directeur de recherche du candidat et comprendre une d\u00e9claration confirmant le statut du candidat en tant qu&#8217;\u00e9tudiant dipl\u00f4m\u00e9 accept\u00e9, enregistr\u00e9 ou inscrit \u00e0 temps plein, la date pr\u00e9vue de soutenance du candidat, ainsi qu&#8217;une br\u00e8ve description du programme de recherche du candidat. Au moins une r\u00e9f\u00e9rence doit parler des r\u00e9sultats acad\u00e9miques du candidat. Les deux lettres de recommandation doivent mentionner le potentiel de leadership du candidat et\/ou sa capacit\u00e9 \u00e0 apporter une contribution significative \u00e0 la physique. REMARQUE : Les lettres de recommandation doivent \u00eatre envoy\u00e9es directement au gestionnaire du programme ACP (programs@cap.ca) avant la date limite de d\u00e9p\u00f4t des candidatures.<\/li>\n<\/ul>\n<h3>Processus de candidature\/s\u00e9lection<\/h3>\n<ul class=\"content-list\">\n<li>Les candidatures sont sollicit\u00e9es et collect\u00e9es par l&#8217;ACP et ne sont valables que pour l&#8217;ann\u00e9e du concours de bourses pour laquelle elles sont soumises.<\/li>\n<li>Un comit\u00e9 de s\u00e9lection de 3 \u00e0 5 membres \u00e9tabli par l&#8217;ACP examine toutes les candidatures \u00e9ligibles et s\u00e9lectionne le laur\u00e9at.<\/li>\n<li>La bourse est remise au laur\u00e9at lors du congr\u00e8s annuel de l&#8217;ACP. Les laur\u00e9ats re\u00e7oivent un certificat et un ch\u00e8que de bourse \u00e9mis par l&#8217;ACP.<\/li>\n<\/ul>\n<p>Le processus de candidature en ligne de l&#8217;ACP est accessible en se connectant aux Services aux membres<a href=\"https:\/\/crm.cap.ca\">(https:\/\/crm.cap.ca<\/a>) et en s\u00e9lectionnant \u00ab Syst\u00e8me de distinction \u00bb sous \u00ab Services de l&#8217;ACP \u00bb.<\/p>\n<blockquote><p>Bien que le syst\u00e8me de candidature de l&#8217;ACP dispose actuellement d&#8217;une interface en anglais uniquement, les candidatures peuvent \u00eatre soumises en anglais ou en fran\u00e7ais. L&#8217;ACP s&#8217;engage \u00e0 ce que les candidatures soumises dans l&#8217;une ou l&#8217;autre des langues officielles soient trait\u00e9es de mani\u00e8re \u00e9quitable. En outre, l&#8217;ACP s&#8217;engage \u00e0 faire en sorte que les personnes charg\u00e9es d&#8217;\u00e9valuer les prix aient une compr\u00e9hension approfondie de l&#8217;impact des pr\u00e9jug\u00e9s afin d&#8217;en tenir compte lors de l&#8217;examen des candidatures.<\/p><\/blockquote>\n<h2 id=\"Prev\">Anciens b\u00e9n\u00e9ficiaires de bourses d&#8217;\u00e9tudes<\/h2>\n<p><a href=\"https:\/\/services.cap.ca\/medal\/publicity\/recipients.php?medal=17&amp;type=sc&amp;lang=en\">Cliquez ici pour consulter la liste des boursiers des ann\u00e9es pr\u00e9c\u00e9dentes.<\/a><\/p>\n<p>Toute question relative \u00e0 la bourse doit \u00eatre adress\u00e9e \u00e0 l&#8217;ACP \u00e0 l&#8217;adresse suivante <a href=\"mailto:programs@cap.ca\">: programs@cap.ca <\/a><\/p>\n<h2 style=\"text-align: center;\"><a href=\"https:\/\/cap.ca\/fr\/facp\/bourses\/\">Retour \u00e0 la page principale des bourses d&#8217;\u00e9tudes de l&#8217;ACP<\/a><\/h2>\n<p>&nbsp;<\/p>\n<p>[vc_row][vc_column][vc_single_image image=&#8221;21572&#8243; img_size=&#8221;full&#8221; onclick=&#8221;custom_link&#8221; img_link_target=&#8221;_blank&#8221; link=&#8221;http:\/\/https:\/\/cap.ca\/fr\/edi\/&#8221;][\/vc_column][\/vc_row]<\/p>\n<\/div>","protected":false},"excerpt":{"rendered":"<p>Description La bourse d&#8217;\u00e9tudes sup\u00e9rieures comm\u00e9morative Eric Svensson, actuellement d&#8217;une valeur de 3 000 $, est attribu\u00e9e \u00e0 un membre \u00e9tudiant dipl\u00f4m\u00e9 de l&#8217;ACP qui a d\u00e9montr\u00e9 \u00e0 la fois l&#8217;excellence de la recherche et un service important \u00e0 la communaut\u00e9 de la physique (ACP). La bourse est attribu\u00e9e par la FACP les ann\u00e9es impaires&#8230;  <a class=\"excerpt-read-more\" href=\"https:\/\/cap.ca\/fr\/facp\/bourses\/svensson\/\" title=\"LireBourse comm\u00e9morative Eric C. Svensson pour \u00e9tudiants de cycles sup\u00e9rieurs\">Lire la suite &raquo;<\/a><\/p>\n","protected":false},"author":9,"featured_media":0,"parent":15039,"menu_order":12,"comment_status":"closed","ping_status":"closed","template":"","meta":{"footnotes":""},"class_list":["post-10434","page","type-page","status-publish","hentry"],"_links":{"self":[{"href":"https:\/\/cap.ca\/fr\/wp-json\/wp\/v2\/pages\/10434","targetHints":{"allow":["GET"]}}],"collection":[{"href":"https:\/\/cap.ca\/fr\/wp-json\/wp\/v2\/pages"}],"about":[{"href":"https:\/\/cap.ca\/fr\/wp-json\/wp\/v2\/types\/page"}],"author":[{"embeddable":true,"href":"https:\/\/cap.ca\/fr\/wp-json\/wp\/v2\/users\/9"}],"replies":[{"embeddable":true,"href":"https:\/\/cap.ca\/fr\/wp-json\/wp\/v2\/comments?post=10434"}],"version-history":[{"count":18,"href":"https:\/\/cap.ca\/fr\/wp-json\/wp\/v2\/pages\/10434\/revisions"}],"predecessor-version":[{"id":25845,"href":"https:\/\/cap.ca\/fr\/wp-json\/wp\/v2\/pages\/10434\/revisions\/25845"}],"up":[{"embeddable":true,"href":"https:\/\/cap.ca\/fr\/wp-json\/wp\/v2\/pages\/15039"}],"wp:attachment":[{"href":"https:\/\/cap.ca\/fr\/wp-json\/wp\/v2\/media?parent=10434"}],"curies":[{"name":"wp","href":"https:\/\/api.w.org\/{rel}","templated":true}]}}