{"id":10425,"date":"2018-05-22T16:24:00","date_gmt":"2018-05-22T20:24:00","guid":{"rendered":"https:\/\/cap.ca\/?page_id=10425\/"},"modified":"2018-05-22T16:24:00","modified_gmt":"2018-05-22T20:24:00","slug":"equite-diversite-et-inclusion","status":"publish","type":"page","link":"https:\/\/cap.ca\/fr\/congres-de-lacp\/congres-anterieurs\/congres-2018\/equite-diversite-et-inclusion\/","title":{"rendered":"\u00c9quit\u00e9, diversit\u00e9 et inclusion"},"content":{"rendered":"<p>L\u2019Association canadienne des physiciens et physiciennes (ACP) a pris l\u2019engagement et s\u2019est charg\u00e9e de faire avancer l\u2019\u00e9quit\u00e9, la diversit\u00e9 et l\u2019inclusion en physique. Le Congr\u00e8s de l\u2019ACP 2018 accueille tous les d\u00e9l\u00e9gu\u00e9s et les invite tous \u00e0 participer, quels que soient leur genre, identit\u00e9\/expression sexuelles, sexe, orientation sexuelle, \u00e9tat matrimonial, situation de famille, taille du corps, race, religion, croyance, origine nationale, ascendance, \u00e2ge, affiliation politique, acquis scolaire, richesse ou \u00e9tat de sant\u00e9. Nous assumons une responsabilit\u00e9 partag\u00e9e \u00e0 cr\u00e9er et maintenir un milieu accueillant \u00e0 l\u2019avantage de tous. L\u2019ACP presse ses membres, les leaders en physique, les participants au Congr\u00e8s et les d\u00e9cideurs de prendre des mesures pour am\u00e9liorer le recrutement, la r\u00e9tention et le traitement des collectivit\u00e9s sous-repr\u00e9sent\u00e9es en physique, \u00e0 tous les niveaux d\u2019\u00e9tude et d\u2019emploi.<\/p>\n<p>Aucune forme de discrimination, de harc\u00e8lement ou d\u2019intimidation ni action, de quelque sorte que ce soit, ne sera tol\u00e9r\u00e9e, mais elles donneront lieu \u00e0 un renvoi du Congr\u00e8s de l\u2019ACP 2018, \u00e0 la notification des autorit\u00e9s comp\u00e9tentes s\u2019il y a lieu, et \u00e0 une \u00e9ventuelle interdiction des conf\u00e9rences et \u00e9v\u00e9nements futurs organis\u00e9s par l\u2019ACP. Cela comprend, sans toutefois s\u2019y limiter :<\/p>\n<p>(a) le harc\u00e8lement sexuel, tel l\u2019utilisation d\u2019images d\u2019ordre sexuel dans une allocution, une conduite sexuelle importune, un contact physique non sollicit\u00e9, les blagues \u00e0 caract\u00e8re sexuel ou sexiste et la traque furtive;<\/p>\n<p>(b) l\u2019intimidation, par exemple crier apr\u00e8s un conf\u00e9rencier ou le menacer verbalement ou physiquement;<\/p>\n<p>(c) le langage humiliant ou injurieux, y compris les blagues de mauvais go\u00fbt.<\/p>\n<p>Si vous subissez de la discrimination ou en \u00eates t\u00e9moins, \u00e0 n\u2019importe quel moment pendant le Congr\u00e8s de l\u2019ACP 2018, veuillez appeler les services des droits de la personne et de l\u2019\u00e9quit\u00e9 de Dalhousie (Human Rights &amp; Equity Services) \u00e0 902-494-6672\u00a0ou \u00e0 <a href=\"mailto:hres@dal.ca\">HRES@dal.ca<\/a>. Si vous-m\u00eame ou quelqu\u2019un d\u2019autre \u00eates en danger imm\u00e9diat, composez le 9-1-1. Si vous \u00eates sur le campus, communiquez avec les Services de s\u00e9curit\u00e9 en composant le 4109 de tout t\u00e9l\u00e9phone sur le campus, dont les t\u00e9l\u00e9phones payants. Au cellulaire, il faut composer le 902-494-4109.<\/p>\n","protected":false},"excerpt":{"rendered":"<p>L\u2019Association canadienne des physiciens et physiciennes (ACP) a pris l\u2019engagement et s\u2019est charg\u00e9e de faire avancer l\u2019\u00e9quit\u00e9, la diversit\u00e9 et l\u2019inclusion en physique. Le Congr\u00e8s de l\u2019ACP 2018 accueille tous les d\u00e9l\u00e9gu\u00e9s et les invite tous \u00e0 participer, quels que soient leur genre, identit\u00e9\/expression sexuelles, sexe, orientation sexuelle, \u00e9tat matrimonial, situation de famille, taille du&#8230;  <a class=\"excerpt-read-more\" href=\"https:\/\/cap.ca\/fr\/congres-de-lacp\/congres-anterieurs\/congres-2018\/equite-diversite-et-inclusion\/\" title=\"Lire\u00c9quit\u00e9, diversit\u00e9 et inclusion\">Lire la suite &raquo;<\/a><\/p>\n","protected":false},"author":9,"featured_media":0,"parent":3265,"menu_order":177,"comment_status":"closed","ping_status":"closed","template":"","meta":{"footnotes":""},"class_list":["post-10425","page","type-page","status-publish","hentry"],"_links":{"self":[{"href":"https:\/\/cap.ca\/fr\/wp-json\/wp\/v2\/pages\/10425","targetHints":{"allow":["GET"]}}],"collection":[{"href":"https:\/\/cap.ca\/fr\/wp-json\/wp\/v2\/pages"}],"about":[{"href":"https:\/\/cap.ca\/fr\/wp-json\/wp\/v2\/types\/page"}],"author":[{"embeddable":true,"href":"https:\/\/cap.ca\/fr\/wp-json\/wp\/v2\/users\/9"}],"replies":[{"embeddable":true,"href":"https:\/\/cap.ca\/fr\/wp-json\/wp\/v2\/comments?post=10425"}],"version-history":[{"count":1,"href":"https:\/\/cap.ca\/fr\/wp-json\/wp\/v2\/pages\/10425\/revisions"}],"predecessor-version":[{"id":10426,"href":"https:\/\/cap.ca\/fr\/wp-json\/wp\/v2\/pages\/10425\/revisions\/10426"}],"up":[{"embeddable":true,"href":"https:\/\/cap.ca\/fr\/wp-json\/wp\/v2\/pages\/3265"}],"wp:attachment":[{"href":"https:\/\/cap.ca\/fr\/wp-json\/wp\/v2\/media?parent=10425"}],"curies":[{"name":"wp","href":"https:\/\/api.w.org\/{rel}","templated":true}]}}